{"id":19545,"date":"2021-02-21T14:37:16","date_gmt":"2021-02-21T14:37:16","guid":{"rendered":"https:\/\/www.autonvaraosahaku.fi\/?product=febi-bilstein-170900-kampiakselin-tiiviste"},"modified":"2021-02-21T14:37:17","modified_gmt":"2021-02-21T14:37:17","slug":"febi-bilstein-170900-kampiakselin-tiiviste","status":"publish","type":"product","link":"https:\/\/www.autonvaraosahaku.fi\/?product=febi-bilstein-170900-kampiakselin-tiiviste","title":{"rendered":"FEBI BILSTEIN 170900 Kampiakselin tiiviste"},"content":{"rendered":"<p>Leveys (mm): 7,0; Sis\u00e4l\u00e4pimitta [mm]: 90,0; Ulkol\u00e4pimitta [mm]: 110,0; Py\u00f6rimissuunta: Py\u00f6rimissuunta vastap\u00e4iv\u00e4\u00e4n; Materiaali: PTFE (polytetrafluorietyleeni); Asennuspuoli: Vaihteiston puoli; Paino [kg]: 0,043; Huomioi huolto-ohjeet: ; Huomioi tekniset tiedot: ; LAND ROVER: RANGE ROVER EVOQUE LV,DISCOVERY SPORT LC; VOLVO: V50 MW,V70 III BW,C30,S40 II MS,C70 II Cabriolet,S80 II AS; OPEL: GRANDLAND X A18; FORD: FOCUS II Kombi DA_,MONDEO IV Turnier BA7,FOCUS II DA_,S-MAX WA6,FOCUS III Turnier,FOCUS C-MAX,GALAXY WA6,KUGA I,C-MAX DM2,FOCUS III,C-MAX II,MONDEO IV BA7,KUGA II DM2,GRAND C-MAX,FOCUS II Stufenheck DA_,FOCUS II Cabriolet,FOCUS III Stufenheck,MONDEO IV Stufenheck BA7,MONDEO V Turnier,S-MAX,MONDEO V Stufenheck,GRAND C-MAX Van,GALAXY,MONDEO V Schr\u00e4gheck,C-MAX II Van,KUGA II Van; TOYOTA: PROACE Bus MPY_,PROACE Kasten MDZ_,PROACE Pritsche\/Fahrgestell MDZ_; CITRO\u00cbN: XSARA PICASSO N68,C5 III Break TD_,C4 Picasso I UD_,C4 Grand Picasso I UA_,C8 EA_, EB_,C4 I LC_,JUMPER Kasten,C5 II Break RE_,C5 I DC_,C5 I Break DE_,C5 III RD_,XSARA N1,C4 Coupe LA_,C4 II B7,C5 II RC_,C-CROSSER EP_,XSARA Break N2,JUMPY,JUMPER Kasten 244,C6 TD_,JUMPY Kasten,C4 Grand Picasso II,C4 Picasso II,DS4,XSARA Coupe N0,JUMPER Bus,DS5,JUMPER Pritsche\/Fahrgestell,JUMPY U6U,JUMPY Kasten BS_, BT_, BY_, BZ_,C-CROSSER ENTERPRISE,JUMPER Bus 244, Z_,JUMPER Pritsche\/Fahrgestell 244,JUMPY Pritsche\/Fahrgestell BU_, BV_, BW_, BX_,XSARA Kasten,SPACETOURER,JUMPY Pritsche\/Fahrgestell,XSARA Kasten\/Schr\u00e4gheck; PEUGEOT: EXPERT Kasten,TRAVELLER; DS: DS7 Crossback; 012745, 12745, 012745, 1231923, 1313840, 1350607, 1826504, 3M5Q6701BC, 3M5Q6701BD, LR000674, LR052515, SU001A0010, MN982076, MN982439, 0012745, 012745, 12745, 3553064, 012745, 12745, 1612166G01000, 1612166G10000, SU001A0010, 0012745, 003553064, 012745, 03553064, 12745, 3553064, 30725004, 30725877, 30757228, 8653738; Akselitiiviste, Kampiakseli<\/p>\n","protected":false},"excerpt":{"rendered":"<p>FEBI BILSTEIN Kampiakselin Tiiviste 170900 Akselitiiviste, Kampiakseli LAND ROVER,VOLVO,OPEL,RANGE ROVER EVOQUE LV,DISCOVERY SPORT LC,V50 MW<\/p>\n","protected":false},"featured_media":0,"template":"","meta":{"site-sidebar-layout":"default","site-content-layout":"default","ast-global-header-display":"","ast-main-header-display":"","ast-hfb-above-header-display":"","ast-hfb-below-header-display":"","ast-hfb-mobile-header-display":"","site-post-title":"","ast-breadcrumbs-content":"","ast-featured-img":"","footer-sml-layout":"","theme-transparent-header-meta":"","adv-header-id-meta":"","stick-header-meta":"","header-above-stick-meta":"","header-main-stick-meta":"","header-below-stick-meta":""},"pwb-brand":[50],"product_cat":[88],"product_tag":[],"class_list":{"0":"post-19545","1":"product","2":"type-product","3":"status-publish","5":"pwb-brand-febi-bilstein","6":"product_cat-kampiakselin-tiiviste","7":"desktop-align-left","8":"tablet-align-left","9":"mobile-align-left","11":"first","12":"instock","13":"product-type-external"},"brands":[{"id":50,"name":"FEBI BILSTEIN","slug":"febi-bilstein"}],"_links":{"self":[{"href":"https:\/\/www.autonvaraosahaku.fi\/index.php?rest_route=\/wp\/v2\/product\/19545","targetHints":{"allow":["GET"]}}],"collection":[{"href":"https:\/\/www.autonvaraosahaku.fi\/index.php?rest_route=\/wp\/v2\/product"}],"about":[{"href":"https:\/\/www.autonvaraosahaku.fi\/index.php?rest_route=\/wp\/v2\/types\/product"}],"wp:attachment":[{"href":"https:\/\/www.autonvaraosahaku.fi\/index.php?rest_route=%2Fwp%2Fv2%2Fmedia&parent=19545"}],"wp:term":[{"taxonomy":"pwb-brand","embeddable":true,"href":"https:\/\/www.autonvaraosahaku.fi\/index.php?rest_route=%2Fwp%2Fv2%2Fpwb-brand&post=19545"},{"taxonomy":"product_cat","embeddable":true,"href":"https:\/\/www.autonvaraosahaku.fi\/index.php?rest_route=%2Fwp%2Fv2%2Fproduct_cat&post=19545"},{"taxonomy":"product_tag","embeddable":true,"href":"https:\/\/www.autonvaraosahaku.fi\/index.php?rest_route=%2Fwp%2Fv2%2Fproduct_tag&post=19545"}],"curies":[{"name":"wp","href":"https:\/\/api.w.org\/{rel}","templated":true}]}}