{"id":19552,"date":"2021-02-21T14:37:16","date_gmt":"2021-02-21T14:37:16","guid":{"rendered":"https:\/\/www.autonvaraosahaku.fi\/?product=era-555033a-egr-venttiili"},"modified":"2021-02-21T14:37:17","modified_gmt":"2021-02-21T14:37:17","slug":"era-555033a-egr-venttiili","status":"publish","type":"product","link":"https:\/\/www.autonvaraosahaku.fi\/?product=era-555033a-egr-venttiili","title":{"rendered":"ERA 555033A Egr venttiili"},"content":{"rendered":"<p>J\u00e4nnite (V): 12; Paino [kg]: 0,99; K\u00e4ytt\u00f6: S\u00e4hk\u00f6inen; Lis\u00e4tarvike\/lis\u00e4tieto: Tiivisteill\u00e4; Liittimi\u00e4: 5; RENAULT: CLIO II BB0\/1\/2_, CB0\/1\/2_,CLIO III BR0\/1, CR0\/1,KANGOO KC0\/1_,MODUS \/ GRAND MODUS F\/JP0_,MEGANE II Kombi KM0\/1_,MEGANE II BM0\/1_, CM0\/1_,KANGOO Express FC0\/1_,CLIO Grandtour KR0\/1_,MEGANE II Stufenheck LM0\/1_,CLIO II Kasten SB0\/1\/2_,CLIO III Kasten SB_, SR_,LOGAN I LS_,MEGANE II Kasten\/Kombi KM_,MEGANE II Hatchback Van KM0\/2_; NISSAN: MICRA III K12,ALMERA II Hatchback N16,ALMERA Mk II N16,KUBISTAR Kasten X80; DACIA: SANDERO,LOGAN MCV KS_,LOGAN LS_,LOGAN EXPRESS FS_,LOGAN Pick-up US_; 14710BN701, 1495600Q0M, 7700107471, 8200004883, 8200130609, 8200164563, 8200247250, 8200469586, 8200488774, 8200488774A, 8200656008; Venttiili, Pakokaasun Kierr\u00e4tys<\/p>\n","protected":false},"excerpt":{"rendered":"<p>ERA EGR Venttiili 555033A Venttiili, Pakokaasun Kierr\u00e4tys RENAULT,NISSAN,DACIA,CLIO II BB0\/1\/2_, CB0\/1\/2_,CLIO III BR0\/1, CR0\/1,KANGOO KC0\/1_<\/p>\n","protected":false},"featured_media":0,"template":"","meta":{"site-sidebar-layout":"default","site-content-layout":"default","ast-global-header-display":"","ast-main-header-display":"","ast-hfb-above-header-display":"","ast-hfb-below-header-display":"","ast-hfb-mobile-header-display":"","site-post-title":"","ast-breadcrumbs-content":"","ast-featured-img":"","footer-sml-layout":"","theme-transparent-header-meta":"","adv-header-id-meta":"","stick-header-meta":"","header-above-stick-meta":"","header-main-stick-meta":"","header-below-stick-meta":""},"pwb-brand":[64],"product_cat":[35],"product_tag":[],"class_list":{"0":"post-19552","1":"product","2":"type-product","3":"status-publish","5":"pwb-brand-era","6":"product_cat-egr-venttiili","7":"desktop-align-left","8":"tablet-align-left","9":"mobile-align-left","11":"first","12":"instock","13":"product-type-external"},"brands":[{"id":64,"name":"ERA","slug":"era"}],"_links":{"self":[{"href":"https:\/\/www.autonvaraosahaku.fi\/index.php?rest_route=\/wp\/v2\/product\/19552","targetHints":{"allow":["GET"]}}],"collection":[{"href":"https:\/\/www.autonvaraosahaku.fi\/index.php?rest_route=\/wp\/v2\/product"}],"about":[{"href":"https:\/\/www.autonvaraosahaku.fi\/index.php?rest_route=\/wp\/v2\/types\/product"}],"wp:attachment":[{"href":"https:\/\/www.autonvaraosahaku.fi\/index.php?rest_route=%2Fwp%2Fv2%2Fmedia&parent=19552"}],"wp:term":[{"taxonomy":"pwb-brand","embeddable":true,"href":"https:\/\/www.autonvaraosahaku.fi\/index.php?rest_route=%2Fwp%2Fv2%2Fpwb-brand&post=19552"},{"taxonomy":"product_cat","embeddable":true,"href":"https:\/\/www.autonvaraosahaku.fi\/index.php?rest_route=%2Fwp%2Fv2%2Fproduct_cat&post=19552"},{"taxonomy":"product_tag","embeddable":true,"href":"https:\/\/www.autonvaraosahaku.fi\/index.php?rest_route=%2Fwp%2Fv2%2Fproduct_tag&post=19552"}],"curies":[{"name":"wp","href":"https:\/\/api.w.org\/{rel}","templated":true}]}}