{"id":19558,"date":"2021-02-21T14:37:16","date_gmt":"2021-02-21T14:37:16","guid":{"rendered":"https:\/\/www.autonvaraosahaku.fi\/?product=mannol-8102-muut-luokat"},"modified":"2021-02-21T14:37:18","modified_gmt":"2021-02-21T14:37:18","slug":"mannol-8102-muut-luokat","status":"publish","type":"product","link":"https:\/\/www.autonvaraosahaku.fi\/?product=mannol-8102-muut-luokat","title":{"rendered":"MANNOL 8102 Muut luokat"},"content":{"rendered":"<p>\u00d6ljy: Mineraali\u00f6ljy; kest\u00e4\u00e4 ainetta: Vesi; Erittely: NLGI 2; K\u00e4ytt\u00f6l\u00e4mp\u00f6tila alkaen [\u00b0C]: -30; K\u00e4ytt\u00f6l\u00e4mp\u00f6tila enint\u00e4\u00e4n [\u00b0C]: +120; V\u00e4ri: Vihre\u00e4; Tuotelinja: Multipurpose Grease, MP-2; Pakkaustyyppi: patruuna; Sis\u00e4lt\u00f6 [g]: 400<\/p>\n","protected":false},"excerpt":{"rendered":"<p>MANNOL Yleisvoiteluaine 8102<\/p>\n","protected":false},"featured_media":0,"template":"","meta":{"site-sidebar-layout":"default","site-content-layout":"default","ast-global-header-display":"","ast-main-header-display":"","ast-hfb-above-header-display":"","ast-hfb-below-header-display":"","ast-hfb-mobile-header-display":"","site-post-title":"","ast-breadcrumbs-content":"","ast-featured-img":"","footer-sml-layout":"","theme-transparent-header-meta":"","adv-header-id-meta":"","stick-header-meta":"","header-above-stick-meta":"","header-main-stick-meta":"","header-below-stick-meta":""},"pwb-brand":[167],"product_cat":[37],"product_tag":[],"class_list":{"0":"post-19558","1":"product","2":"type-product","3":"status-publish","5":"pwb-brand-mannol","6":"product_cat-muut-luokat","7":"desktop-align-left","8":"tablet-align-left","9":"mobile-align-left","11":"first","12":"instock","13":"product-type-external"},"brands":[{"id":167,"name":"MANNOL","slug":"mannol"}],"_links":{"self":[{"href":"https:\/\/www.autonvaraosahaku.fi\/index.php?rest_route=\/wp\/v2\/product\/19558","targetHints":{"allow":["GET"]}}],"collection":[{"href":"https:\/\/www.autonvaraosahaku.fi\/index.php?rest_route=\/wp\/v2\/product"}],"about":[{"href":"https:\/\/www.autonvaraosahaku.fi\/index.php?rest_route=\/wp\/v2\/types\/product"}],"wp:attachment":[{"href":"https:\/\/www.autonvaraosahaku.fi\/index.php?rest_route=%2Fwp%2Fv2%2Fmedia&parent=19558"}],"wp:term":[{"taxonomy":"pwb-brand","embeddable":true,"href":"https:\/\/www.autonvaraosahaku.fi\/index.php?rest_route=%2Fwp%2Fv2%2Fpwb-brand&post=19558"},{"taxonomy":"product_cat","embeddable":true,"href":"https:\/\/www.autonvaraosahaku.fi\/index.php?rest_route=%2Fwp%2Fv2%2Fproduct_cat&post=19558"},{"taxonomy":"product_tag","embeddable":true,"href":"https:\/\/www.autonvaraosahaku.fi\/index.php?rest_route=%2Fwp%2Fv2%2Fproduct_tag&post=19558"}],"curies":[{"name":"wp","href":"https:\/\/api.w.org\/{rel}","templated":true}]}}