{"id":19628,"date":"2021-02-21T14:37:31","date_gmt":"2021-02-21T14:37:31","guid":{"rendered":"https:\/\/www.autonvaraosahaku.fi\/?product=motul-108212-moottorioljy"},"modified":"2021-02-21T14:37:33","modified_gmt":"2021-02-21T14:37:33","slug":"motul-108212-moottorioljy","status":"publish","type":"product","link":"https:\/\/www.autonvaraosahaku.fi\/?product=motul-108212-moottorioljy","title":{"rendered":"MOTUL 108212 Moottori\u00f6ljy"},"content":{"rendered":"<p>Tilavuus (litra): 1; Viskositeettiluokka SAE: 5W-30; \u00d6ljy: Synteettinen \u00f6ljy; Erittely: ILSAC GF-5, API SN, API CF; Versio: ECO-LITE; Valmistajan hyv\u00e4ksym\u00e4: dexos1 GEN 2, GM Dexos1 GEN 2; OPEL: CORSA D,ASTRA J Sports Tourer,INSIGNIA Caravan,ASTRA J,MERIVA B,ZAFIRA TOURER C P12,MOKKA,ADAM,INSIGNIA,INSIGNIA Stufenheck,ASTRA GTC J,ASTRA J Stufenheck,CASCADA W13,CORSA E,ASTRA K,ASTRA K Caravan,INSIGNIA A Country Tourer G09,CROSSLAND X,GRANDLAND X A18,INSIGNIA CC,INSIGNIA B Country Tourer Z18; TOYOTA: AVENSIS Kombi T25,COROLLA Verso ZER_, ZZE12_, R1_,AYGO WNB1_, KGB1_,RAV 4 III ACA3_, ACE_, ALA3_, GSA3_, ZSA3_,RAV 4 II CLA2_, XA2_, ZCA2_, ACA2_,COROLLA ZZE12_, NDE12_, ZDE12_,AVENSIS T25_,YARIS VERSO _NLP2_, _NCP2_,YARIS NHP13_, NSP13_, NCP13_, KSP13_, NLP13_,AURIS NZE18_, ZRE18_,COROLLA Kombi _E12J_, _E12T_,AVENSIS Stufenheck T25,AVENSIS _T22_,COROLLA Liftback _E11_,AURIS TOURING SPORTS ADE18_, ZWE18_, ZRE18_,IQ KPJ1_, NGJ1_, KGJ1_, NUJ1_,COROLLA Compact _E11_,AVENSIS Station Wagon _T22_,COROLLA Verso ZDE12_, CDE12_,PRIUS ZVW3_,GT 86 Coupe ZN6_,RAV 4 IV ZSA4_, ALA4_,PREVIA MCR3_, ACR3_, CLR3_,LAND CRUISER KDJ12_, GRJ12_,HILUX III Pick-up TGN1_, GGN2_, GGN1_, KUN2_, KUN1_,COROLLA Stufenheck _E12J_, _E12T_,AVENSIS Liftback _T22_,COROLLA _E11_,COROLLA Wagon __E11_,LAND CRUISER 150 KDJ15_, GRJ15_,HILUX VI Pick-up _N1_,HILUX V Pick-up LN_, KZN1_, VZN1_,HIACE IV Bus LH1_,LAND CRUISER VDJ20_, UZJ20_,HIACE IV Kasten LXH1_, RZH1_, LH1_,COROLLA Stufenheck NRE18_, ZRE17_, ZRE18_, ND; HYUNDAI: i10 IA,i10 Stufenheck; CITRO\u00cbN: JUMPY U6U; NISSAN: MICRA IV K13; MAZDA: CX-5 KE, GH,3 BL,5 CW,3 BM,3 Stufenheck BL,3 Stufenheck BM; KIA: CEE&#8217;D SW ED,CEE&#8217;D Schr\u00e4gheck ED,PRO CEE&#8217;D ED; MITSUBISHI: COLT VI Z3_A, Z2_A,SPACE STAR DG_A,ASX GA_W_,OUTLANDER XL II CW_W,CARISMA DA_,OUTLANDER III GG_W, GF_W, ZJ,GRANDIS NA_W,MIRAGE Schr\u00e4gheck,COLT V CJ_, CP_,OUTLANDER I CU_W,LANCER Kombi CS_W,LANCER SPORTBACK CX_A,PAJERO PININ H6_W, H7_W,COLT CZC Cabriolet RG,LANCER Stufenheck CY\/Z_A,CARISMA Stufenheck DA_,PAJERO III V7_W, V6_W,GALANT VI Station Wagon EA_,GALANT VI EA_,PAJERO IV V8_W, V9_W,SPACE WAGON N9_W, N8_W,L 200 K7_T, K6_T,PAJERO II V3_W, V2_W, V4_W,LANCER Stufenheck CS_A, CT0,L 300 Bus P0_W, P1_W, P2_W,PAJERO SPORT K90,COLT IV CA_A,ECLIPSE II D3_A,ECLIPSE I D2_A,SPACE RUNNER N6_W,SPACE RUNNER N1_W, N2_W,L 400 \/ SPACE GEAR Bus PD_W, PC_W, PA_V, PB_V,COLT III C5_A,GALLOPER JK-01,LANCER VI CJ-CP_,3000 GT Z16A,SIGMA F2_A, F1_A,LANCER V Station Wagon CB_W, CD_W,LANCER V CB\/D_A,SPACE WAGON N3_W, N4_W,LANCER IV C6_A, C7_A,L 300 Kasten P0_W, P1_W,GALANT V Stufenheck E5_A, E7_A, E8_A,SIGMA Station Wagon F0_W,GALANT V E5_A, E7_A, E8_A,PAJERO II Canvas Top V2_W, V4_W,LA; SUZUKI: SX4 S-Cross,IGNIS MF,SWIFT V AZ,BALENO FW, EW; DAIHATSU: CHARADE<\/p>\n","protected":false},"excerpt":{"rendered":"<p>MOTUL Moottori\u00f6ljy 108212<\/p>\n","protected":false},"featured_media":0,"template":"","meta":{"site-sidebar-layout":"default","site-content-layout":"default","ast-global-header-display":"","ast-main-header-display":"","ast-hfb-above-header-display":"","ast-hfb-below-header-display":"","ast-hfb-mobile-header-display":"","site-post-title":"","ast-breadcrumbs-content":"","ast-featured-img":"","footer-sml-layout":"","theme-transparent-header-meta":"","adv-header-id-meta":"","stick-header-meta":"","header-above-stick-meta":"","header-main-stick-meta":"","header-below-stick-meta":""},"pwb-brand":[140],"product_cat":[129],"product_tag":[],"class_list":{"0":"post-19628","1":"product","2":"type-product","3":"status-publish","5":"pwb-brand-motul","6":"product_cat-moottorioljy","7":"desktop-align-left","8":"tablet-align-left","9":"mobile-align-left","11":"first","12":"instock","13":"product-type-external"},"brands":[{"id":140,"name":"MOTUL","slug":"motul"}],"_links":{"self":[{"href":"https:\/\/www.autonvaraosahaku.fi\/index.php?rest_route=\/wp\/v2\/product\/19628","targetHints":{"allow":["GET"]}}],"collection":[{"href":"https:\/\/www.autonvaraosahaku.fi\/index.php?rest_route=\/wp\/v2\/product"}],"about":[{"href":"https:\/\/www.autonvaraosahaku.fi\/index.php?rest_route=\/wp\/v2\/types\/product"}],"wp:attachment":[{"href":"https:\/\/www.autonvaraosahaku.fi\/index.php?rest_route=%2Fwp%2Fv2%2Fmedia&parent=19628"}],"wp:term":[{"taxonomy":"pwb-brand","embeddable":true,"href":"https:\/\/www.autonvaraosahaku.fi\/index.php?rest_route=%2Fwp%2Fv2%2Fpwb-brand&post=19628"},{"taxonomy":"product_cat","embeddable":true,"href":"https:\/\/www.autonvaraosahaku.fi\/index.php?rest_route=%2Fwp%2Fv2%2Fproduct_cat&post=19628"},{"taxonomy":"product_tag","embeddable":true,"href":"https:\/\/www.autonvaraosahaku.fi\/index.php?rest_route=%2Fwp%2Fv2%2Fproduct_tag&post=19628"}],"curies":[{"name":"wp","href":"https:\/\/api.w.org\/{rel}","templated":true}]}}