{"id":19632,"date":"2021-02-21T14:37:31","date_gmt":"2021-02-21T14:37:31","guid":{"rendered":"https:\/\/www.autonvaraosahaku.fi\/?product=topran-116-530-muut-luokat"},"modified":"2021-02-21T14:37:34","modified_gmt":"2021-02-21T14:37:34","slug":"topran-116-530-muut-luokat","status":"publish","type":"product","link":"https:\/\/www.autonvaraosahaku.fi\/?product=topran-116-530-muut-luokat","title":{"rendered":"TOPRAN 116 530 Muut luokat"},"content":{"rendered":"<p>K\u00e4ytt\u00f6: S\u00e4hk\u00f6inen; Venttiilimalli: Magneettiventtiili, Ilmanpoistoventtiili; Materiaali: Lasikuitu-muovi, Polyamidi 6.6; Napojen m\u00e4\u00e4r\u00e4: 2; Pistokkeen kotelon muoto: Soikea; Valmistusp\u00e4iv\u00e4m\u00e4\u00e4r\u00e4st\u00e4: 11.11.2010; VW: GOLF V 1K1,GOLF VI 5K1,PASSAT Variant 3C5,PASSAT 3C2,TIGUAN 5N_,PASSAT Variant 365,GOLF VI Variant AJ5,EOS 1F7, 1F8,SCIROCCO 137, 138,PASSAT CC 357,SHARAN 7N1, 7N2,PASSAT 362,AMAROK 2H_, S1B,CC 358,BEETLE 5C1; AUDI: A4 Avant 8K5, B8,A3 8P1,A3 Sportback 8PA,A4 8K2, B8,Q5 8R,A6 Avant 4G5, C7, 4GD,A5 8T3,A5 Sportback 8TA,TT 8J3,Q3 8U,A6 4G2, C7, 4GC,TT Roadster 8J9,A5 Sportback F5A,A5 F53; SKODA: OCTAVIA Combi 1Z5,YETI 5L,SUPERB Kombi 3T5,OCTAVIA 1Z3,SUPERB 3T4; SEAT: LEON 1P1,ALTEA 5P1,ALTEA XL 5P5, 5P8,EXEO ST 3R5,ALHAMBRA 710, 711,EXEO 3R2; 06H133781CB, 06H133781CC, 06H133781CK, 06H906517AA, 06H906517B, 06H906517H, 06J133781AN, 06J133781AS, 06J133781BC, 06J133781BT, 06J133781CA, 06J133781CE, 06K133529A, 06H133781CB, 06H133781CC, 06H133781CK, 06H906517AA, 06H906517B, 06H906517H, 06J133781AN, 06J133781AS, 06J133781BC, 06J133781BT, 06J133781CA, 06J133781CE, 06K133529A, 06H133781CB, 06H133781CC, 06H133781CK, 06H906517AA, 06H906517B, 06H906517H, 06J133781AN, 06J133781AS, 06J133781BC, 06J133781BT, 06J133781CA, 06J133781CE, 06K133529A, 06H133781CB, 06H133781CC, 06H133781CK, 06H906517AA, 06H906517B, 06H906517H, 06J133781AN, 06J133781AS, 06J133781BC, 06J133781BT, 06J133781CA, 06J133781CE, 06K133529A<\/p>\n","protected":false},"excerpt":{"rendered":"<p>TOPRAN Huohotinventtiili, Polttoainetankki 116 530  VW,AUDI,SKODA,GOLF V 1K1,GOLF VI 5K1,PASSAT Variant 3C5,PASSAT 3C2,TIGUAN 5N_,PASSAT Variant 365<\/p>\n","protected":false},"featured_media":0,"template":"","meta":{"site-sidebar-layout":"default","site-content-layout":"default","ast-global-header-display":"","ast-main-header-display":"","ast-hfb-above-header-display":"","ast-hfb-below-header-display":"","ast-hfb-mobile-header-display":"","site-post-title":"","ast-breadcrumbs-content":"","ast-featured-img":"","footer-sml-layout":"","theme-transparent-header-meta":"","adv-header-id-meta":"","stick-header-meta":"","header-above-stick-meta":"","header-main-stick-meta":"","header-below-stick-meta":""},"pwb-brand":[18],"product_cat":[37],"product_tag":[],"class_list":{"0":"post-19632","1":"product","2":"type-product","3":"status-publish","5":"pwb-brand-topran","6":"product_cat-muut-luokat","7":"desktop-align-left","8":"tablet-align-left","9":"mobile-align-left","11":"first","12":"instock","13":"product-type-external"},"brands":[{"id":18,"name":"TOPRAN","slug":"topran"}],"_links":{"self":[{"href":"https:\/\/www.autonvaraosahaku.fi\/index.php?rest_route=\/wp\/v2\/product\/19632","targetHints":{"allow":["GET"]}}],"collection":[{"href":"https:\/\/www.autonvaraosahaku.fi\/index.php?rest_route=\/wp\/v2\/product"}],"about":[{"href":"https:\/\/www.autonvaraosahaku.fi\/index.php?rest_route=\/wp\/v2\/types\/product"}],"wp:attachment":[{"href":"https:\/\/www.autonvaraosahaku.fi\/index.php?rest_route=%2Fwp%2Fv2%2Fmedia&parent=19632"}],"wp:term":[{"taxonomy":"pwb-brand","embeddable":true,"href":"https:\/\/www.autonvaraosahaku.fi\/index.php?rest_route=%2Fwp%2Fv2%2Fpwb-brand&post=19632"},{"taxonomy":"product_cat","embeddable":true,"href":"https:\/\/www.autonvaraosahaku.fi\/index.php?rest_route=%2Fwp%2Fv2%2Fproduct_cat&post=19632"},{"taxonomy":"product_tag","embeddable":true,"href":"https:\/\/www.autonvaraosahaku.fi\/index.php?rest_route=%2Fwp%2Fv2%2Fproduct_tag&post=19632"}],"curies":[{"name":"wp","href":"https:\/\/api.w.org\/{rel}","templated":true}]}}