{"id":19633,"date":"2021-02-21T14:37:31","date_gmt":"2021-02-21T14:37:31","guid":{"rendered":"https:\/\/www.autonvaraosahaku.fi\/?product=denso-dcrs301990-muut-luokat"},"modified":"2021-02-21T14:37:34","modified_gmt":"2021-02-21T14:37:34","slug":"denso-dcrs301990-muut-luokat","status":"publish","type":"product","link":"https:\/\/www.autonvaraosahaku.fi\/?product=denso-dcrs301990-muut-luokat","title":{"rendered":"DENSO DCRS301990 Muut luokat"},"content":{"rendered":"<p>Valmistaja rajaus: GM; Paino [g]: 250, 275; Moottorinumero: A 17 DTC; CHEVROLET: CRUZE J300,CRUZE Station Wagon J308,CRUZE Schr\u00e4gheck J305,TRAX; OPEL: CORSA D,ASTRA J Sports Tourer,ASTRA J,MERIVA B,MOKKA,ASTRA GTC J,ASTRA J Stufenheck; VAUXHALL: CORSA Mk III D L_8,ASTRA Mk VI J CC,ASTRA Mk VI J,MERIVA Mk II B,ASTRA Mk VI J Sedan,ASTRA Mk VI J Estate,MOKKA; 819153, 819172, 55495697, 55582725; Paineens\u00e4\u00e4t\u00f6venttiili, Common-Rail-J\u00e4rjestelm\u00e4<\/p>\n","protected":false},"excerpt":{"rendered":"<p>DENSO Polttoaineen Paineens\u00e4\u00e4din DCRS301990 Paineens\u00e4\u00e4t\u00f6venttiili, Common-Rail-J\u00e4rjestelm\u00e4 CHEVROLET,OPEL,VAUXHALL,CRUZE J300,CRUZE Station Wagon J308<\/p>\n","protected":false},"featured_media":0,"template":"","meta":{"site-sidebar-layout":"default","site-content-layout":"default","ast-global-header-display":"","ast-main-header-display":"","ast-hfb-above-header-display":"","ast-hfb-below-header-display":"","ast-hfb-mobile-header-display":"","site-post-title":"","ast-breadcrumbs-content":"","ast-featured-img":"","footer-sml-layout":"","theme-transparent-header-meta":"","adv-header-id-meta":"","stick-header-meta":"","header-above-stick-meta":"","header-main-stick-meta":"","header-below-stick-meta":""},"pwb-brand":[278],"product_cat":[37],"product_tag":[],"class_list":{"0":"post-19633","1":"product","2":"type-product","3":"status-publish","5":"pwb-brand-denso","6":"product_cat-muut-luokat","7":"desktop-align-left","8":"tablet-align-left","9":"mobile-align-left","11":"first","12":"instock","13":"product-type-external"},"brands":[{"id":278,"name":"DENSO","slug":"denso"}],"_links":{"self":[{"href":"https:\/\/www.autonvaraosahaku.fi\/index.php?rest_route=\/wp\/v2\/product\/19633","targetHints":{"allow":["GET"]}}],"collection":[{"href":"https:\/\/www.autonvaraosahaku.fi\/index.php?rest_route=\/wp\/v2\/product"}],"about":[{"href":"https:\/\/www.autonvaraosahaku.fi\/index.php?rest_route=\/wp\/v2\/types\/product"}],"wp:attachment":[{"href":"https:\/\/www.autonvaraosahaku.fi\/index.php?rest_route=%2Fwp%2Fv2%2Fmedia&parent=19633"}],"wp:term":[{"taxonomy":"pwb-brand","embeddable":true,"href":"https:\/\/www.autonvaraosahaku.fi\/index.php?rest_route=%2Fwp%2Fv2%2Fpwb-brand&post=19633"},{"taxonomy":"product_cat","embeddable":true,"href":"https:\/\/www.autonvaraosahaku.fi\/index.php?rest_route=%2Fwp%2Fv2%2Fproduct_cat&post=19633"},{"taxonomy":"product_tag","embeddable":true,"href":"https:\/\/www.autonvaraosahaku.fi\/index.php?rest_route=%2Fwp%2Fv2%2Fproduct_tag&post=19633"}],"curies":[{"name":"wp","href":"https:\/\/api.w.org\/{rel}","templated":true}]}}