{"id":19634,"date":"2021-02-21T14:37:31","date_gmt":"2021-02-21T14:37:31","guid":{"rendered":"https:\/\/www.autonvaraosahaku.fi\/?product=mahle-original-hx-160kit-automaattivaihteiston-suodatin"},"modified":"2021-02-21T14:37:34","modified_gmt":"2021-02-21T14:37:34","slug":"mahle-original-hx-160kit-automaattivaihteiston-suodatin","status":"publish","type":"product","link":"https:\/\/www.autonvaraosahaku.fi\/?product=mahle-original-hx-160kit-automaattivaihteiston-suodatin","title":{"rendered":"MAHLE ORIGINAL HX 160KIT Automaattivaihteiston suodatin"},"content":{"rendered":"<p>Vaihteistomalli: Automaattivaihteisto, Getriebeautomatik 6 Gang; Suodatintyyppi: Suodatinpanos; Korkeus (mm): 70,96; Kokonaispituus (mm): 272,5; Leveys (mm): 179,65; Lis\u00e4tarvike\/lis\u00e4tieto: Tiivisteill\u00e4; Tiivistetyyppi: Komposiitti-tiiviste; Reikien m\u00e4\u00e4r\u00e4: 16, 16; VW: TOUAREG 7LA, 7L6, 7L7; AUDI: Q7 4L; PORSCHE: CAYENNE 955; 09D325429, 09D325435, 09D325429, 09D325435, 95530740300, 95530740301, 09D325429, 09D325435<\/p>\n","protected":false},"excerpt":{"rendered":"<p>MAHLE ORIGINAL Hydrauliikkasuodatin, Automaattivaihteisto HX 160KIT  VW,AUDI,PORSCHE,TOUAREG 7LA, 7L6, 7L7,Q7 4L,CAYENNE 955<\/p>\n","protected":false},"featured_media":0,"template":"","meta":{"site-sidebar-layout":"default","site-content-layout":"default","ast-global-header-display":"","ast-main-header-display":"","ast-hfb-above-header-display":"","ast-hfb-below-header-display":"","ast-hfb-mobile-header-display":"","site-post-title":"","ast-breadcrumbs-content":"","ast-featured-img":"","footer-sml-layout":"","theme-transparent-header-meta":"","adv-header-id-meta":"","stick-header-meta":"","header-above-stick-meta":"","header-main-stick-meta":"","header-below-stick-meta":""},"pwb-brand":[153],"product_cat":[141],"product_tag":[],"class_list":{"0":"post-19634","1":"product","2":"type-product","3":"status-publish","5":"pwb-brand-mahle-original","6":"product_cat-automaattivaihteiston-suodatin","7":"desktop-align-left","8":"tablet-align-left","9":"mobile-align-left","11":"first","12":"instock","13":"product-type-external"},"brands":[{"id":153,"name":"MAHLE ORIGINAL","slug":"mahle-original"}],"_links":{"self":[{"href":"https:\/\/www.autonvaraosahaku.fi\/index.php?rest_route=\/wp\/v2\/product\/19634","targetHints":{"allow":["GET"]}}],"collection":[{"href":"https:\/\/www.autonvaraosahaku.fi\/index.php?rest_route=\/wp\/v2\/product"}],"about":[{"href":"https:\/\/www.autonvaraosahaku.fi\/index.php?rest_route=\/wp\/v2\/types\/product"}],"wp:attachment":[{"href":"https:\/\/www.autonvaraosahaku.fi\/index.php?rest_route=%2Fwp%2Fv2%2Fmedia&parent=19634"}],"wp:term":[{"taxonomy":"pwb-brand","embeddable":true,"href":"https:\/\/www.autonvaraosahaku.fi\/index.php?rest_route=%2Fwp%2Fv2%2Fpwb-brand&post=19634"},{"taxonomy":"product_cat","embeddable":true,"href":"https:\/\/www.autonvaraosahaku.fi\/index.php?rest_route=%2Fwp%2Fv2%2Fproduct_cat&post=19634"},{"taxonomy":"product_tag","embeddable":true,"href":"https:\/\/www.autonvaraosahaku.fi\/index.php?rest_route=%2Fwp%2Fv2%2Fproduct_tag&post=19634"}],"curies":[{"name":"wp","href":"https:\/\/api.w.org\/{rel}","templated":true}]}}