{"id":19656,"date":"2021-02-21T14:37:36","date_gmt":"2021-02-21T14:37:36","guid":{"rendered":"https:\/\/www.autonvaraosahaku.fi\/?product=era-555060a-egr-venttiili"},"modified":"2021-02-21T14:37:38","modified_gmt":"2021-02-21T14:37:38","slug":"era-555060a-egr-venttiili","status":"publish","type":"product","link":"https:\/\/www.autonvaraosahaku.fi\/?product=era-555060a-egr-venttiili","title":{"rendered":"ERA 555060A Egr venttiili"},"content":{"rendered":"<p>Paino [kg]: 0,53; K\u00e4ytt\u00f6: Pneumaattinen; Lis\u00e4tarvike\/lis\u00e4tieto: Tiivisteill\u00e4; VW: GOLF IV 1J1,GOLF V 1K1,POLO 9N_,TOURAN 1T1, 1T2,PASSAT Variant 3C5,GOLF PLUS 5M1, 521,LUPO 6X1, 6E1,PASSAT 3C2,GOLF IV Variant 1J5,BORA 1J2,NEW BEETLE 9C1, 1C1,BORA Kombi 1J6,JETTA III 1K2; AUDI: A3 8P1,A3 8L1,A3 Sportback 8PA; SKODA: OCTAVIA Combi 1Z5,SUPERB Kombi 3T5,OCTAVIA 1Z3,SUPERB 3T4,FABIA Praktik; SEAT: LEON 1P1,ALTEA 5P1,TOLEDO III 5P2; MITSUBISHI: GRANDIS NA_W; JEEP: COMPASS MK49,PATRIOT MK74; CHRYSLER: SEBRING JS,SEBRING Cabriolet JS; DODGE: CALIBER,AVENGER; 68001558AB, MN980163, MN980325, 038129637D, 038131501AF, 038131501AN, 038131501S; Venttiili, Pakokaasun Kierr\u00e4tys<\/p>\n","protected":false},"excerpt":{"rendered":"<p>ERA EGR Venttiili 555060A Venttiili, Pakokaasun Kierr\u00e4tys VW,AUDI,SKODA,GOLF IV 1J1,GOLF V 1K1,POLO 9N_,TOURAN 1T1, 1T2,PASSAT Variant 3C5<\/p>\n","protected":false},"featured_media":0,"template":"","meta":{"site-sidebar-layout":"default","site-content-layout":"default","ast-global-header-display":"","ast-main-header-display":"","ast-hfb-above-header-display":"","ast-hfb-below-header-display":"","ast-hfb-mobile-header-display":"","site-post-title":"","ast-breadcrumbs-content":"","ast-featured-img":"","footer-sml-layout":"","theme-transparent-header-meta":"","adv-header-id-meta":"","stick-header-meta":"","header-above-stick-meta":"","header-main-stick-meta":"","header-below-stick-meta":""},"pwb-brand":[64],"product_cat":[35],"product_tag":[],"class_list":{"0":"post-19656","1":"product","2":"type-product","3":"status-publish","5":"pwb-brand-era","6":"product_cat-egr-venttiili","7":"desktop-align-left","8":"tablet-align-left","9":"mobile-align-left","11":"first","12":"instock","13":"product-type-external"},"brands":[{"id":64,"name":"ERA","slug":"era"}],"_links":{"self":[{"href":"https:\/\/www.autonvaraosahaku.fi\/index.php?rest_route=\/wp\/v2\/product\/19656","targetHints":{"allow":["GET"]}}],"collection":[{"href":"https:\/\/www.autonvaraosahaku.fi\/index.php?rest_route=\/wp\/v2\/product"}],"about":[{"href":"https:\/\/www.autonvaraosahaku.fi\/index.php?rest_route=\/wp\/v2\/types\/product"}],"wp:attachment":[{"href":"https:\/\/www.autonvaraosahaku.fi\/index.php?rest_route=%2Fwp%2Fv2%2Fmedia&parent=19656"}],"wp:term":[{"taxonomy":"pwb-brand","embeddable":true,"href":"https:\/\/www.autonvaraosahaku.fi\/index.php?rest_route=%2Fwp%2Fv2%2Fpwb-brand&post=19656"},{"taxonomy":"product_cat","embeddable":true,"href":"https:\/\/www.autonvaraosahaku.fi\/index.php?rest_route=%2Fwp%2Fv2%2Fproduct_cat&post=19656"},{"taxonomy":"product_tag","embeddable":true,"href":"https:\/\/www.autonvaraosahaku.fi\/index.php?rest_route=%2Fwp%2Fv2%2Fproduct_tag&post=19656"}],"curies":[{"name":"wp","href":"https:\/\/api.w.org\/{rel}","templated":true}]}}