{"id":19668,"date":"2021-02-21T14:37:40","date_gmt":"2021-02-21T14:37:40","guid":{"rendered":"https:\/\/www.autonvaraosahaku.fi\/?product=ridex-13d0153-vetoakseli"},"modified":"2021-02-21T14:37:41","modified_gmt":"2021-02-21T14:37:41","slug":"ridex-13d0153-vetoakseli","status":"publish","type":"product","link":"https:\/\/www.autonvaraosahaku.fi\/?product=ridex-13d0153-vetoakseli","title":{"rendered":"RIDEX 13D0153 Vetoakseli"},"content":{"rendered":"<p>Pituus (mm): 801.4; Kierremitta: M20x1.5; Ulkohammastus, py\u00f6r\u00e4npuoli: 21; Ulkohammastus tasauspy\u00f6r\u00e4st\u00f6puoli: 22; Tiivisteen l\u00e4pimitta [mm]: 50; Pituus 2 (mm): 73.8; Nivelen l\u00e4pimitta py\u00f6r\u00e4puoli [mm]: 75.4; Nivelen l\u00e4pimitta vaihteistopuoli [mm]: 69; Asennuspuoli: Vorderachse rechts; CITRO\u00cbN: AX ZA-_; PEUGEOT: 106 I 1A, 1C; 32735J, 327368, 3273C8<\/p>\n","protected":false},"excerpt":{"rendered":"<p>RIDEX Vetoakseli 13D0153  CITRO\u00cbN,PEUGEOT,AX ZA-_,106 I 1A, 1C<\/p>\n","protected":false},"featured_media":0,"template":"","meta":{"site-sidebar-layout":"default","site-content-layout":"default","ast-global-header-display":"","ast-main-header-display":"","ast-hfb-above-header-display":"","ast-hfb-below-header-display":"","ast-hfb-mobile-header-display":"","site-post-title":"","ast-breadcrumbs-content":"","ast-featured-img":"","footer-sml-layout":"","theme-transparent-header-meta":"","adv-header-id-meta":"","stick-header-meta":"","header-above-stick-meta":"","header-main-stick-meta":"","header-below-stick-meta":""},"pwb-brand":[157],"product_cat":[215],"product_tag":[],"class_list":{"0":"post-19668","1":"product","2":"type-product","3":"status-publish","5":"pwb-brand-ridex","6":"product_cat-vetoakseli","7":"desktop-align-left","8":"tablet-align-left","9":"mobile-align-left","11":"first","12":"instock","13":"product-type-external"},"brands":[{"id":157,"name":"RIDEX","slug":"ridex"}],"_links":{"self":[{"href":"https:\/\/www.autonvaraosahaku.fi\/index.php?rest_route=\/wp\/v2\/product\/19668","targetHints":{"allow":["GET"]}}],"collection":[{"href":"https:\/\/www.autonvaraosahaku.fi\/index.php?rest_route=\/wp\/v2\/product"}],"about":[{"href":"https:\/\/www.autonvaraosahaku.fi\/index.php?rest_route=\/wp\/v2\/types\/product"}],"wp:attachment":[{"href":"https:\/\/www.autonvaraosahaku.fi\/index.php?rest_route=%2Fwp%2Fv2%2Fmedia&parent=19668"}],"wp:term":[{"taxonomy":"pwb-brand","embeddable":true,"href":"https:\/\/www.autonvaraosahaku.fi\/index.php?rest_route=%2Fwp%2Fv2%2Fpwb-brand&post=19668"},{"taxonomy":"product_cat","embeddable":true,"href":"https:\/\/www.autonvaraosahaku.fi\/index.php?rest_route=%2Fwp%2Fv2%2Fproduct_cat&post=19668"},{"taxonomy":"product_tag","embeddable":true,"href":"https:\/\/www.autonvaraosahaku.fi\/index.php?rest_route=%2Fwp%2Fv2%2Fproduct_tag&post=19668"}],"curies":[{"name":"wp","href":"https:\/\/api.w.org\/{rel}","templated":true}]}}