{"id":19707,"date":"2021-02-21T14:37:48","date_gmt":"2021-02-21T14:37:48","guid":{"rendered":"https:\/\/www.autonvaraosahaku.fi\/?product=ridex-542r0018-moniurahihna"},"modified":"2021-02-21T14:37:49","modified_gmt":"2021-02-21T14:37:49","slug":"ridex-542r0018-moniurahihna","status":"publish","type":"product","link":"https:\/\/www.autonvaraosahaku.fi\/?product=ridex-542r0018-moniurahihna","title":{"rendered":"RIDEX 542R0018 Moniurahihna"},"content":{"rendered":"<p>Kemialliset ominaisuudet: Elastinen; Paino [kg]: 0,163; Tarvittava kappalem\u00e4\u00e4r\u00e4: 1; Pituus (mm): 1019, 690; Leveys (mm): 21,36, 17,8; kiiloja: 6, 5; Apulaitteet: angetr. Agg.: Generator; FORD: FIESTA V JH_, JD_,FIESTA VI,FIESTA IV JA_, JB_,FUSION JU_,FIESTA Stufenheck JAS JBS,FIESTA VI Van; 1148907, 1253583, 1365336, 1829195, 2S6E6D314AA, 2S6E6D314AB, 2S6E6D314AC, 2S6E6D314AD<\/p>\n","protected":false},"excerpt":{"rendered":"<p>RIDEX Moniurahihnasarja 542R0018  FORD,FIESTA V JH_, JD_,FIESTA VI,FIESTA IV JA_, JB_,FUSION JU_,FIESTA Stufenheck JAS JBS,FIESTA VI Van<\/p>\n","protected":false},"featured_media":0,"template":"","meta":{"site-sidebar-layout":"default","site-content-layout":"default","ast-global-header-display":"","ast-main-header-display":"","ast-hfb-above-header-display":"","ast-hfb-below-header-display":"","ast-hfb-mobile-header-display":"","site-post-title":"","ast-breadcrumbs-content":"","ast-featured-img":"","footer-sml-layout":"","theme-transparent-header-meta":"","adv-header-id-meta":"","stick-header-meta":"","header-above-stick-meta":"","header-main-stick-meta":"","header-below-stick-meta":""},"pwb-brand":[157],"product_cat":[23],"product_tag":[],"class_list":{"0":"post-19707","1":"product","2":"type-product","3":"status-publish","5":"pwb-brand-ridex","6":"product_cat-moniurahihna","7":"desktop-align-left","8":"tablet-align-left","9":"mobile-align-left","11":"first","12":"instock","13":"product-type-external"},"brands":[{"id":157,"name":"RIDEX","slug":"ridex"}],"_links":{"self":[{"href":"https:\/\/www.autonvaraosahaku.fi\/index.php?rest_route=\/wp\/v2\/product\/19707","targetHints":{"allow":["GET"]}}],"collection":[{"href":"https:\/\/www.autonvaraosahaku.fi\/index.php?rest_route=\/wp\/v2\/product"}],"about":[{"href":"https:\/\/www.autonvaraosahaku.fi\/index.php?rest_route=\/wp\/v2\/types\/product"}],"wp:attachment":[{"href":"https:\/\/www.autonvaraosahaku.fi\/index.php?rest_route=%2Fwp%2Fv2%2Fmedia&parent=19707"}],"wp:term":[{"taxonomy":"pwb-brand","embeddable":true,"href":"https:\/\/www.autonvaraosahaku.fi\/index.php?rest_route=%2Fwp%2Fv2%2Fpwb-brand&post=19707"},{"taxonomy":"product_cat","embeddable":true,"href":"https:\/\/www.autonvaraosahaku.fi\/index.php?rest_route=%2Fwp%2Fv2%2Fproduct_cat&post=19707"},{"taxonomy":"product_tag","embeddable":true,"href":"https:\/\/www.autonvaraosahaku.fi\/index.php?rest_route=%2Fwp%2Fv2%2Fproduct_tag&post=19707"}],"curies":[{"name":"wp","href":"https:\/\/api.w.org\/{rel}","templated":true}]}}