{"id":19803,"date":"2021-02-21T14:38:09","date_gmt":"2021-02-21T14:38:09","guid":{"rendered":"https:\/\/www.autonvaraosahaku.fi\/?product=esen-skv-37skv604-muut-luokat"},"modified":"2021-02-21T14:38:09","modified_gmt":"2021-02-21T14:38:09","slug":"esen-skv-37skv604-muut-luokat","status":"publish","type":"product","link":"https:\/\/www.autonvaraosahaku.fi\/?product=esen-skv-37skv604-muut-luokat","title":{"rendered":"ESEN SKV 37SKV604 Muut luokat"},"content":{"rendered":"<p>J\u00e4nnite (V): 12; Paino [kg]: 0,06; K\u00e4ytt\u00f6: S\u00e4hk\u00f6inen; VW: TOURAN 1T1, 1T2,CADDY III Kombi 2KB, 2KJ, 2CB, 2CJ,TOURAN 1T3,CADDY III Kasten 2KA, 2KH, 2CA, 2CH; 1T1959552<\/p>\n","protected":false},"excerpt":{"rendered":"<p>ESEN SKV Kytkin, Peilin S\u00e4\u00e4t\u00f6 37SKV604  VW,TOURAN 1T1, 1T2,CADDY III Kombi 2KB, 2KJ, 2CB, 2CJ,TOURAN 1T3,CADDY III Kasten 2KA, 2KH, 2CA, 2CH<\/p>\n","protected":false},"featured_media":0,"template":"","meta":{"site-sidebar-layout":"default","site-content-layout":"default","ast-global-header-display":"","ast-main-header-display":"","ast-hfb-above-header-display":"","ast-hfb-below-header-display":"","ast-hfb-mobile-header-display":"","site-post-title":"","ast-breadcrumbs-content":"","ast-featured-img":"","footer-sml-layout":"","theme-transparent-header-meta":"","adv-header-id-meta":"","stick-header-meta":"","header-above-stick-meta":"","header-main-stick-meta":"","header-below-stick-meta":""},"pwb-brand":[384],"product_cat":[37],"product_tag":[],"class_list":{"0":"post-19803","1":"product","2":"type-product","3":"status-publish","5":"pwb-brand-esen-skv","6":"product_cat-muut-luokat","7":"desktop-align-left","8":"tablet-align-left","9":"mobile-align-left","11":"first","12":"instock","13":"product-type-external"},"brands":[{"id":384,"name":"ESEN SKV","slug":"esen-skv"}],"_links":{"self":[{"href":"https:\/\/www.autonvaraosahaku.fi\/index.php?rest_route=\/wp\/v2\/product\/19803","targetHints":{"allow":["GET"]}}],"collection":[{"href":"https:\/\/www.autonvaraosahaku.fi\/index.php?rest_route=\/wp\/v2\/product"}],"about":[{"href":"https:\/\/www.autonvaraosahaku.fi\/index.php?rest_route=\/wp\/v2\/types\/product"}],"wp:attachment":[{"href":"https:\/\/www.autonvaraosahaku.fi\/index.php?rest_route=%2Fwp%2Fv2%2Fmedia&parent=19803"}],"wp:term":[{"taxonomy":"pwb-brand","embeddable":true,"href":"https:\/\/www.autonvaraosahaku.fi\/index.php?rest_route=%2Fwp%2Fv2%2Fpwb-brand&post=19803"},{"taxonomy":"product_cat","embeddable":true,"href":"https:\/\/www.autonvaraosahaku.fi\/index.php?rest_route=%2Fwp%2Fv2%2Fproduct_cat&post=19803"},{"taxonomy":"product_tag","embeddable":true,"href":"https:\/\/www.autonvaraosahaku.fi\/index.php?rest_route=%2Fwp%2Fv2%2Fproduct_tag&post=19803"}],"curies":[{"name":"wp","href":"https:\/\/api.w.org\/{rel}","templated":true}]}}