{"id":19811,"date":"2021-02-21T14:38:09","date_gmt":"2021-02-21T14:38:09","guid":{"rendered":"https:\/\/www.autonvaraosahaku.fi\/?product=tomex-brakes-tx-22-60-jarrukengat"},"modified":"2021-02-21T14:38:10","modified_gmt":"2021-02-21T14:38:10","slug":"tomex-brakes-tx-22-60-jarrukengat","status":"publish","type":"product","link":"https:\/\/www.autonvaraosahaku.fi\/?product=tomex-brakes-tx-22-60-jarrukengat","title":{"rendered":"TOMEX brakes TX 22-60 Jarrukeng\u00e4t"},"content":{"rendered":"<p>Asennuspuoli: Taka-akseli; L\u00e4pimitta [mm]: 168; Leveys (mm): 31,5; Paino [kg]: 1,15; Varusteet: f\u00fcr Fahrzeuge ohne 3. Sitzreihe; JEEP: COMPASS MK49,PATRIOT MK74; NISSAN: SENTRA B15; CHRYSLER: SEBRING JS,SEBRING Cabriolet JS; CITRO\u00cbN: C4 AIRCROSS; PEUGEOT: 4007 GP_,4008; MITSUBISHI: ASX GA_W_,OUTLANDER XL II CW_W,LANCER SPORTBACK CX_A,LANCER Stufenheck CY\/Z_A,LANCER Stufenheck CS_A, CT0,ASX Van GA_W_; DODGE: CALIBER,AVENGER; 5191215AA, 1606295280, 5191215AA, 5191215AA, 4800A022, 4800A041, 1606295280; Jarrukenk\u00e4sarja<\/p>\n","protected":false},"excerpt":{"rendered":"<p>TOMEX brakes Jarrukeng\u00e4t TX 22-60 Jarrukenk\u00e4sarja JEEP,NISSAN,CHRYSLER,COMPASS MK49,PATRIOT MK74,SENTRA B15,SEBRING JS,SEBRING Cabriolet JS<\/p>\n","protected":false},"featured_media":0,"template":"","meta":{"site-sidebar-layout":"default","site-content-layout":"default","ast-global-header-display":"","ast-main-header-display":"","ast-hfb-above-header-display":"","ast-hfb-below-header-display":"","ast-hfb-mobile-header-display":"","site-post-title":"","ast-breadcrumbs-content":"","ast-featured-img":"","footer-sml-layout":"","theme-transparent-header-meta":"","adv-header-id-meta":"","stick-header-meta":"","header-above-stick-meta":"","header-main-stick-meta":"","header-below-stick-meta":""},"pwb-brand":[388],"product_cat":[176],"product_tag":[],"class_list":{"0":"post-19811","1":"product","2":"type-product","3":"status-publish","5":"pwb-brand-tomex-brakes","6":"product_cat-jarrukengat","7":"desktop-align-left","8":"tablet-align-left","9":"mobile-align-left","11":"first","12":"instock","13":"product-type-external"},"brands":[{"id":388,"name":"TOMEX brakes","slug":"tomex-brakes"}],"_links":{"self":[{"href":"https:\/\/www.autonvaraosahaku.fi\/index.php?rest_route=\/wp\/v2\/product\/19811","targetHints":{"allow":["GET"]}}],"collection":[{"href":"https:\/\/www.autonvaraosahaku.fi\/index.php?rest_route=\/wp\/v2\/product"}],"about":[{"href":"https:\/\/www.autonvaraosahaku.fi\/index.php?rest_route=\/wp\/v2\/types\/product"}],"wp:attachment":[{"href":"https:\/\/www.autonvaraosahaku.fi\/index.php?rest_route=%2Fwp%2Fv2%2Fmedia&parent=19811"}],"wp:term":[{"taxonomy":"pwb-brand","embeddable":true,"href":"https:\/\/www.autonvaraosahaku.fi\/index.php?rest_route=%2Fwp%2Fv2%2Fpwb-brand&post=19811"},{"taxonomy":"product_cat","embeddable":true,"href":"https:\/\/www.autonvaraosahaku.fi\/index.php?rest_route=%2Fwp%2Fv2%2Fproduct_cat&post=19811"},{"taxonomy":"product_tag","embeddable":true,"href":"https:\/\/www.autonvaraosahaku.fi\/index.php?rest_route=%2Fwp%2Fv2%2Fproduct_tag&post=19811"}],"curies":[{"name":"wp","href":"https:\/\/api.w.org\/{rel}","templated":true}]}}