{"id":19827,"date":"2021-02-21T14:38:13","date_gmt":"2021-02-21T14:38:13","guid":{"rendered":"https:\/\/www.autonvaraosahaku.fi\/?product=ridex-13d0325-vetoakseli"},"modified":"2021-02-21T14:38:14","modified_gmt":"2021-02-21T14:38:14","slug":"ridex-13d0325-vetoakseli","status":"publish","type":"product","link":"https:\/\/www.autonvaraosahaku.fi\/?product=ridex-13d0325-vetoakseli","title":{"rendered":"RIDEX 13D0325 Vetoakseli"},"content":{"rendered":"<p>Tiivisteen l\u00e4pimitta [mm]: 53; Ulkohammastus tasauspy\u00f6r\u00e4st\u00f6puoli: 23; Ulkohammastus, py\u00f6r\u00e4npuoli: 25; Pituus (mm): 919; Voimansiirtotyyppi: Frontantrieb; FORD: FIESTA V JH_, JD_,FIESTA VI,B-MAX JK,FIESTA V Van,FIESTA VI Van; 1799212, 1840187, 2S6W3B436AA, 4330604, 8V513B436AAC, 8V513B436AAE, 8V513B436CC<\/p>\n","protected":false},"excerpt":{"rendered":"<p>RIDEX Vetoakseli 13D0325  FORD,FIESTA V JH_, JD_,FIESTA VI,B-MAX JK,FIESTA V Van,FIESTA VI Van<\/p>\n","protected":false},"featured_media":0,"template":"","meta":{"site-sidebar-layout":"default","site-content-layout":"default","ast-global-header-display":"","ast-main-header-display":"","ast-hfb-above-header-display":"","ast-hfb-below-header-display":"","ast-hfb-mobile-header-display":"","site-post-title":"","ast-breadcrumbs-content":"","ast-featured-img":"","footer-sml-layout":"","theme-transparent-header-meta":"","adv-header-id-meta":"","stick-header-meta":"","header-above-stick-meta":"","header-main-stick-meta":"","header-below-stick-meta":""},"pwb-brand":[157],"product_cat":[215],"product_tag":[],"class_list":{"0":"post-19827","1":"product","2":"type-product","3":"status-publish","5":"pwb-brand-ridex","6":"product_cat-vetoakseli","7":"desktop-align-left","8":"tablet-align-left","9":"mobile-align-left","11":"first","12":"instock","13":"product-type-external"},"brands":[{"id":157,"name":"RIDEX","slug":"ridex"}],"_links":{"self":[{"href":"https:\/\/www.autonvaraosahaku.fi\/index.php?rest_route=\/wp\/v2\/product\/19827","targetHints":{"allow":["GET"]}}],"collection":[{"href":"https:\/\/www.autonvaraosahaku.fi\/index.php?rest_route=\/wp\/v2\/product"}],"about":[{"href":"https:\/\/www.autonvaraosahaku.fi\/index.php?rest_route=\/wp\/v2\/types\/product"}],"wp:attachment":[{"href":"https:\/\/www.autonvaraosahaku.fi\/index.php?rest_route=%2Fwp%2Fv2%2Fmedia&parent=19827"}],"wp:term":[{"taxonomy":"pwb-brand","embeddable":true,"href":"https:\/\/www.autonvaraosahaku.fi\/index.php?rest_route=%2Fwp%2Fv2%2Fpwb-brand&post=19827"},{"taxonomy":"product_cat","embeddable":true,"href":"https:\/\/www.autonvaraosahaku.fi\/index.php?rest_route=%2Fwp%2Fv2%2Fproduct_cat&post=19827"},{"taxonomy":"product_tag","embeddable":true,"href":"https:\/\/www.autonvaraosahaku.fi\/index.php?rest_route=%2Fwp%2Fv2%2Fproduct_tag&post=19827"}],"curies":[{"name":"wp","href":"https:\/\/api.w.org\/{rel}","templated":true}]}}