{"id":19833,"date":"2021-02-21T14:38:13","date_gmt":"2021-02-21T14:38:13","guid":{"rendered":"https:\/\/www.autonvaraosahaku.fi\/?product=maxgear-72-1082-jousijalan-tukilaakeri"},"modified":"2021-02-21T14:38:15","modified_gmt":"2021-02-21T14:38:15","slug":"maxgear-72-1082-jousijalan-tukilaakeri","status":"publish","type":"product","link":"https:\/\/www.autonvaraosahaku.fi\/?product=maxgear-72-1082-jousijalan-tukilaakeri","title":{"rendered":"MAXGEAR 72-1082 Jousijalan tukilaakeri"},"content":{"rendered":"<p>Paksuus [mm]: 54; Sis\u00e4l\u00e4pimitta [mm]: 26; Ulkol\u00e4pimitta [mm]: 83; Materiaali: Kumi-metalli; Korvaava tuote\/korvaava tiedote 2: Ilman kuulalaakeria; Asennuspuoli: etuakseli molemminpuoleinen; Tarvittava kappalem\u00e4\u00e4r\u00e4: 2; Paino [kg]: 0,237; Alustanumerosta: 6J-B-059761; VW: GOLF IV 1J1,POLO 6R, 6C,GOLF IV Variant 1J5,UP,BORA 1J2,BORA Kombi 1J6,NEW BEETLE Cabriolet 1Y7; AUDI: A3 8L1,TT 8N3,A1 8X1, 8XF,TT Roadster 8N9,A1 Sportback 8XA, 8XK; SKODA: OCTAVIA Combi 1U5,ROOMSTER 5J,OCTAVIA 1U2,CITIGO,ROOMSTER Praktik 5J; SEAT: IBIZA V 6J5, 6P5,LEON 1M1,ALTEA XL 5P5, 5P8,IBIZA V ST 6J8, 6P8,Mii KF1_,IBIZA V SPORTCOUPE 6J1, 6P1; 1J0412331BS, 1J0412331C, 1J0412331CS, 1J0412331CS1, 1J0412331B, 1J0412331BS, 1J0412331C, 1J0412331CS, 1J0412331CS1, 1J0412331B, 1J0412331BS, 1J0412331C, 1J0412331CS, 1J0412331CS1, 1J0412331BS, 1J0412331C, 1J0412331CS, 1J0412331CS1; Iskarin Yl\u00e4p\u00e4\u00e4,Iskunvaimentimen Yl\u00e4p\u00e4\u00e4<\/p>\n","protected":false},"excerpt":{"rendered":"<p>MAXGEAR Jousijalan Tukilaakeri 72-1082 Iskarin Yl\u00e4p\u00e4\u00e4,Iskunvaimentimen Yl\u00e4p\u00e4\u00e4 VW,AUDI,SKODA,GOLF IV 1J1,POLO 6R, 6C,GOLF IV Variant 1J5,UP,BORA 1J2<\/p>\n","protected":false},"featured_media":0,"template":"","meta":{"site-sidebar-layout":"default","site-content-layout":"default","ast-global-header-display":"","ast-main-header-display":"","ast-hfb-above-header-display":"","ast-hfb-below-header-display":"","ast-hfb-mobile-header-display":"","site-post-title":"","ast-breadcrumbs-content":"","ast-featured-img":"","footer-sml-layout":"","theme-transparent-header-meta":"","adv-header-id-meta":"","stick-header-meta":"","header-above-stick-meta":"","header-main-stick-meta":"","header-below-stick-meta":""},"pwb-brand":[48],"product_cat":[45],"product_tag":[],"class_list":{"0":"post-19833","1":"product","2":"type-product","3":"status-publish","5":"pwb-brand-maxgear","6":"product_cat-jousijalan-tukilaakeri","7":"desktop-align-left","8":"tablet-align-left","9":"mobile-align-left","11":"first","12":"instock","13":"product-type-external"},"brands":[{"id":48,"name":"MAXGEAR","slug":"maxgear"}],"_links":{"self":[{"href":"https:\/\/www.autonvaraosahaku.fi\/index.php?rest_route=\/wp\/v2\/product\/19833","targetHints":{"allow":["GET"]}}],"collection":[{"href":"https:\/\/www.autonvaraosahaku.fi\/index.php?rest_route=\/wp\/v2\/product"}],"about":[{"href":"https:\/\/www.autonvaraosahaku.fi\/index.php?rest_route=\/wp\/v2\/types\/product"}],"wp:attachment":[{"href":"https:\/\/www.autonvaraosahaku.fi\/index.php?rest_route=%2Fwp%2Fv2%2Fmedia&parent=19833"}],"wp:term":[{"taxonomy":"pwb-brand","embeddable":true,"href":"https:\/\/www.autonvaraosahaku.fi\/index.php?rest_route=%2Fwp%2Fv2%2Fpwb-brand&post=19833"},{"taxonomy":"product_cat","embeddable":true,"href":"https:\/\/www.autonvaraosahaku.fi\/index.php?rest_route=%2Fwp%2Fv2%2Fproduct_cat&post=19833"},{"taxonomy":"product_tag","embeddable":true,"href":"https:\/\/www.autonvaraosahaku.fi\/index.php?rest_route=%2Fwp%2Fv2%2Fproduct_tag&post=19833"}],"curies":[{"name":"wp","href":"https:\/\/api.w.org\/{rel}","templated":true}]}}