{"id":19842,"date":"2021-02-21T14:38:17","date_gmt":"2021-02-21T14:38:17","guid":{"rendered":"https:\/\/www.autonvaraosahaku.fi\/?product=mapco-6625-jarrupalat"},"modified":"2021-02-21T14:38:17","modified_gmt":"2021-02-21T14:38:17","slug":"mapco-6625-jarrupalat","status":"publish","type":"product","link":"https:\/\/www.autonvaraosahaku.fi\/?product=mapco-6625-jarrupalat","title":{"rendered":"MAPCO 6625 Jarrupalat"},"content":{"rendered":"<p>Jarruj\u00e4rjestelm\u00e4: BOSCH; Asennuspuoli: Etuakseli; Paksuus [mm]: 19; Leveys (mm): 148; Korkeus (mm): 70; Kulumisenilmaisimen liitos: Kulumisenilmaisemelle; M\u00e4\u00e4r\u00e4yksikk\u00f6: Akselisarja; Jarrut: f\u00fcr Fahrzeuge ohne Performance Bremse; BMW: 1 F20,X3 F25,3 Touring F31,3 F30, F35, F80,1 F21,3 Gran Turismo F34,4 Coupe F32, F82,2 Coupe F22,4 Cabriolet F33, F83,4 Gran Coupe F36,X4 F26,2 Cabriolet F23; 34106799801, 34106859181, 34106859182, 34114073936, 34116798978, 34116854126, 34116856193; Jarrupalasarja,Jarrupala, Levyjarru<\/p>\n","protected":false},"excerpt":{"rendered":"<p>MAPCO Jarrupalat 6625 Jarrupalasarja,Jarrupala, Levyjarru BMW,1 F20,X3 F25,3 Touring F31,3 F30, F35, F80,1 F21,3 Gran Turismo F34,4 Coupe F32, F82<\/p>\n","protected":false},"featured_media":0,"template":"","meta":{"site-sidebar-layout":"default","site-content-layout":"default","ast-global-header-display":"","ast-main-header-display":"","ast-hfb-above-header-display":"","ast-hfb-below-header-display":"","ast-hfb-mobile-header-display":"","site-post-title":"","ast-breadcrumbs-content":"","ast-featured-img":"","footer-sml-layout":"","theme-transparent-header-meta":"","adv-header-id-meta":"","stick-header-meta":"","header-above-stick-meta":"","header-main-stick-meta":"","header-below-stick-meta":""},"pwb-brand":[36],"product_cat":[100],"product_tag":[],"class_list":{"0":"post-19842","1":"product","2":"type-product","3":"status-publish","5":"pwb-brand-mapco","6":"product_cat-jarrupalat","7":"desktop-align-left","8":"tablet-align-left","9":"mobile-align-left","11":"first","12":"instock","13":"product-type-external"},"brands":[{"id":36,"name":"MAPCO","slug":"mapco"}],"_links":{"self":[{"href":"https:\/\/www.autonvaraosahaku.fi\/index.php?rest_route=\/wp\/v2\/product\/19842","targetHints":{"allow":["GET"]}}],"collection":[{"href":"https:\/\/www.autonvaraosahaku.fi\/index.php?rest_route=\/wp\/v2\/product"}],"about":[{"href":"https:\/\/www.autonvaraosahaku.fi\/index.php?rest_route=\/wp\/v2\/types\/product"}],"wp:attachment":[{"href":"https:\/\/www.autonvaraosahaku.fi\/index.php?rest_route=%2Fwp%2Fv2%2Fmedia&parent=19842"}],"wp:term":[{"taxonomy":"pwb-brand","embeddable":true,"href":"https:\/\/www.autonvaraosahaku.fi\/index.php?rest_route=%2Fwp%2Fv2%2Fpwb-brand&post=19842"},{"taxonomy":"product_cat","embeddable":true,"href":"https:\/\/www.autonvaraosahaku.fi\/index.php?rest_route=%2Fwp%2Fv2%2Fproduct_cat&post=19842"},{"taxonomy":"product_tag","embeddable":true,"href":"https:\/\/www.autonvaraosahaku.fi\/index.php?rest_route=%2Fwp%2Fv2%2Fproduct_tag&post=19842"}],"curies":[{"name":"wp","href":"https:\/\/api.w.org\/{rel}","templated":true}]}}