{"id":19848,"date":"2021-02-21T14:38:17","date_gmt":"2021-02-21T14:38:17","guid":{"rendered":"https:\/\/www.autonvaraosahaku.fi\/?product=ridex-13d0234-vetoakseli"},"modified":"2021-02-21T14:38:18","modified_gmt":"2021-02-21T14:38:18","slug":"ridex-13d0234-vetoakseli","status":"publish","type":"product","link":"https:\/\/www.autonvaraosahaku.fi\/?product=ridex-13d0234-vetoakseli","title":{"rendered":"RIDEX 13D0234 Vetoakseli"},"content":{"rendered":"<p>Pituus (mm): 924; Kierremitta: M24x1.5; Ulkohammastus, py\u00f6r\u00e4npuoli: 25; Ulkohammastus tasauspy\u00f6r\u00e4st\u00f6puoli: 24; Tiivisteen l\u00e4pimitta [mm]: 58.4; Pituus 2 (mm): 336; Korvaava tuote\/korvaava tiedote 2: laakerilla; Nivelen l\u00e4pimitta py\u00f6r\u00e4puoli [mm]: 86; Nivelen l\u00e4pimitta vaihteistopuoli [mm]: 82.5; Vaihteistomalli: BE4R; PEUGEOT: 307 SW 3H,307 CC 3B,307 3A\/C,307 Break 3E,PARTNER Tepee,PARTNER Kasten,PARTNER Pritsche\/Fahrgestell; CITRO\u00cbN: BERLINGO B9,C4 Picasso I UD_,C4 Grand Picasso I UA_,C4 I LC_,BERLINGO Kasten M_,C4 Coupe LA_,BERLINGO Kasten B9,C4 Stufenheck L,BERLINGO Pritsche\/Fahrgestell B9; 3273AC, 3273AE, 3273LP, 9812781280, 3273AC, 3273AE, 3273LP, 9660782880, 9812781280<\/p>\n","protected":false},"excerpt":{"rendered":"<p>RIDEX Vetoakseli 13D0234  PEUGEOT,CITRO\u00cbN,307 SW 3H,307 CC 3B,307 3A\/C,307 Break 3E,PARTNER Tepee,PARTNER Kasten,PARTNER Pritsche\/Fahrgestell<\/p>\n","protected":false},"featured_media":0,"template":"","meta":{"site-sidebar-layout":"default","site-content-layout":"default","ast-global-header-display":"","ast-main-header-display":"","ast-hfb-above-header-display":"","ast-hfb-below-header-display":"","ast-hfb-mobile-header-display":"","site-post-title":"","ast-breadcrumbs-content":"","ast-featured-img":"","footer-sml-layout":"","theme-transparent-header-meta":"","adv-header-id-meta":"","stick-header-meta":"","header-above-stick-meta":"","header-main-stick-meta":"","header-below-stick-meta":""},"pwb-brand":[157],"product_cat":[215],"product_tag":[],"class_list":{"0":"post-19848","1":"product","2":"type-product","3":"status-publish","5":"pwb-brand-ridex","6":"product_cat-vetoakseli","7":"desktop-align-left","8":"tablet-align-left","9":"mobile-align-left","11":"first","12":"instock","13":"product-type-external"},"brands":[{"id":157,"name":"RIDEX","slug":"ridex"}],"_links":{"self":[{"href":"https:\/\/www.autonvaraosahaku.fi\/index.php?rest_route=\/wp\/v2\/product\/19848","targetHints":{"allow":["GET"]}}],"collection":[{"href":"https:\/\/www.autonvaraosahaku.fi\/index.php?rest_route=\/wp\/v2\/product"}],"about":[{"href":"https:\/\/www.autonvaraosahaku.fi\/index.php?rest_route=\/wp\/v2\/types\/product"}],"wp:attachment":[{"href":"https:\/\/www.autonvaraosahaku.fi\/index.php?rest_route=%2Fwp%2Fv2%2Fmedia&parent=19848"}],"wp:term":[{"taxonomy":"pwb-brand","embeddable":true,"href":"https:\/\/www.autonvaraosahaku.fi\/index.php?rest_route=%2Fwp%2Fv2%2Fpwb-brand&post=19848"},{"taxonomy":"product_cat","embeddable":true,"href":"https:\/\/www.autonvaraosahaku.fi\/index.php?rest_route=%2Fwp%2Fv2%2Fproduct_cat&post=19848"},{"taxonomy":"product_tag","embeddable":true,"href":"https:\/\/www.autonvaraosahaku.fi\/index.php?rest_route=%2Fwp%2Fv2%2Fproduct_tag&post=19848"}],"curies":[{"name":"wp","href":"https:\/\/api.w.org\/{rel}","templated":true}]}}