{"id":19855,"date":"2021-02-21T14:38:17","date_gmt":"2021-02-21T14:38:17","guid":{"rendered":"https:\/\/www.autonvaraosahaku.fi\/?product=ridex-247e0151-moottorin-kumityyny"},"modified":"2021-02-21T14:38:19","modified_gmt":"2021-02-21T14:38:19","slug":"ridex-247e0151-moottorin-kumityyny","status":"publish","type":"product","link":"https:\/\/www.autonvaraosahaku.fi\/?product=ridex-247e0151-moottorin-kumityyny","title":{"rendered":"RIDEX 247E0151 Moottorin kumityyny"},"content":{"rendered":"<p>Ulkokierre [mm]: M10 x 1,5; Materiaali: Kumi-metalli; Asennuspuoli: Oikea; Kiinnitysmalli: Hydrolaakeri; Paino [kg]: 1,760; Tarvittava kappalem\u00e4\u00e4r\u00e4: 1; Moottorinumero: F9Q750; RENAULT: CLIO II BB0\/1\/2_, CB0\/1\/2_,ESPACE IV JK0\/1_,LAGUNA II Grandtour KG0\/1_,LAGUNA II BG0\/1_,VEL SATIS BJ0_; 8200000011, 8200052026, 8200181589; Moottorin Tukikumit,Moottorin Tuki<\/p>\n","protected":false},"excerpt":{"rendered":"<p>RIDEX Moottorin Kumityyny 247E0151 Moottorin Tukikumit,Moottorin Tuki RENAULT,CLIO II BB0\/1\/2_, CB0\/1\/2_,ESPACE IV JK0\/1_,LAGUNA II Grandtour KG0\/1_<\/p>\n","protected":false},"featured_media":0,"template":"","meta":{"site-sidebar-layout":"default","site-content-layout":"default","ast-global-header-display":"","ast-main-header-display":"","ast-hfb-above-header-display":"","ast-hfb-below-header-display":"","ast-hfb-mobile-header-display":"","site-post-title":"","ast-breadcrumbs-content":"","ast-featured-img":"","footer-sml-layout":"","theme-transparent-header-meta":"","adv-header-id-meta":"","stick-header-meta":"","header-above-stick-meta":"","header-main-stick-meta":"","header-below-stick-meta":""},"pwb-brand":[157],"product_cat":[74],"product_tag":[],"class_list":{"0":"post-19855","1":"product","2":"type-product","3":"status-publish","5":"pwb-brand-ridex","6":"product_cat-moottorin-kumityyny","7":"desktop-align-left","8":"tablet-align-left","9":"mobile-align-left","11":"first","12":"instock","13":"product-type-external"},"brands":[{"id":157,"name":"RIDEX","slug":"ridex"}],"_links":{"self":[{"href":"https:\/\/www.autonvaraosahaku.fi\/index.php?rest_route=\/wp\/v2\/product\/19855","targetHints":{"allow":["GET"]}}],"collection":[{"href":"https:\/\/www.autonvaraosahaku.fi\/index.php?rest_route=\/wp\/v2\/product"}],"about":[{"href":"https:\/\/www.autonvaraosahaku.fi\/index.php?rest_route=\/wp\/v2\/types\/product"}],"wp:attachment":[{"href":"https:\/\/www.autonvaraosahaku.fi\/index.php?rest_route=%2Fwp%2Fv2%2Fmedia&parent=19855"}],"wp:term":[{"taxonomy":"pwb-brand","embeddable":true,"href":"https:\/\/www.autonvaraosahaku.fi\/index.php?rest_route=%2Fwp%2Fv2%2Fpwb-brand&post=19855"},{"taxonomy":"product_cat","embeddable":true,"href":"https:\/\/www.autonvaraosahaku.fi\/index.php?rest_route=%2Fwp%2Fv2%2Fproduct_cat&post=19855"},{"taxonomy":"product_tag","embeddable":true,"href":"https:\/\/www.autonvaraosahaku.fi\/index.php?rest_route=%2Fwp%2Fv2%2Fproduct_tag&post=19855"}],"curies":[{"name":"wp","href":"https:\/\/api.w.org\/{rel}","templated":true}]}}