{"id":19856,"date":"2021-02-21T14:38:17","date_gmt":"2021-02-21T14:38:17","guid":{"rendered":"https:\/\/www.autonvaraosahaku.fi\/?product=ridex-772s0005-muut-luokat"},"modified":"2021-02-21T14:38:19","modified_gmt":"2021-02-21T14:38:19","slug":"ridex-772s0005-muut-luokat","status":"publish","type":"product","link":"https:\/\/www.autonvaraosahaku.fi\/?product=ridex-772s0005-muut-luokat","title":{"rendered":"RIDEX 772S0005 Muut luokat"},"content":{"rendered":"<p>Asennuspuoli: Etuakseli, oikea, Alla; Korvaava tuote\/korvaava tiedote 2: Alapallo-\/pallonivelell\u00e4, Kiinnitysmateriaalilla, Kumilaakerilla; Tarvittava kappalem\u00e4\u00e4r\u00e4: 1; VW: PASSAT Variant 3C5,PASSAT 3C2,PASSAT Variant 365,PASSAT CC 357,SHARAN 7N1, 7N2,PASSAT 362,CC 358,PASSAT ALLTRACK 365; AUDI: Q3 8U; SEAT: ALHAMBRA 710, 711; Korjaussarja, Poikittaistukivarsi<\/p>\n","protected":false},"excerpt":{"rendered":"<p>RIDEX Alatukivarren Korjaussarja 772S0005 Korjaussarja, Poikittaistukivarsi VW,AUDI,SEAT,PASSAT Variant 3C5,PASSAT 3C2,PASSAT Variant 365<\/p>\n","protected":false},"featured_media":0,"template":"","meta":{"site-sidebar-layout":"default","site-content-layout":"default","ast-global-header-display":"","ast-main-header-display":"","ast-hfb-above-header-display":"","ast-hfb-below-header-display":"","ast-hfb-mobile-header-display":"","site-post-title":"","ast-breadcrumbs-content":"","ast-featured-img":"","footer-sml-layout":"","theme-transparent-header-meta":"","adv-header-id-meta":"","stick-header-meta":"","header-above-stick-meta":"","header-main-stick-meta":"","header-below-stick-meta":""},"pwb-brand":[157],"product_cat":[37],"product_tag":[],"class_list":{"0":"post-19856","1":"product","2":"type-product","3":"status-publish","5":"pwb-brand-ridex","6":"product_cat-muut-luokat","7":"desktop-align-left","8":"tablet-align-left","9":"mobile-align-left","11":"first","12":"instock","13":"product-type-external"},"brands":[{"id":157,"name":"RIDEX","slug":"ridex"}],"_links":{"self":[{"href":"https:\/\/www.autonvaraosahaku.fi\/index.php?rest_route=\/wp\/v2\/product\/19856","targetHints":{"allow":["GET"]}}],"collection":[{"href":"https:\/\/www.autonvaraosahaku.fi\/index.php?rest_route=\/wp\/v2\/product"}],"about":[{"href":"https:\/\/www.autonvaraosahaku.fi\/index.php?rest_route=\/wp\/v2\/types\/product"}],"wp:attachment":[{"href":"https:\/\/www.autonvaraosahaku.fi\/index.php?rest_route=%2Fwp%2Fv2%2Fmedia&parent=19856"}],"wp:term":[{"taxonomy":"pwb-brand","embeddable":true,"href":"https:\/\/www.autonvaraosahaku.fi\/index.php?rest_route=%2Fwp%2Fv2%2Fpwb-brand&post=19856"},{"taxonomy":"product_cat","embeddable":true,"href":"https:\/\/www.autonvaraosahaku.fi\/index.php?rest_route=%2Fwp%2Fv2%2Fproduct_cat&post=19856"},{"taxonomy":"product_tag","embeddable":true,"href":"https:\/\/www.autonvaraosahaku.fi\/index.php?rest_route=%2Fwp%2Fv2%2Fproduct_tag&post=19856"}],"curies":[{"name":"wp","href":"https:\/\/api.w.org\/{rel}","templated":true}]}}