{"id":19879,"date":"2021-02-21T14:38:25","date_gmt":"2021-02-21T14:38:25","guid":{"rendered":"https:\/\/www.autonvaraosahaku.fi\/?product=alanko-10440390-starttimoottori"},"modified":"2021-02-21T14:38:25","modified_gmt":"2021-02-21T14:38:25","slug":"alanko-10440390-starttimoottori","status":"publish","type":"product","link":"https:\/\/www.autonvaraosahaku.fi\/?product=alanko-10440390-starttimoottori","title":{"rendered":"ALANKO 10440390 Starttimoottori"},"content":{"rendered":"<p>J\u00e4nnite (V): 12; K\u00e4ynnistinmoottori teho (kW): 1,1; Hammasluku: 9; Kiinnitysreikien lukum\u00e4\u00e4r\u00e4: 3, 3; kierrereiki\u00e4 [kpl]: 0; Laippa \u00d8(mm): 76; Pistokemallin tunnus: B+(M8); Py\u00f6rimissuunta: Py\u00f6rimissuunta vastap\u00e4iv\u00e4\u00e4n; M\u00e4\u00e4r\u00e4yksikk\u00f6: Kappale; Uusi osa: ; Vaihteistomalli: Schaltgetriebe; VW: GOLF IV 1J1,TRANSPORTER IV Bus 70XB, 70XC, 7DB, 7DW,GOLF III 1H1,GOLF IV Variant 1J5,SHARAN 7M8, 7M9, 7M6,GOLF II 19E, 1G1,PASSAT Variant 3A5, 35I,GOLF I Cabriolet 155,GOLF III Cabriolet 1E7,TRANSPORTER IV Kasten 70XA,GOLF III Variant 1H5,PASSAT 3A2, 35I,CORRADO 53I,TRANSPORTER IV Pritsche\/Fahrgestell 70XD,POLO Variant 6KV5,POLO CLASSIC 6KV2,SCIROCCO 53B,VENTO 1H2,CADDY I 14,JETTA II 19E, 1G2, 165,CADDY II Kombi 9K9B,SCIROCCO 53; AUDI: A3 8L1; FORD: GALAXY WGR; FIAT: TIPO 160,TEMPRA 159,TEMPRA S.W. 159; SKODA: OCTAVIA Combi 1U5,OCTAVIA 1U2; SEAT: ALHAMBRA 7V8, 7V9,IBIZA II 6K1,CORDOBA 6K1, 6K2,CORDOBA Vario 6K1,TOLEDO I 1L,INCA 6K9; LANCIA: DELTA II 836,DEDRA 835,DEDRA SW 835; ARO: 10; 020911023, 055911023E, 055911023F, 055911023FX, 055911023G, 055911023H, 055911023HX, 055911023J, 055911023JX, 055911023K, 055911023KX, 055911023M, 055911023MX, 176911023A, BCA911023A; Startti,K\u00e4ynnistinmoottori<\/p>\n","protected":false},"excerpt":{"rendered":"<p>ALANKO Starttimoottori 10440390 Startti,K\u00e4ynnistinmoottori VW,AUDI,FORD,GOLF IV 1J1,TRANSPORTER IV Bus 70XB, 70XC, 7DB, 7DW,GOLF III 1H1<\/p>\n","protected":false},"featured_media":0,"template":"","meta":{"site-sidebar-layout":"default","site-content-layout":"default","ast-global-header-display":"","ast-main-header-display":"","ast-hfb-above-header-display":"","ast-hfb-below-header-display":"","ast-hfb-mobile-header-display":"","site-post-title":"","ast-breadcrumbs-content":"","ast-featured-img":"","footer-sml-layout":"","theme-transparent-header-meta":"","adv-header-id-meta":"","stick-header-meta":"","header-above-stick-meta":"","header-main-stick-meta":"","header-below-stick-meta":""},"pwb-brand":[324],"product_cat":[295],"product_tag":[],"class_list":{"0":"post-19879","1":"product","2":"type-product","3":"status-publish","5":"pwb-brand-alanko","6":"product_cat-starttimoottori","7":"desktop-align-left","8":"tablet-align-left","9":"mobile-align-left","11":"first","12":"instock","13":"product-type-external"},"brands":[{"id":324,"name":"ALANKO","slug":"alanko"}],"_links":{"self":[{"href":"https:\/\/www.autonvaraosahaku.fi\/index.php?rest_route=\/wp\/v2\/product\/19879","targetHints":{"allow":["GET"]}}],"collection":[{"href":"https:\/\/www.autonvaraosahaku.fi\/index.php?rest_route=\/wp\/v2\/product"}],"about":[{"href":"https:\/\/www.autonvaraosahaku.fi\/index.php?rest_route=\/wp\/v2\/types\/product"}],"wp:attachment":[{"href":"https:\/\/www.autonvaraosahaku.fi\/index.php?rest_route=%2Fwp%2Fv2%2Fmedia&parent=19879"}],"wp:term":[{"taxonomy":"pwb-brand","embeddable":true,"href":"https:\/\/www.autonvaraosahaku.fi\/index.php?rest_route=%2Fwp%2Fv2%2Fpwb-brand&post=19879"},{"taxonomy":"product_cat","embeddable":true,"href":"https:\/\/www.autonvaraosahaku.fi\/index.php?rest_route=%2Fwp%2Fv2%2Fproduct_cat&post=19879"},{"taxonomy":"product_tag","embeddable":true,"href":"https:\/\/www.autonvaraosahaku.fi\/index.php?rest_route=%2Fwp%2Fv2%2Fproduct_tag&post=19879"}],"curies":[{"name":"wp","href":"https:\/\/api.w.org\/{rel}","templated":true}]}}