{"id":19897,"date":"2021-02-21T14:38:25","date_gmt":"2021-02-21T14:38:25","guid":{"rendered":"https:\/\/www.autonvaraosahaku.fi\/?product=topran-630-652-korkeapainepumppu"},"modified":"2021-02-21T14:38:27","modified_gmt":"2021-02-21T14:38:27","slug":"topran-630-652-korkeapainepumppu","status":"publish","type":"product","link":"https:\/\/www.autonvaraosahaku.fi\/?product=topran-630-652-korkeapainepumppu","title":{"rendered":"TOPRAN 630 652 Korkeapainepumppu"},"content":{"rendered":"<p>K\u00e4ytt\u00f6: Mekaaninen, s\u00e4hk\u00f6ohjattu; Asennuspuoli: Sylinterikansi; Pistokkeen kotelon muoto: Soikea; Napojen m\u00e4\u00e4r\u00e4: 2; Lis\u00e4tarvike\/lis\u00e4tieto: Tiivisteill\u00e4; suositeltu korjauksenlaajennus ks. tarvikeluettelo: ; Moottorinumero: CAVD; VW: GOLF V 1K1,TOURAN 1T1, 1T2,GOLF VI 5K1,PASSAT Variant 3C5,GOLF PLUS 5M1, 521,PASSAT 3C2,POLO 6R, 6C,TIGUAN 5N_,PASSAT Variant 365,CADDY III Kombi 2KB, 2KJ, 2CB, 2CJ,TOURAN 1T3,GOLF V Variant 1K5,CADDY III Kasten 2KA, 2KH, 2CA, 2CH,EOS 1F7, 1F8,SCIROCCO 137, 138,PASSAT CC 357,SHARAN 7N1, 7N2,JETTA III 1K2,PASSAT 362,CC 358,BEETLE 5C1,JETTA IV 162, 163,BEETLE Cabriolet 5C7; SKODA: FABIA,FABIA Combi,ROOMSTER 5J,YETI 5L,SUPERB Kombi 3T5,SUPERB 3T4,RAPID Spaceback NH1,ROOMSTER Praktik 5J,RAPID NH3; SEAT: LEON 1P1,IBIZA V 6J5, 6P5,ALTEA 5P1,ALTEA XL 5P5, 5P8,IBIZA V ST 6J8, 6P8,ALHAMBRA 710, 711,IBIZA V SPORTCOUPE 6J1, 6P1,TOLEDO III 5P2,TOLEDO IV KG3; 03C127026C, 03C127026D, 03C127026E, 03C127026G, 03C127026J, 03C127026K, 03C127026L, 03C127026M, 03C127026N, 03C127026P, 03C127026Q, 03C127026R, 03C127026S, 03C127026C, 03C127026D, 03C127026E, 03C127026G, 03C127026J, 03C127026K, 03C127026L, 03C127026M, 03C127026N, 03C127026P, 03C127026Q, 03C127026R, 03C127026S, 03C127026C, 03C127026D, 03C127026E, 03C127026G, 03C127026J, 03C127026K, 03C127026L, 03C127026M, 03C127026N, 03C127026P, 03C127026Q, 03C127026R, 03C127026S; Ruiskutuspumppu,Sy\u00f6tt\u00f6pumppu<\/p>\n","protected":false},"excerpt":{"rendered":"<p>TOPRAN Korkeapainepumppu 630 652 Ruiskutuspumppu,Sy\u00f6tt\u00f6pumppu VW,SKODA,SEAT,GOLF V 1K1,TOURAN 1T1, 1T2,GOLF VI 5K1,PASSAT Variant 3C5<\/p>\n","protected":false},"featured_media":0,"template":"","meta":{"site-sidebar-layout":"default","site-content-layout":"default","ast-global-header-display":"","ast-main-header-display":"","ast-hfb-above-header-display":"","ast-hfb-below-header-display":"","ast-hfb-mobile-header-display":"","site-post-title":"","ast-breadcrumbs-content":"","ast-featured-img":"","footer-sml-layout":"","theme-transparent-header-meta":"","adv-header-id-meta":"","stick-header-meta":"","header-above-stick-meta":"","header-main-stick-meta":"","header-below-stick-meta":""},"pwb-brand":[18],"product_cat":[442],"product_tag":[],"class_list":{"0":"post-19897","1":"product","2":"type-product","3":"status-publish","5":"pwb-brand-topran","6":"product_cat-korkeapainepumppu","7":"desktop-align-left","8":"tablet-align-left","9":"mobile-align-left","11":"first","12":"instock","13":"product-type-external"},"brands":[{"id":18,"name":"TOPRAN","slug":"topran"}],"_links":{"self":[{"href":"https:\/\/www.autonvaraosahaku.fi\/index.php?rest_route=\/wp\/v2\/product\/19897","targetHints":{"allow":["GET"]}}],"collection":[{"href":"https:\/\/www.autonvaraosahaku.fi\/index.php?rest_route=\/wp\/v2\/product"}],"about":[{"href":"https:\/\/www.autonvaraosahaku.fi\/index.php?rest_route=\/wp\/v2\/types\/product"}],"wp:attachment":[{"href":"https:\/\/www.autonvaraosahaku.fi\/index.php?rest_route=%2Fwp%2Fv2%2Fmedia&parent=19897"}],"wp:term":[{"taxonomy":"pwb-brand","embeddable":true,"href":"https:\/\/www.autonvaraosahaku.fi\/index.php?rest_route=%2Fwp%2Fv2%2Fpwb-brand&post=19897"},{"taxonomy":"product_cat","embeddable":true,"href":"https:\/\/www.autonvaraosahaku.fi\/index.php?rest_route=%2Fwp%2Fv2%2Fproduct_cat&post=19897"},{"taxonomy":"product_tag","embeddable":true,"href":"https:\/\/www.autonvaraosahaku.fi\/index.php?rest_route=%2Fwp%2Fv2%2Fproduct_tag&post=19897"}],"curies":[{"name":"wp","href":"https:\/\/api.w.org\/{rel}","templated":true}]}}