{"id":19902,"date":"2021-02-21T14:38:29","date_gmt":"2021-02-21T14:38:29","guid":{"rendered":"https:\/\/www.autonvaraosahaku.fi\/?product=ridex-2412p0060-peruutustutka-anturit"},"modified":"2021-02-21T14:38:29","modified_gmt":"2021-02-21T14:38:29","slug":"ridex-2412p0060-peruutustutka-anturit","status":"publish","type":"product","link":"https:\/\/www.autonvaraosahaku.fi\/?product=ridex-2412p0060-peruutustutka-anturit","title":{"rendered":"RIDEX 2412P0060 Peruutustutka anturit"},"content":{"rendered":"<p>Tunnistinmalli: Ultra\u00e4\u00e4nitunnistin; V\u00e4ri: Musta; Kemialliset ominaisuudet: maalattavissa; Asennuspuoli: innen; BMW: 5 E60,5 Touring E61,X3 E83,X5 E70,X6 E71, E72,6 E63,6 Cabriolet E64; 0418760, 0427828, 0441069, 2180147, 2241273, 66200418760, 66200427828, 66200441069, 66202180147, 66202241273, 66207970516, 66207970543, 66207970546, 66207972209, 66209142194, 66209142195, 66209142196, 66209142199, 66209142200, 66209142202, 66209142209, 66209142210, 66209142211, 66209142212, 66209142215, 66209142217, 66209142219, 66209142220, 66209142222, 66209151082, 66209154966, 66209154967, 66209161520, 66209166286, 7970516, 7970543, 7970546, 7972209, 9142194, 9142195, 9142196, 9142199, 9142200, 9142202, 9142209, 9142210, 9142211, 9142212, 9142215, 9142217, 9142219, 9142220, 9142222, 9151082, 9154966, 9154967, 9161520, 9166286; Tunnistin, Et\u00e4isyystunnistin<\/p>\n","protected":false},"excerpt":{"rendered":"<p>RIDEX Peruutustutka Anturit 2412P0060 Tunnistin, Et\u00e4isyystunnistin BMW,5 E60,5 Touring E61,X3 E83,X5 E70,X6 E71, E72,6 E63,6 Cabriolet E64<\/p>\n","protected":false},"featured_media":0,"template":"","meta":{"site-sidebar-layout":"default","site-content-layout":"default","ast-global-header-display":"","ast-main-header-display":"","ast-hfb-above-header-display":"","ast-hfb-below-header-display":"","ast-hfb-mobile-header-display":"","site-post-title":"","ast-breadcrumbs-content":"","ast-featured-img":"","footer-sml-layout":"","theme-transparent-header-meta":"","adv-header-id-meta":"","stick-header-meta":"","header-above-stick-meta":"","header-main-stick-meta":"","header-below-stick-meta":""},"pwb-brand":[157],"product_cat":[217],"product_tag":[],"class_list":{"0":"post-19902","1":"product","2":"type-product","3":"status-publish","5":"pwb-brand-ridex","6":"product_cat-peruutustutka-anturit","7":"desktop-align-left","8":"tablet-align-left","9":"mobile-align-left","11":"first","12":"instock","13":"product-type-external"},"brands":[{"id":157,"name":"RIDEX","slug":"ridex"}],"_links":{"self":[{"href":"https:\/\/www.autonvaraosahaku.fi\/index.php?rest_route=\/wp\/v2\/product\/19902","targetHints":{"allow":["GET"]}}],"collection":[{"href":"https:\/\/www.autonvaraosahaku.fi\/index.php?rest_route=\/wp\/v2\/product"}],"about":[{"href":"https:\/\/www.autonvaraosahaku.fi\/index.php?rest_route=\/wp\/v2\/types\/product"}],"wp:attachment":[{"href":"https:\/\/www.autonvaraosahaku.fi\/index.php?rest_route=%2Fwp%2Fv2%2Fmedia&parent=19902"}],"wp:term":[{"taxonomy":"pwb-brand","embeddable":true,"href":"https:\/\/www.autonvaraosahaku.fi\/index.php?rest_route=%2Fwp%2Fv2%2Fpwb-brand&post=19902"},{"taxonomy":"product_cat","embeddable":true,"href":"https:\/\/www.autonvaraosahaku.fi\/index.php?rest_route=%2Fwp%2Fv2%2Fproduct_cat&post=19902"},{"taxonomy":"product_tag","embeddable":true,"href":"https:\/\/www.autonvaraosahaku.fi\/index.php?rest_route=%2Fwp%2Fv2%2Fproduct_tag&post=19902"}],"curies":[{"name":"wp","href":"https:\/\/api.w.org\/{rel}","templated":true}]}}