{"id":19910,"date":"2021-02-21T14:38:29","date_gmt":"2021-02-21T14:38:29","guid":{"rendered":"https:\/\/www.autonvaraosahaku.fi\/?product=dakatec-300241-jouset"},"modified":"2021-02-21T14:38:30","modified_gmt":"2021-02-21T14:38:30","slug":"dakatec-300241-jouset","status":"publish","type":"product","link":"https:\/\/www.autonvaraosahaku.fi\/?product=dakatec-300241-jouset","title":{"rendered":"DAKAtec 300241 Jouset"},"content":{"rendered":"<p>Jousimalli: Kierrejousi; Asennuspuoli: Etuakseli; Paksuus [mm]: 12,2; L\u00e4pimitta [mm]: 141,5; Pituus (mm): 310,0; Kierroslukum\u00e4\u00e4r\u00e4: 5,45; Paino [g]: 2050; RENAULT: TWINGO I C06_; 7700821317, 8470616; Kierrejousi<\/p>\n","protected":false},"excerpt":{"rendered":"<p>DAKAtec Jousi 300241 Kierrejousi RENAULT,TWINGO I C06_<\/p>\n","protected":false},"featured_media":0,"template":"","meta":{"site-sidebar-layout":"default","site-content-layout":"default","ast-global-header-display":"","ast-main-header-display":"","ast-hfb-above-header-display":"","ast-hfb-below-header-display":"","ast-hfb-mobile-header-display":"","site-post-title":"","ast-breadcrumbs-content":"","ast-featured-img":"","footer-sml-layout":"","theme-transparent-header-meta":"","adv-header-id-meta":"","stick-header-meta":"","header-above-stick-meta":"","header-main-stick-meta":"","header-below-stick-meta":""},"pwb-brand":[283],"product_cat":[171],"product_tag":[],"class_list":{"0":"post-19910","1":"product","2":"type-product","3":"status-publish","5":"pwb-brand-dakatec","6":"product_cat-jouset","7":"desktop-align-left","8":"tablet-align-left","9":"mobile-align-left","11":"first","12":"instock","13":"product-type-external"},"brands":[{"id":283,"name":"DAKAtec","slug":"dakatec"}],"_links":{"self":[{"href":"https:\/\/www.autonvaraosahaku.fi\/index.php?rest_route=\/wp\/v2\/product\/19910","targetHints":{"allow":["GET"]}}],"collection":[{"href":"https:\/\/www.autonvaraosahaku.fi\/index.php?rest_route=\/wp\/v2\/product"}],"about":[{"href":"https:\/\/www.autonvaraosahaku.fi\/index.php?rest_route=\/wp\/v2\/types\/product"}],"wp:attachment":[{"href":"https:\/\/www.autonvaraosahaku.fi\/index.php?rest_route=%2Fwp%2Fv2%2Fmedia&parent=19910"}],"wp:term":[{"taxonomy":"pwb-brand","embeddable":true,"href":"https:\/\/www.autonvaraosahaku.fi\/index.php?rest_route=%2Fwp%2Fv2%2Fpwb-brand&post=19910"},{"taxonomy":"product_cat","embeddable":true,"href":"https:\/\/www.autonvaraosahaku.fi\/index.php?rest_route=%2Fwp%2Fv2%2Fproduct_cat&post=19910"},{"taxonomy":"product_tag","embeddable":true,"href":"https:\/\/www.autonvaraosahaku.fi\/index.php?rest_route=%2Fwp%2Fv2%2Fproduct_tag&post=19910"}],"curies":[{"name":"wp","href":"https:\/\/api.w.org\/{rel}","templated":true}]}}