{"id":19939,"date":"2021-02-21T14:38:37","date_gmt":"2021-02-21T14:38:37","guid":{"rendered":"https:\/\/www.autonvaraosahaku.fi\/?product=esen-skv-28skv018-peruutustutka-anturit"},"modified":"2021-02-21T14:38:37","modified_gmt":"2021-02-21T14:38:37","slug":"esen-skv-28skv018-peruutustutka-anturit","status":"publish","type":"product","link":"https:\/\/www.autonvaraosahaku.fi\/?product=esen-skv-28skv018-peruutustutka-anturit","title":{"rendered":"ESEN SKV 28SKV018 Peruutustutka anturit"},"content":{"rendered":"<p>J\u00e4nnite (V): 12; Paino [kg]: 0,03; K\u00e4ytt\u00f6: S\u00e4hk\u00f6inen; Muoto: Kulmikas; Tunnistinmalli: Ultra\u00e4\u00e4nitunnistin; Napojen m\u00e4\u00e4r\u00e4: 3; Valmistusvuoteen: 06\/1996; MERCEDES-BENZ: C-CLASS W204,A-CLASS W169,B-CLASS W245,C-CLASS T-Model S204,E-CLASS W212,VIANO W639,E-CLASS T-Model S212,VITO Bus W639,VITO \/ MIXTO Kasten W639,SPRINTER 3,5-t Kasten 906,S-CLASS W221,M-CLASS W166,G-CLASS W463,E-CLASS Coupe C207,C-CLASS Coupe C204,SPRINTER 3,5-t Bus 906,SPRINTER 3-t Kasten 906,SLK R172,E-CLASS Cabriolet A207,CLS C218,S-CLASS Coupe C216,SPRINTER 3-t Bus 906,CLS Shooting Brake X218,SPRINTER 5-t Kasten 906,GL-CLASS X166,G-CLASS Cabrio W463,SLS AMG C197,SPRINTER 4,6-t Kasten 906,SLS AMG Cabriolet A197; 2125420018, A2125420018; Tunnistin, Et\u00e4isyystunnistin<\/p>\n","protected":false},"excerpt":{"rendered":"<p>ESEN SKV Peruutustutka Anturit 28SKV018 Tunnistin, Et\u00e4isyystunnistin MERCEDES-BENZ,C-CLASS W204,A-CLASS W169,B-CLASS W245,C-CLASS T-Model S204<\/p>\n","protected":false},"featured_media":0,"template":"","meta":{"site-sidebar-layout":"default","site-content-layout":"default","ast-global-header-display":"","ast-main-header-display":"","ast-hfb-above-header-display":"","ast-hfb-below-header-display":"","ast-hfb-mobile-header-display":"","site-post-title":"","ast-breadcrumbs-content":"","ast-featured-img":"","footer-sml-layout":"","theme-transparent-header-meta":"","adv-header-id-meta":"","stick-header-meta":"","header-above-stick-meta":"","header-main-stick-meta":"","header-below-stick-meta":""},"pwb-brand":[384],"product_cat":[217],"product_tag":[],"class_list":{"0":"post-19939","1":"product","2":"type-product","3":"status-publish","5":"pwb-brand-esen-skv","6":"product_cat-peruutustutka-anturit","7":"desktop-align-left","8":"tablet-align-left","9":"mobile-align-left","11":"first","12":"instock","13":"product-type-external"},"brands":[{"id":384,"name":"ESEN SKV","slug":"esen-skv"}],"_links":{"self":[{"href":"https:\/\/www.autonvaraosahaku.fi\/index.php?rest_route=\/wp\/v2\/product\/19939","targetHints":{"allow":["GET"]}}],"collection":[{"href":"https:\/\/www.autonvaraosahaku.fi\/index.php?rest_route=\/wp\/v2\/product"}],"about":[{"href":"https:\/\/www.autonvaraosahaku.fi\/index.php?rest_route=\/wp\/v2\/types\/product"}],"wp:attachment":[{"href":"https:\/\/www.autonvaraosahaku.fi\/index.php?rest_route=%2Fwp%2Fv2%2Fmedia&parent=19939"}],"wp:term":[{"taxonomy":"pwb-brand","embeddable":true,"href":"https:\/\/www.autonvaraosahaku.fi\/index.php?rest_route=%2Fwp%2Fv2%2Fpwb-brand&post=19939"},{"taxonomy":"product_cat","embeddable":true,"href":"https:\/\/www.autonvaraosahaku.fi\/index.php?rest_route=%2Fwp%2Fv2%2Fproduct_cat&post=19939"},{"taxonomy":"product_tag","embeddable":true,"href":"https:\/\/www.autonvaraosahaku.fi\/index.php?rest_route=%2Fwp%2Fv2%2Fproduct_tag&post=19939"}],"curies":[{"name":"wp","href":"https:\/\/api.w.org\/{rel}","templated":true}]}}