{"id":19946,"date":"2021-02-21T14:38:37","date_gmt":"2021-02-21T14:38:37","guid":{"rendered":"https:\/\/www.autonvaraosahaku.fi\/?product=ridex-3947s0020-anturit-sensorit"},"modified":"2021-02-21T14:38:38","modified_gmt":"2021-02-21T14:38:38","slug":"ridex-3947s0020-anturit-sensorit","status":"publish","type":"product","link":"https:\/\/www.autonvaraosahaku.fi\/?product=ridex-3947s0020-anturit-sensorit","title":{"rendered":"RIDEX 3947S0020 Anturit (sensorit)"},"content":{"rendered":"<p>Napojen m\u00e4\u00e4r\u00e4: 3; Pistokkeen kotelon muoto: D-muoto; Kiinnitysreikien lukum\u00e4\u00e4r\u00e4: 2; Tarvittava kappalem\u00e4\u00e4r\u00e4: 2; BMW: 3 E46,3 Touring E91,3 E90,5 E60,1 E87,5 Touring E61,3 Touring E46,X3 E83,5 Touring F11,5 F10, F18,3 Compact E46,3 Coupe E46,X1 E84,1 E81,X5 E70,X3 F25,X5 E53,3 Coupe E92,3 Cabriolet E46,Z4 E85,3 Cabriolet E93,7 E65, E66, E67,1 Cabriolet E88,7 F01, F02, F03, F04,1 Coupe E82,Z4 E89,6 E63,Z4 Coupe E86,6 Cabriolet E64; ALPINA: B7 E65; ROLLS-ROYCE: PHANTOM VII RR1,PHANTOM VII Coupe RR3,PHANTOM VII Drophead Coupe RR2; 13620414704, 13627542623, 13627585278, 13628617097, 6PD7400<\/p>\n","protected":false},"excerpt":{"rendered":"<p>RIDEX Tunnistin, Imusarjapaine 3947S0020  BMW,ALPINA,ROLLS-ROYCE,3 E46,3 Touring E91,3 E90,5 E60,1 E87,5 Touring E61,3 Touring E46,X3 E83<\/p>\n","protected":false},"featured_media":0,"template":"","meta":{"site-sidebar-layout":"default","site-content-layout":"default","ast-global-header-display":"","ast-main-header-display":"","ast-hfb-above-header-display":"","ast-hfb-below-header-display":"","ast-hfb-mobile-header-display":"","site-post-title":"","ast-breadcrumbs-content":"","ast-featured-img":"","footer-sml-layout":"","theme-transparent-header-meta":"","adv-header-id-meta":"","stick-header-meta":"","header-above-stick-meta":"","header-main-stick-meta":"","header-below-stick-meta":""},"pwb-brand":[157],"product_cat":[98],"product_tag":[],"class_list":{"0":"post-19946","1":"product","2":"type-product","3":"status-publish","5":"pwb-brand-ridex","6":"product_cat-anturit-sensorit","7":"desktop-align-left","8":"tablet-align-left","9":"mobile-align-left","11":"first","12":"instock","13":"product-type-external"},"brands":[{"id":157,"name":"RIDEX","slug":"ridex"}],"_links":{"self":[{"href":"https:\/\/www.autonvaraosahaku.fi\/index.php?rest_route=\/wp\/v2\/product\/19946","targetHints":{"allow":["GET"]}}],"collection":[{"href":"https:\/\/www.autonvaraosahaku.fi\/index.php?rest_route=\/wp\/v2\/product"}],"about":[{"href":"https:\/\/www.autonvaraosahaku.fi\/index.php?rest_route=\/wp\/v2\/types\/product"}],"wp:attachment":[{"href":"https:\/\/www.autonvaraosahaku.fi\/index.php?rest_route=%2Fwp%2Fv2%2Fmedia&parent=19946"}],"wp:term":[{"taxonomy":"pwb-brand","embeddable":true,"href":"https:\/\/www.autonvaraosahaku.fi\/index.php?rest_route=%2Fwp%2Fv2%2Fpwb-brand&post=19946"},{"taxonomy":"product_cat","embeddable":true,"href":"https:\/\/www.autonvaraosahaku.fi\/index.php?rest_route=%2Fwp%2Fv2%2Fproduct_cat&post=19946"},{"taxonomy":"product_tag","embeddable":true,"href":"https:\/\/www.autonvaraosahaku.fi\/index.php?rest_route=%2Fwp%2Fv2%2Fproduct_tag&post=19946"}],"curies":[{"name":"wp","href":"https:\/\/api.w.org\/{rel}","templated":true}]}}