{"id":19952,"date":"2021-02-21T14:38:37","date_gmt":"2021-02-21T14:38:37","guid":{"rendered":"https:\/\/www.autonvaraosahaku.fi\/?product=ridex-1216r0095-hydraulinen-venttiilinnostin"},"modified":"2021-02-21T14:38:39","modified_gmt":"2021-02-21T14:38:39","slug":"ridex-1216r0095-hydraulinen-venttiilinnostin","status":"publish","type":"product","link":"https:\/\/www.autonvaraosahaku.fi\/?product=ridex-1216r0095-hydraulinen-venttiilinnostin","title":{"rendered":"RIDEX 1216R0095 Hydraulinen venttiilinnostin"},"content":{"rendered":"<p>K\u00e4ytt\u00f6: Hydraulinen; Paino [g]: 130; Tarvittava kappalem\u00e4\u00e4r\u00e4: 8; JEEP: GRAND CHEROKEE II WJ, WG,GRAND CHEROKEE I ZJ,CHEROKEE XJ; FORD USA: RANGER,AEROSTAR; CHRYSLER: VOYAGER III GS; OPEL: FRONTERA A Sport 5_SUD2,FRONTERA A 5_MWL4; FORD: SCORPIO II GFR, GGR,SCORPIO I GAE, GGE,SCORPIO II Kombi GNR, GGR,SCORPIO I Stufenheck GGE,SCORPIO I Kombi GGE; ALFA ROMEO: 164 164,155 167; VAUXHALL: FRONTERA Mk I A,FRONTERA Mk I A Sport; 60617014, 4773712, 7072620, F2SE6500AA, F2SZ6500A, ZZM112431; Venttiilinnostin<\/p>\n","protected":false},"excerpt":{"rendered":"<p>RIDEX Hydraulinen Venttiilinnostin 1216R0095 Venttiilinnostin JEEP,FORD USA,CHRYSLER,GRAND CHEROKEE II WJ, WG,GRAND CHEROKEE I ZJ,CHEROKEE XJ,RANGER<\/p>\n","protected":false},"featured_media":0,"template":"","meta":{"site-sidebar-layout":"default","site-content-layout":"default","ast-global-header-display":"","ast-main-header-display":"","ast-hfb-above-header-display":"","ast-hfb-below-header-display":"","ast-hfb-mobile-header-display":"","site-post-title":"","ast-breadcrumbs-content":"","ast-featured-img":"","footer-sml-layout":"","theme-transparent-header-meta":"","adv-header-id-meta":"","stick-header-meta":"","header-above-stick-meta":"","header-main-stick-meta":"","header-below-stick-meta":""},"pwb-brand":[157],"product_cat":[126],"product_tag":[],"class_list":{"0":"post-19952","1":"product","2":"type-product","3":"status-publish","5":"pwb-brand-ridex","6":"product_cat-hydraulinen-venttiilinnostin","7":"desktop-align-left","8":"tablet-align-left","9":"mobile-align-left","11":"first","12":"instock","13":"product-type-external"},"brands":[{"id":157,"name":"RIDEX","slug":"ridex"}],"_links":{"self":[{"href":"https:\/\/www.autonvaraosahaku.fi\/index.php?rest_route=\/wp\/v2\/product\/19952","targetHints":{"allow":["GET"]}}],"collection":[{"href":"https:\/\/www.autonvaraosahaku.fi\/index.php?rest_route=\/wp\/v2\/product"}],"about":[{"href":"https:\/\/www.autonvaraosahaku.fi\/index.php?rest_route=\/wp\/v2\/types\/product"}],"wp:attachment":[{"href":"https:\/\/www.autonvaraosahaku.fi\/index.php?rest_route=%2Fwp%2Fv2%2Fmedia&parent=19952"}],"wp:term":[{"taxonomy":"pwb-brand","embeddable":true,"href":"https:\/\/www.autonvaraosahaku.fi\/index.php?rest_route=%2Fwp%2Fv2%2Fpwb-brand&post=19952"},{"taxonomy":"product_cat","embeddable":true,"href":"https:\/\/www.autonvaraosahaku.fi\/index.php?rest_route=%2Fwp%2Fv2%2Fproduct_cat&post=19952"},{"taxonomy":"product_tag","embeddable":true,"href":"https:\/\/www.autonvaraosahaku.fi\/index.php?rest_route=%2Fwp%2Fv2%2Fproduct_tag&post=19952"}],"curies":[{"name":"wp","href":"https:\/\/api.w.org\/{rel}","templated":true}]}}