{"id":19966,"date":"2021-02-21T14:38:41","date_gmt":"2021-02-21T14:38:41","guid":{"rendered":"https:\/\/www.autonvaraosahaku.fi\/?product=ridex-469o0017-oljynjaahdytin"},"modified":"2021-02-21T14:38:42","modified_gmt":"2021-02-21T14:38:42","slug":"ridex-469o0017-oljynjaahdytin","status":"publish","type":"product","link":"https:\/\/www.autonvaraosahaku.fi\/?product=ridex-469o0017-oljynjaahdytin","title":{"rendered":"RIDEX 469O0017 \u00d6ljynj\u00e4\u00e4hdytin"},"content":{"rendered":"<p>Vaihteistomalli: K\u00e4si- \/ lis\u00e4varuste autom. vaihteisto; Kennon mitat: 99 x 96 x 73 mm; Varusteet: f\u00fcr Fahrzeuge mit Klimaanlage; VW: GOLF IV 1J1,PASSAT Variant 3C5,PASSAT Variant 3B6,PASSAT 3C2,GOLF III 1H1,GOLF IV Variant 1J5,SHARAN 7M8, 7M9, 7M6,PASSAT Variant 3B5,TRANSPORTER V Bus 7HB, 7HJ, 7EB, 7EJ, 7EF,MULTIVAN V 7HM, 7HN, 7HF, 7EF, 7EM, 7EN,PASSAT Variant 3A5, 35I,BORA 1J2,PASSAT 3B2,GOLF III Cabriolet 1E7,EOS 1F7, 1F8,TRANSPORTER V Kasten 7HA, 7HH, 7EA, 7EH,PASSAT CC 357,NEW BEETLE 9C1, 1C1,PASSAT 3B3,PHAETON 3D_,GOLF Mk III Cabriolet 1E7,BORA Kombi 1J6,GOLF III Variant 1H5,PASSAT 3A2, 35I,POLO Variant 6KV5,POLO CLASSIC 6KV2,VENTO 1H2,TRANSPORTER V Pritsche\/Fahrgestell 7JD, 7JE, 7JL, 7JY, 7JZ,; AUDI: A6 Avant 4F5, C6,A3 8L1,A4 8D2, B5,A4 Avant 8E5, B6,A6 Avant 4B5, C5,A4 Avant 8D5, B5,A4 8E2, B6,A6 4F2, C6,A6 4B2, C5,A4 Cabriolet 8H7, B6, 8HE, B7,A4 8EC, B7,TT 8N3,A8 4E_,A8 4D2, 4D8,TT Roadster 8N9,ALLROAD 4BH, C5; SKODA: OCTAVIA Combi 1U5,SUPERB Kombi 3T5,OCTAVIA 1U2,SUPERB 3U4,SUPERB 3T4; SEAT: LEON 1M1,ALHAMBRA 7V8, 7V9,IBIZA II 6K1,TOLEDO II 1M2,CORDOBA 6K1, 6K2,CORDOBA Vario 6K1,TOLEDO I 1L; FORD: GALAXY WGR; 028117021, 028117021C, 028117021D, 028117021E, 028117021H, 028117021, 028117021C, 028117021D, 028117021E, 028117021H, 028117021, 028117021C, 028117021D, 028117021E, 028117021H, 028117021, 028117021C, 028117021D, 028117021E, 028117021H, 028117021, 028117021C, 028117021D, 028117021E, 028117021H; \u00d6ljynlauhdutin,Moottori\u00f6ljyn J\u00e4\u00e4hdytin<\/p>\n","protected":false},"excerpt":{"rendered":"<p>RIDEX \u00d6ljynj\u00e4\u00e4hdytin 469O0017 \u00d6ljynlauhdutin,Moottori\u00f6ljyn J\u00e4\u00e4hdytin VW,AUDI,SKODA,GOLF IV 1J1,PASSAT Variant 3C5,PASSAT Variant 3B6,PASSAT 3C2<\/p>\n","protected":false},"featured_media":0,"template":"","meta":{"site-sidebar-layout":"default","site-content-layout":"default","ast-global-header-display":"","ast-main-header-display":"","ast-hfb-above-header-display":"","ast-hfb-below-header-display":"","ast-hfb-mobile-header-display":"","site-post-title":"","ast-breadcrumbs-content":"","ast-featured-img":"","footer-sml-layout":"","theme-transparent-header-meta":"","adv-header-id-meta":"","stick-header-meta":"","header-above-stick-meta":"","header-main-stick-meta":"","header-below-stick-meta":""},"pwb-brand":[157],"product_cat":[244],"product_tag":[],"class_list":{"0":"post-19966","1":"product","2":"type-product","3":"status-publish","5":"pwb-brand-ridex","6":"product_cat-oljynjaahdytin","7":"desktop-align-left","8":"tablet-align-left","9":"mobile-align-left","11":"first","12":"instock","13":"product-type-external"},"brands":[{"id":157,"name":"RIDEX","slug":"ridex"}],"_links":{"self":[{"href":"https:\/\/www.autonvaraosahaku.fi\/index.php?rest_route=\/wp\/v2\/product\/19966","targetHints":{"allow":["GET"]}}],"collection":[{"href":"https:\/\/www.autonvaraosahaku.fi\/index.php?rest_route=\/wp\/v2\/product"}],"about":[{"href":"https:\/\/www.autonvaraosahaku.fi\/index.php?rest_route=\/wp\/v2\/types\/product"}],"wp:attachment":[{"href":"https:\/\/www.autonvaraosahaku.fi\/index.php?rest_route=%2Fwp%2Fv2%2Fmedia&parent=19966"}],"wp:term":[{"taxonomy":"pwb-brand","embeddable":true,"href":"https:\/\/www.autonvaraosahaku.fi\/index.php?rest_route=%2Fwp%2Fv2%2Fpwb-brand&post=19966"},{"taxonomy":"product_cat","embeddable":true,"href":"https:\/\/www.autonvaraosahaku.fi\/index.php?rest_route=%2Fwp%2Fv2%2Fproduct_cat&post=19966"},{"taxonomy":"product_tag","embeddable":true,"href":"https:\/\/www.autonvaraosahaku.fi\/index.php?rest_route=%2Fwp%2Fv2%2Fproduct_tag&post=19966"}],"curies":[{"name":"wp","href":"https:\/\/api.w.org\/{rel}","templated":true}]}}