{"id":19970,"date":"2021-02-21T14:38:41","date_gmt":"2021-02-21T14:38:41","guid":{"rendered":"https:\/\/www.autonvaraosahaku.fi\/?product=jp-group-4163101500-jarrulevyt"},"modified":"2021-02-21T14:38:42","modified_gmt":"2021-02-21T14:38:42","slug":"jp-group-4163101500-jarrulevyt","status":"publish","type":"product","link":"https:\/\/www.autonvaraosahaku.fi\/?product=jp-group-4163101500-jarrulevyt","title":{"rendered":"JP GROUP 4163101500 Jarrulevyt"},"content":{"rendered":"<p>Asennuspuoli: Etuakseli; Jarrulevytyyppi: Tuuletettu; Ulkol\u00e4pimitta [mm]: 247; Jarrulevyn paksuus (mm): 20; Reikien m\u00e4\u00e4r\u00e4: 4; Pinta: pinnoitettu; TOYOTA: AYGO WNB1_, KGB1_,AYGO PAB4_, KGB4_; CITRO\u00cbN: C1 PM_, PN_,C1 II; PEUGEOT: 107,108; 1613819880, 1618863280, 1630633180, 4246F0, 4246J0, 424954, 424955, 424994, 1613819880, 1618863280, 1630633180, 4246F0, 4246J0, 424954, 424955, 424994, 435120H010, 435120H020, 435120H040; Jarrulevy<\/p>\n","protected":false},"excerpt":{"rendered":"<p>JP GROUP Jarrulevyt JP Group 4163101500 Jarrulevy TOYOTA,CITRO\u00cbN,PEUGEOT,AYGO WNB1_, KGB1_,AYGO PAB4_, KGB4_,C1 PM_, PN_,C1 II,107,108<\/p>\n","protected":false},"featured_media":0,"template":"","meta":{"site-sidebar-layout":"default","site-content-layout":"default","ast-global-header-display":"","ast-main-header-display":"","ast-hfb-above-header-display":"","ast-hfb-below-header-display":"","ast-hfb-mobile-header-display":"","site-post-title":"","ast-breadcrumbs-content":"","ast-featured-img":"","footer-sml-layout":"","theme-transparent-header-meta":"","adv-header-id-meta":"","stick-header-meta":"","header-above-stick-meta":"","header-main-stick-meta":"","header-below-stick-meta":""},"pwb-brand":[131],"product_cat":[66],"product_tag":[],"class_list":{"0":"post-19970","1":"product","2":"type-product","3":"status-publish","5":"pwb-brand-jp-group","6":"product_cat-jarrulevyt","7":"desktop-align-left","8":"tablet-align-left","9":"mobile-align-left","11":"first","12":"instock","13":"product-type-external"},"brands":[{"id":131,"name":"JP GROUP","slug":"jp-group"}],"_links":{"self":[{"href":"https:\/\/www.autonvaraosahaku.fi\/index.php?rest_route=\/wp\/v2\/product\/19970","targetHints":{"allow":["GET"]}}],"collection":[{"href":"https:\/\/www.autonvaraosahaku.fi\/index.php?rest_route=\/wp\/v2\/product"}],"about":[{"href":"https:\/\/www.autonvaraosahaku.fi\/index.php?rest_route=\/wp\/v2\/types\/product"}],"wp:attachment":[{"href":"https:\/\/www.autonvaraosahaku.fi\/index.php?rest_route=%2Fwp%2Fv2%2Fmedia&parent=19970"}],"wp:term":[{"taxonomy":"pwb-brand","embeddable":true,"href":"https:\/\/www.autonvaraosahaku.fi\/index.php?rest_route=%2Fwp%2Fv2%2Fpwb-brand&post=19970"},{"taxonomy":"product_cat","embeddable":true,"href":"https:\/\/www.autonvaraosahaku.fi\/index.php?rest_route=%2Fwp%2Fv2%2Fproduct_cat&post=19970"},{"taxonomy":"product_tag","embeddable":true,"href":"https:\/\/www.autonvaraosahaku.fi\/index.php?rest_route=%2Fwp%2Fv2%2Fproduct_tag&post=19970"}],"curies":[{"name":"wp","href":"https:\/\/api.w.org\/{rel}","templated":true}]}}