{"id":19972,"date":"2021-02-21T14:38:41","date_gmt":"2021-02-21T14:38:41","guid":{"rendered":"https:\/\/www.autonvaraosahaku.fi\/?product=jp-group-4118100910-moniurahihna"},"modified":"2021-02-21T14:38:43","modified_gmt":"2021-02-21T14:38:43","slug":"jp-group-4118100910-moniurahihna","status":"publish","type":"product","link":"https:\/\/www.autonvaraosahaku.fi\/?product=jp-group-4118100910-moniurahihna","title":{"rendered":"JP GROUP 4118100910 Moniurahihna"},"content":{"rendered":"<p>Pituus (mm): 1738; kiiloja: 6; Sis\u00e4lt\u00e4\u00e4 rullat: 2; Varusteet: f\u00fcr Fahrzeuge mit Klimaanlage; LANCIA: PHEDRA 179; FIAT: ULYSSE 179AX,ULYSSE 220,SCUDO Kasten 220L,SCUDO Combinato 220P; CITRO\u00cbN: XSARA PICASSO N68,C8 EA_, EB_,C5 I DC_,C5 I Break DE_,XANTIA X2,EVASION 22, U6,XANTIA Break X2,JUMPY U6U,JUMPY Kasten BS_, BT_, BY_, BZ_,JUMPY Pritsche\/Fahrgestell BU_, BV_, BW_, BX_; PEUGEOT: 206 Schr\u00e4gheck 2A\/C,206 SW 2E\/K,807 E,607 9D, 9U,406 Break 8E\/F,406 Coupe 8C,406 8B,806 221,EXPERT Kasten 222,EXPERT 224; 5750L2, 5750M7, 575129, 575155, 95577787, 96188881, 96188885, 96344657, 96363551, 46444537, 96188881, 96188885, 9618888580, 9622513, 96344657, 9634465780, 96363551, 9653522380, 5750L1, 5750M6, 5750S7, 575155, 95577787<\/p>\n","protected":false},"excerpt":{"rendered":"<p>JP GROUP Moniurahihnasarja JP Group 4118100910  LANCIA,FIAT,CITRO\u00cbN,PHEDRA 179,ULYSSE 179AX,ULYSSE 220,SCUDO Kasten 220L,SCUDO Combinato 220P<\/p>\n","protected":false},"featured_media":0,"template":"","meta":{"site-sidebar-layout":"default","site-content-layout":"default","ast-global-header-display":"","ast-main-header-display":"","ast-hfb-above-header-display":"","ast-hfb-below-header-display":"","ast-hfb-mobile-header-display":"","site-post-title":"","ast-breadcrumbs-content":"","ast-featured-img":"","footer-sml-layout":"","theme-transparent-header-meta":"","adv-header-id-meta":"","stick-header-meta":"","header-above-stick-meta":"","header-main-stick-meta":"","header-below-stick-meta":""},"pwb-brand":[131],"product_cat":[23],"product_tag":[],"class_list":{"0":"post-19972","1":"product","2":"type-product","3":"status-publish","5":"pwb-brand-jp-group","6":"product_cat-moniurahihna","7":"desktop-align-left","8":"tablet-align-left","9":"mobile-align-left","11":"first","12":"instock","13":"product-type-external"},"brands":[{"id":131,"name":"JP GROUP","slug":"jp-group"}],"_links":{"self":[{"href":"https:\/\/www.autonvaraosahaku.fi\/index.php?rest_route=\/wp\/v2\/product\/19972","targetHints":{"allow":["GET"]}}],"collection":[{"href":"https:\/\/www.autonvaraosahaku.fi\/index.php?rest_route=\/wp\/v2\/product"}],"about":[{"href":"https:\/\/www.autonvaraosahaku.fi\/index.php?rest_route=\/wp\/v2\/types\/product"}],"wp:attachment":[{"href":"https:\/\/www.autonvaraosahaku.fi\/index.php?rest_route=%2Fwp%2Fv2%2Fmedia&parent=19972"}],"wp:term":[{"taxonomy":"pwb-brand","embeddable":true,"href":"https:\/\/www.autonvaraosahaku.fi\/index.php?rest_route=%2Fwp%2Fv2%2Fpwb-brand&post=19972"},{"taxonomy":"product_cat","embeddable":true,"href":"https:\/\/www.autonvaraosahaku.fi\/index.php?rest_route=%2Fwp%2Fv2%2Fproduct_cat&post=19972"},{"taxonomy":"product_tag","embeddable":true,"href":"https:\/\/www.autonvaraosahaku.fi\/index.php?rest_route=%2Fwp%2Fv2%2Fproduct_tag&post=19972"}],"curies":[{"name":"wp","href":"https:\/\/api.w.org\/{rel}","templated":true}]}}