{"id":19995,"date":"2021-02-21T14:38:45","date_gmt":"2021-02-21T14:38:45","guid":{"rendered":"https:\/\/www.autonvaraosahaku.fi\/?product=trw-jgs1072t-iskunvaimennin"},"modified":"2021-02-21T14:38:47","modified_gmt":"2021-02-21T14:38:47","slug":"trw-jgs1072t-iskunvaimennin","status":"publish","type":"product","link":"https:\/\/www.autonvaraosahaku.fi\/?product=trw-jgs1072t-iskunvaimennin","title":{"rendered":"TRW JGS1072T Iskunvaimennin"},"content":{"rendered":"<p>Asennuspuoli: Etuakseli; L\u00e4pimitta [mm]: 54; Jousijalan l\u00e4pimitta [mm]: 12,5; Pituus 1 (mm): 608; Pituus 2 (mm): 482; Iskunvaimennin tyyppi: Kaasupaine; Iskunvaimennin malli: Vaimennin, jousituella; Iskunvaimennusj\u00e4rjestelm\u00e4: Kaksiputki; Iskunvaimennin asennustapa: Tappi ylh\u00e4\u00e4ll\u00e4, Haarukka alhaalla; lis\u00e4tieto: TWIN; Alustarakenne: f\u00fcr Fahrzeuge mit Standard Fahrwerk; MERCEDES-BENZ: E-CLASS W211,E-CLASS T-Model S211; 2113231100, 2113231500, 2113233300, 2113235500, 2113235600, 2113239100, 2113239200, A2113231100, A2113231500, A2113233300, A2113235500, A2113235600, A2113239100, A2113239200; Iskarit,Iskunvaimennin<\/p>\n","protected":false},"excerpt":{"rendered":"<p>TRW Iskunvaimentimet JGS1072T Iskarit,Iskunvaimennin MERCEDES-BENZ,E-CLASS W211,E-CLASS T-Model S211<\/p>\n","protected":false},"featured_media":0,"template":"","meta":{"site-sidebar-layout":"default","site-content-layout":"default","ast-global-header-display":"","ast-main-header-display":"","ast-hfb-above-header-display":"","ast-hfb-below-header-display":"","ast-hfb-mobile-header-display":"","site-post-title":"","ast-breadcrumbs-content":"","ast-featured-img":"","footer-sml-layout":"","theme-transparent-header-meta":"","adv-header-id-meta":"","stick-header-meta":"","header-above-stick-meta":"","header-main-stick-meta":"","header-below-stick-meta":""},"pwb-brand":[332],"product_cat":[80],"product_tag":[],"class_list":{"0":"post-19995","1":"product","2":"type-product","3":"status-publish","5":"pwb-brand-trw","6":"product_cat-iskunvaimennin","7":"desktop-align-left","8":"tablet-align-left","9":"mobile-align-left","11":"first","12":"instock","13":"product-type-external"},"brands":[{"id":332,"name":"TRW","slug":"trw"}],"_links":{"self":[{"href":"https:\/\/www.autonvaraosahaku.fi\/index.php?rest_route=\/wp\/v2\/product\/19995","targetHints":{"allow":["GET"]}}],"collection":[{"href":"https:\/\/www.autonvaraosahaku.fi\/index.php?rest_route=\/wp\/v2\/product"}],"about":[{"href":"https:\/\/www.autonvaraosahaku.fi\/index.php?rest_route=\/wp\/v2\/types\/product"}],"wp:attachment":[{"href":"https:\/\/www.autonvaraosahaku.fi\/index.php?rest_route=%2Fwp%2Fv2%2Fmedia&parent=19995"}],"wp:term":[{"taxonomy":"pwb-brand","embeddable":true,"href":"https:\/\/www.autonvaraosahaku.fi\/index.php?rest_route=%2Fwp%2Fv2%2Fpwb-brand&post=19995"},{"taxonomy":"product_cat","embeddable":true,"href":"https:\/\/www.autonvaraosahaku.fi\/index.php?rest_route=%2Fwp%2Fv2%2Fproduct_cat&post=19995"},{"taxonomy":"product_tag","embeddable":true,"href":"https:\/\/www.autonvaraosahaku.fi\/index.php?rest_route=%2Fwp%2Fv2%2Fproduct_tag&post=19995"}],"curies":[{"name":"wp","href":"https:\/\/api.w.org\/{rel}","templated":true}]}}