{"id":19998,"date":"2021-02-21T14:38:45","date_gmt":"2021-02-21T14:38:45","guid":{"rendered":"https:\/\/www.autonvaraosahaku.fi\/?product=mahle-original-hx-139d-automaattivaihteiston-suodatin"},"modified":"2021-02-21T14:38:47","modified_gmt":"2021-02-21T14:38:47","slug":"mahle-original-hx-139d-automaattivaihteiston-suodatin","status":"publish","type":"product","link":"https:\/\/www.autonvaraosahaku.fi\/?product=mahle-original-hx-139d-automaattivaihteiston-suodatin","title":{"rendered":"MAHLE ORIGINAL HX 139D Automaattivaihteiston suodatin"},"content":{"rendered":"<p>Vaihteistomalli: Automaattivaihteisto, f\u00fcr Getriebeautomatik 7 Gang; Suodatintyyppi: Suodatinpanos; Korkeus (mm): 136,95; L\u00e4pimitta [mm]: 53,8; Sis\u00e4l\u00e4pimitta 1 [mm]: 16,84; VW: TIGUAN 5N_,GOLF VII 5G1, BE1,TRANSPORTER V Bus 7HB, 7HJ, 7EB, 7EJ, 7EF,MULTIVAN V 7HM, 7HN, 7HF, 7EF, 7EM, 7EN,TRANSPORTER V Kasten 7HA, 7HH, 7EA, 7EH,SHARAN 7N1, 7N2,TRANSPORTER V Pritsche\/Fahrgestell 7JD, 7JE, 7JL, 7JY, 7JZ,,PASSAT Variant 3G5,TIGUAN AD1,MULTIVAN VI SGF, SGM, SGN,TRANSPORTER VI Bus SGB, SGG, SGJ,PASSAT 3G2,TRANSPORTER VI Kasten SGA, SGH,PASSAT ALLTRACK 3G5,ARTEON 3H7,TIGUAN ALLSPACE BW2,TRANSPORTER VI Pritsche\/Fahrgestell SFD, SFE, SFL, SFZ; AUDI: A3 Sportback 8PA,A3 Sportback 8VA,TT 8J3,Q3 8U,A3 Limousine 8VS,TT Roadster 8J9,R8 42,R8 Spyder,TT FV3,TT Roadster FV9,R8 4S,R8 Spyder 4S9; SKODA: KODIAQ NS7; SEAT: ALHAMBRA 710, 711; 0BH325183A, 0BH325183B, N91084501, 0BH325183A, 0BH325183B, N91084501, 0BH325183A, 0BH325183B, N91084501<\/p>\n","protected":false},"excerpt":{"rendered":"<p>MAHLE ORIGINAL Hydrauliikkasuodatin, Automaattivaihteisto HX 139D  VW,AUDI,SKODA,TIGUAN 5N_,GOLF VII 5G1, BE1<\/p>\n","protected":false},"featured_media":0,"template":"","meta":{"site-sidebar-layout":"default","site-content-layout":"default","ast-global-header-display":"","ast-main-header-display":"","ast-hfb-above-header-display":"","ast-hfb-below-header-display":"","ast-hfb-mobile-header-display":"","site-post-title":"","ast-breadcrumbs-content":"","ast-featured-img":"","footer-sml-layout":"","theme-transparent-header-meta":"","adv-header-id-meta":"","stick-header-meta":"","header-above-stick-meta":"","header-main-stick-meta":"","header-below-stick-meta":""},"pwb-brand":[153],"product_cat":[141],"product_tag":[],"class_list":{"0":"post-19998","1":"product","2":"type-product","3":"status-publish","5":"pwb-brand-mahle-original","6":"product_cat-automaattivaihteiston-suodatin","7":"desktop-align-left","8":"tablet-align-left","9":"mobile-align-left","11":"first","12":"instock","13":"product-type-external"},"brands":[{"id":153,"name":"MAHLE ORIGINAL","slug":"mahle-original"}],"_links":{"self":[{"href":"https:\/\/www.autonvaraosahaku.fi\/index.php?rest_route=\/wp\/v2\/product\/19998","targetHints":{"allow":["GET"]}}],"collection":[{"href":"https:\/\/www.autonvaraosahaku.fi\/index.php?rest_route=\/wp\/v2\/product"}],"about":[{"href":"https:\/\/www.autonvaraosahaku.fi\/index.php?rest_route=\/wp\/v2\/types\/product"}],"wp:attachment":[{"href":"https:\/\/www.autonvaraosahaku.fi\/index.php?rest_route=%2Fwp%2Fv2%2Fmedia&parent=19998"}],"wp:term":[{"taxonomy":"pwb-brand","embeddable":true,"href":"https:\/\/www.autonvaraosahaku.fi\/index.php?rest_route=%2Fwp%2Fv2%2Fpwb-brand&post=19998"},{"taxonomy":"product_cat","embeddable":true,"href":"https:\/\/www.autonvaraosahaku.fi\/index.php?rest_route=%2Fwp%2Fv2%2Fproduct_cat&post=19998"},{"taxonomy":"product_tag","embeddable":true,"href":"https:\/\/www.autonvaraosahaku.fi\/index.php?rest_route=%2Fwp%2Fv2%2Fproduct_tag&post=19998"}],"curies":[{"name":"wp","href":"https:\/\/api.w.org\/{rel}","templated":true}]}}