{"id":20000,"date":"2021-02-21T14:38:49","date_gmt":"2021-02-21T14:38:49","guid":{"rendered":"https:\/\/www.autonvaraosahaku.fi\/?product=monroe-ml5707-takaluukun-kaasujousi"},"modified":"2021-02-21T14:38:49","modified_gmt":"2021-02-21T14:38:49","slug":"monroe-ml5707-takaluukun-kaasujousi","status":"publish","type":"product","link":"https:\/\/www.autonvaraosahaku.fi\/?product=monroe-ml5707-takaluukun-kaasujousi","title":{"rendered":"MONROE ML5707 Takaluukun kaasujousi"},"content":{"rendered":"<p>Paino [kg]: 0,352; Sylinterin halkaisija [mm]: 18,5; Isku (mm): 210; Ty\u00f6nt\u00f6voima [N]: 620; Jousijalan l\u00e4pimitta [mm]: 8; Pakkauspituus [cm]: 72,5; Pakkausleveys [cm]: 3; Pakkauskorkeus [mm]: 3, 3; Valmistusvuosi alkaen: 09\/2006; KIA: SORENTO I JC; 817713E011, 817713E020, 817813E011, 817813E020; Kaasujousi, Tavaratila<\/p>\n","protected":false},"excerpt":{"rendered":"<p>MONROE Takaluukun Kaasujousi MONROE MaxLift ML5707 Kaasujousi, Tavaratila KIA,SORENTO I JC<\/p>\n","protected":false},"featured_media":0,"template":"","meta":{"site-sidebar-layout":"default","site-content-layout":"default","ast-global-header-display":"","ast-main-header-display":"","ast-hfb-above-header-display":"","ast-hfb-below-header-display":"","ast-hfb-mobile-header-display":"","site-post-title":"","ast-breadcrumbs-content":"","ast-featured-img":"","footer-sml-layout":"","theme-transparent-header-meta":"","adv-header-id-meta":"","stick-header-meta":"","header-above-stick-meta":"","header-main-stick-meta":"","header-below-stick-meta":""},"pwb-brand":[79],"product_cat":[59],"product_tag":[],"class_list":{"0":"post-20000","1":"product","2":"type-product","3":"status-publish","5":"pwb-brand-monroe","6":"product_cat-takaluukun-kaasujousi","7":"desktop-align-left","8":"tablet-align-left","9":"mobile-align-left","11":"first","12":"instock","13":"product-type-external"},"brands":[{"id":79,"name":"MONROE","slug":"monroe"}],"_links":{"self":[{"href":"https:\/\/www.autonvaraosahaku.fi\/index.php?rest_route=\/wp\/v2\/product\/20000","targetHints":{"allow":["GET"]}}],"collection":[{"href":"https:\/\/www.autonvaraosahaku.fi\/index.php?rest_route=\/wp\/v2\/product"}],"about":[{"href":"https:\/\/www.autonvaraosahaku.fi\/index.php?rest_route=\/wp\/v2\/types\/product"}],"wp:attachment":[{"href":"https:\/\/www.autonvaraosahaku.fi\/index.php?rest_route=%2Fwp%2Fv2%2Fmedia&parent=20000"}],"wp:term":[{"taxonomy":"pwb-brand","embeddable":true,"href":"https:\/\/www.autonvaraosahaku.fi\/index.php?rest_route=%2Fwp%2Fv2%2Fpwb-brand&post=20000"},{"taxonomy":"product_cat","embeddable":true,"href":"https:\/\/www.autonvaraosahaku.fi\/index.php?rest_route=%2Fwp%2Fv2%2Fproduct_cat&post=20000"},{"taxonomy":"product_tag","embeddable":true,"href":"https:\/\/www.autonvaraosahaku.fi\/index.php?rest_route=%2Fwp%2Fv2%2Fproduct_tag&post=20000"}],"curies":[{"name":"wp","href":"https:\/\/api.w.org\/{rel}","templated":true}]}}