{"id":20010,"date":"2021-02-21T14:38:49","date_gmt":"2021-02-21T14:38:49","guid":{"rendered":"https:\/\/www.autonvaraosahaku.fi\/?product=alanko-10550006-ilmastoinnin-kompressori"},"modified":"2021-02-21T14:38:50","modified_gmt":"2021-02-21T14:38:50","slug":"alanko-10550006-ilmastoinnin-kompressori","status":"publish","type":"product","link":"https:\/\/www.autonvaraosahaku.fi\/?product=alanko-10550006-ilmastoinnin-kompressori","title":{"rendered":"ALANKO 10550006 Ilmastoinnin kompressori"},"content":{"rendered":"<p>Kompressorin tunnus: SD7V16; J\u00e4nnite (V): 12; Kiinnitysreikien lukum\u00e4\u00e4r\u00e4: 4; kierrereiki\u00e4 [kpl]: 0; Pistokemallin tunnus: 2-Pin; Pistokkeen kotelon muoto: Kulmikas; Hihnapy\u00f6r\u00e4-\u00d8[mm]: 119; kiiloja: 6; Hihnapy\u00f6r\u00e4t: Moniurahihnapy\u00f6r\u00e4; Kompressori\u00f6ljy: PAG 46; \u00d6ljynt\u00e4ytt\u00f6m\u00e4\u00e4r\u00e4 [ml]: 135; Kylm\u00e4aine: R 134a; M\u00e4\u00e4r\u00e4yksikk\u00f6: Kappale; Uusi osa: ; Valmistusvuosi alkaen: 01\/2001; VW: GOLF IV 1J1,GOLF IV Variant 1J5,SHARAN 7M8, 7M9, 7M6,POLO 6N2,POLO 6N1,TRANSPORTER V Bus 7HB, 7HJ, 7EB, 7EJ, 7EF,MULTIVAN V 7HM, 7HN, 7HF, 7EF, 7EM, 7EN,CADDY III Kasten 2KA, 2KH, 2CA, 2CH,BORA 1J2,TRANSPORTER V Kasten 7HA, 7HH, 7EA, 7EH,NEW BEETLE 9C1, 1C1,GOLF Mk III Cabriolet 1E7,BORA Kombi 1J6,NEW BEETLE Cabriolet 1Y7,POLO Variant 6KV5,POLO CLASSIC 6KV2,TRANSPORTER V Pritsche\/Fahrgestell 7JD, 7JE, 7JL, 7JY, 7JZ,; AUDI: A3 8L1,TT 8N3,TT Roadster 8N9; FORD: GALAXY WGR,ESCORT V GAL,ESCORT V Kombi GAL, AVL; SKODA: OCTAVIA Combi 1U5,OCTAVIA 1U2; SEAT: LEON 1M1,ALHAMBRA 7V8, 7V9,IBIZA II 6K1,TOLEDO II 1M2,CORDOBA 6K1, 6K2,CORDOBA Vario 6K1,TOLEDO I 1L; CADILLAC: BLS Wagon; 1J0820803A, 1J0820803B, 1J0820803F, 1J0820803G, 1J0820803J, 1J0820803K, 1J0820805, 7M0820803, 1076012, 1111419, 1211741, 1458685, XM2H19D629AA, YM2H16D629AA, YM2H19D629BA, YM2H19D629BB, YM2H19D629DA; AC Kompressori,Kompressori, Ilmastointilaite<\/p>\n","protected":false},"excerpt":{"rendered":"<p>ALANKO Ilmastoinnin Kompressori 10550006 AC Kompressori,Kompressori, Ilmastointilaite VW,AUDI,FORD,GOLF IV 1J1,GOLF IV Variant 1J5<\/p>\n","protected":false},"featured_media":0,"template":"","meta":{"site-sidebar-layout":"default","site-content-layout":"default","ast-global-header-display":"","ast-main-header-display":"","ast-hfb-above-header-display":"","ast-hfb-below-header-display":"","ast-hfb-mobile-header-display":"","site-post-title":"","ast-breadcrumbs-content":"","ast-featured-img":"","footer-sml-layout":"","theme-transparent-header-meta":"","adv-header-id-meta":"","stick-header-meta":"","header-above-stick-meta":"","header-main-stick-meta":"","header-below-stick-meta":""},"pwb-brand":[324],"product_cat":[444],"product_tag":[],"class_list":{"0":"post-20010","1":"product","2":"type-product","3":"status-publish","5":"pwb-brand-alanko","6":"product_cat-ilmastoinnin-kompressori","7":"desktop-align-left","8":"tablet-align-left","9":"mobile-align-left","11":"first","12":"instock","13":"product-type-external"},"brands":[{"id":324,"name":"ALANKO","slug":"alanko"}],"_links":{"self":[{"href":"https:\/\/www.autonvaraosahaku.fi\/index.php?rest_route=\/wp\/v2\/product\/20010","targetHints":{"allow":["GET"]}}],"collection":[{"href":"https:\/\/www.autonvaraosahaku.fi\/index.php?rest_route=\/wp\/v2\/product"}],"about":[{"href":"https:\/\/www.autonvaraosahaku.fi\/index.php?rest_route=\/wp\/v2\/types\/product"}],"wp:attachment":[{"href":"https:\/\/www.autonvaraosahaku.fi\/index.php?rest_route=%2Fwp%2Fv2%2Fmedia&parent=20010"}],"wp:term":[{"taxonomy":"pwb-brand","embeddable":true,"href":"https:\/\/www.autonvaraosahaku.fi\/index.php?rest_route=%2Fwp%2Fv2%2Fpwb-brand&post=20010"},{"taxonomy":"product_cat","embeddable":true,"href":"https:\/\/www.autonvaraosahaku.fi\/index.php?rest_route=%2Fwp%2Fv2%2Fproduct_cat&post=20010"},{"taxonomy":"product_tag","embeddable":true,"href":"https:\/\/www.autonvaraosahaku.fi\/index.php?rest_route=%2Fwp%2Fv2%2Fproduct_tag&post=20010"}],"curies":[{"name":"wp","href":"https:\/\/api.w.org\/{rel}","templated":true}]}}