{"id":20013,"date":"2021-02-21T14:38:49","date_gmt":"2021-02-21T14:38:49","guid":{"rendered":"https:\/\/www.autonvaraosahaku.fi\/?product=maxgear-27-0302-abs-keha"},"modified":"2021-02-21T14:38:51","modified_gmt":"2021-02-21T14:38:51","slug":"maxgear-27-0302-abs-keha","status":"publish","type":"product","link":"https:\/\/www.autonvaraosahaku.fi\/?product=maxgear-27-0302-abs-keha","title":{"rendered":"MAXGEAR 27-0302 ABS keh\u00e4"},"content":{"rendered":"<p>Sis\u00e4l\u00e4pimitta [mm]: 63,4; Leveys (mm): 8,3; Ulkol\u00e4pimitta [mm]: 73; Korvaava tuote\/korvaava tiedote 2: sis\u00e4\u00e4nrakennetulla magneetti sensorirenkaalla; Napojen m\u00e4\u00e4r\u00e4: 96; Asennuspuoli: Hinterachse beidseitig; CITRO\u00cbN: C2 JM_,C3 I FC_,C3 II,C3 Pluriel HB_,C2 ENTERPRISE; PEUGEOT: 206 Schr\u00e4gheck 2A\/C,206 CC 2D,307 SW 3H,307 CC 3B,307 3A\/C,206 SW 2E\/K,206+ T3E,307 Break 3E,1007 KM_,206 Stufenheck,206 Van; ABS Hammaskeh\u00e4,ABS Rengas,Anturirengas, ABS<\/p>\n","protected":false},"excerpt":{"rendered":"<p>MAXGEAR ABS Keh\u00e4 27-0302 ABS Hammaskeh\u00e4,ABS Rengas CITRO\u00cbN,PEUGEOT,C2 JM_,C3 I FC_,C3 II,C3 Pluriel HB_,C2 ENTERPRISE,206 Schr\u00e4gheck 2A\/C,206 CC 2D<\/p>\n","protected":false},"featured_media":0,"template":"","meta":{"site-sidebar-layout":"default","site-content-layout":"default","ast-global-header-display":"","ast-main-header-display":"","ast-hfb-above-header-display":"","ast-hfb-below-header-display":"","ast-hfb-mobile-header-display":"","site-post-title":"","ast-breadcrumbs-content":"","ast-featured-img":"","footer-sml-layout":"","theme-transparent-header-meta":"","adv-header-id-meta":"","stick-header-meta":"","header-above-stick-meta":"","header-main-stick-meta":"","header-below-stick-meta":""},"pwb-brand":[48],"product_cat":[273],"product_tag":[],"class_list":{"0":"post-20013","1":"product","2":"type-product","3":"status-publish","5":"pwb-brand-maxgear","6":"product_cat-abs-keha","7":"desktop-align-left","8":"tablet-align-left","9":"mobile-align-left","11":"first","12":"instock","13":"product-type-external"},"brands":[{"id":48,"name":"MAXGEAR","slug":"maxgear"}],"_links":{"self":[{"href":"https:\/\/www.autonvaraosahaku.fi\/index.php?rest_route=\/wp\/v2\/product\/20013","targetHints":{"allow":["GET"]}}],"collection":[{"href":"https:\/\/www.autonvaraosahaku.fi\/index.php?rest_route=\/wp\/v2\/product"}],"about":[{"href":"https:\/\/www.autonvaraosahaku.fi\/index.php?rest_route=\/wp\/v2\/types\/product"}],"wp:attachment":[{"href":"https:\/\/www.autonvaraosahaku.fi\/index.php?rest_route=%2Fwp%2Fv2%2Fmedia&parent=20013"}],"wp:term":[{"taxonomy":"pwb-brand","embeddable":true,"href":"https:\/\/www.autonvaraosahaku.fi\/index.php?rest_route=%2Fwp%2Fv2%2Fpwb-brand&post=20013"},{"taxonomy":"product_cat","embeddable":true,"href":"https:\/\/www.autonvaraosahaku.fi\/index.php?rest_route=%2Fwp%2Fv2%2Fproduct_cat&post=20013"},{"taxonomy":"product_tag","embeddable":true,"href":"https:\/\/www.autonvaraosahaku.fi\/index.php?rest_route=%2Fwp%2Fv2%2Fproduct_tag&post=20013"}],"curies":[{"name":"wp","href":"https:\/\/api.w.org\/{rel}","templated":true}]}}