{"id":20032,"date":"2021-02-21T14:38:53","date_gmt":"2021-02-21T14:38:53","guid":{"rendered":"https:\/\/www.autonvaraosahaku.fi\/?product=topran-623-117-anturit-sensorit"},"modified":"2021-02-21T14:38:55","modified_gmt":"2021-02-21T14:38:55","slug":"topran-623-117-anturit-sensorit","status":"publish","type":"product","link":"https:\/\/www.autonvaraosahaku.fi\/?product=topran-623-117-anturit-sensorit","title":{"rendered":"TOPRAN 623 117 Anturit (sensorit)"},"content":{"rendered":"<p>Jousitusmalli: Ajoneuvoihin, ilman ilmajousitusta; Varusteet: ajoneuvoille ajovalons\u00e4\u00e4d\u00f6ll\u00e4 (automaattisella); Asennuspuoli: Etuakseli; Kotelomateriaali: Muovi, Polyamidi 6.6, Lasikuitu-muovi; Kopan v\u00e4ri: Musta; Napojen m\u00e4\u00e4r\u00e4: 4; Pistokkeen kotelon muoto: D-muoto; Tunnistinmalli: Vipuanturi; Lis\u00e4tarvike\/lis\u00e4tieto: Pidikkeell\u00e4; Korvaava tuote\/korvaava tiedote 2: Kuulatapilla; Moottorinumero: CGWC; AUDI: A4 Avant 8K5, B8,A4 8K2, B8,A5 8T3,A5 Sportback 8TA; 8K0941285J, 8K0941285K, 8K0941285P<\/p>\n","protected":false},"excerpt":{"rendered":"<p>TOPRAN Sensori, Xenonvalo (Ajovalokorkeuden S\u00e4\u00e4t\u00f6) 623 117  AUDI,A4 Avant 8K5, B8,A4 8K2, B8,A5 8T3,A5 Sportback 8TA<\/p>\n","protected":false},"featured_media":0,"template":"","meta":{"site-sidebar-layout":"default","site-content-layout":"default","ast-global-header-display":"","ast-main-header-display":"","ast-hfb-above-header-display":"","ast-hfb-below-header-display":"","ast-hfb-mobile-header-display":"","site-post-title":"","ast-breadcrumbs-content":"","ast-featured-img":"","footer-sml-layout":"","theme-transparent-header-meta":"","adv-header-id-meta":"","stick-header-meta":"","header-above-stick-meta":"","header-main-stick-meta":"","header-below-stick-meta":""},"pwb-brand":[18],"product_cat":[98],"product_tag":[],"class_list":{"0":"post-20032","1":"product","2":"type-product","3":"status-publish","5":"pwb-brand-topran","6":"product_cat-anturit-sensorit","7":"desktop-align-left","8":"tablet-align-left","9":"mobile-align-left","11":"first","12":"instock","13":"product-type-external"},"brands":[{"id":18,"name":"TOPRAN","slug":"topran"}],"_links":{"self":[{"href":"https:\/\/www.autonvaraosahaku.fi\/index.php?rest_route=\/wp\/v2\/product\/20032","targetHints":{"allow":["GET"]}}],"collection":[{"href":"https:\/\/www.autonvaraosahaku.fi\/index.php?rest_route=\/wp\/v2\/product"}],"about":[{"href":"https:\/\/www.autonvaraosahaku.fi\/index.php?rest_route=\/wp\/v2\/types\/product"}],"wp:attachment":[{"href":"https:\/\/www.autonvaraosahaku.fi\/index.php?rest_route=%2Fwp%2Fv2%2Fmedia&parent=20032"}],"wp:term":[{"taxonomy":"pwb-brand","embeddable":true,"href":"https:\/\/www.autonvaraosahaku.fi\/index.php?rest_route=%2Fwp%2Fv2%2Fpwb-brand&post=20032"},{"taxonomy":"product_cat","embeddable":true,"href":"https:\/\/www.autonvaraosahaku.fi\/index.php?rest_route=%2Fwp%2Fv2%2Fproduct_cat&post=20032"},{"taxonomy":"product_tag","embeddable":true,"href":"https:\/\/www.autonvaraosahaku.fi\/index.php?rest_route=%2Fwp%2Fv2%2Fproduct_tag&post=20032"}],"curies":[{"name":"wp","href":"https:\/\/api.w.org\/{rel}","templated":true}]}}