{"id":20097,"date":"2021-02-21T14:39:06","date_gmt":"2021-02-21T14:39:06","guid":{"rendered":"https:\/\/www.autonvaraosahaku.fi\/?product=hengst-filter-e1054l-ilmansuodatin"},"modified":"2021-02-21T14:39:09","modified_gmt":"2021-02-21T14:39:09","slug":"hengst-filter-e1054l-ilmansuodatin","status":"publish","type":"product","link":"https:\/\/www.autonvaraosahaku.fi\/?product=hengst-filter-e1054l-ilmansuodatin","title":{"rendered":"HENGST FILTER E1054L Ilmansuodatin"},"content":{"rendered":"<p>Suodatintyyppi: Suodatinpanos; Ulkol\u00e4pimitta [mm]: 162,0; Sis\u00e4l\u00e4pimitta 1 [mm]: 90,5; Sis\u00e4l\u00e4pimitta 2 [mm]: 30,5; Korkeus (mm): 186,5; Moottorinumero: CZVE\/CZVF; AUDI: A6 Avant 4G5, C7, 4GD,A6 4G2, C7, 4GC,A7 Sportback 4GA, 4GF,A6 Allroad 4GH, 4GJ<\/p>\n","protected":false},"excerpt":{"rendered":"<p>HENGST FILTER Ilmansuodatin E1054L  AUDI,A6 Avant 4G5, C7, 4GD,A6 4G2, C7, 4GC,A7 Sportback 4GA, 4GF,A6 Allroad 4GH, 4GJ<\/p>\n","protected":false},"featured_media":0,"template":"","meta":{"site-sidebar-layout":"default","site-content-layout":"default","ast-global-header-display":"","ast-main-header-display":"","ast-hfb-above-header-display":"","ast-hfb-below-header-display":"","ast-hfb-mobile-header-display":"","site-post-title":"","ast-breadcrumbs-content":"","ast-featured-img":"","footer-sml-layout":"","theme-transparent-header-meta":"","adv-header-id-meta":"","stick-header-meta":"","header-above-stick-meta":"","header-main-stick-meta":"","header-below-stick-meta":""},"pwb-brand":[336],"product_cat":[31],"product_tag":[],"class_list":{"0":"post-20097","1":"product","2":"type-product","3":"status-publish","5":"pwb-brand-hengst-filter","6":"product_cat-ilmansuodatin","7":"desktop-align-left","8":"tablet-align-left","9":"mobile-align-left","11":"first","12":"instock","13":"product-type-external"},"brands":[{"id":336,"name":"HENGST FILTER","slug":"hengst-filter"}],"_links":{"self":[{"href":"https:\/\/www.autonvaraosahaku.fi\/index.php?rest_route=\/wp\/v2\/product\/20097","targetHints":{"allow":["GET"]}}],"collection":[{"href":"https:\/\/www.autonvaraosahaku.fi\/index.php?rest_route=\/wp\/v2\/product"}],"about":[{"href":"https:\/\/www.autonvaraosahaku.fi\/index.php?rest_route=\/wp\/v2\/types\/product"}],"wp:attachment":[{"href":"https:\/\/www.autonvaraosahaku.fi\/index.php?rest_route=%2Fwp%2Fv2%2Fmedia&parent=20097"}],"wp:term":[{"taxonomy":"pwb-brand","embeddable":true,"href":"https:\/\/www.autonvaraosahaku.fi\/index.php?rest_route=%2Fwp%2Fv2%2Fpwb-brand&post=20097"},{"taxonomy":"product_cat","embeddable":true,"href":"https:\/\/www.autonvaraosahaku.fi\/index.php?rest_route=%2Fwp%2Fv2%2Fproduct_cat&post=20097"},{"taxonomy":"product_tag","embeddable":true,"href":"https:\/\/www.autonvaraosahaku.fi\/index.php?rest_route=%2Fwp%2Fv2%2Fproduct_tag&post=20097"}],"curies":[{"name":"wp","href":"https:\/\/api.w.org\/{rel}","templated":true}]}}