{"id":20112,"date":"2021-02-21T14:39:11","date_gmt":"2021-02-21T14:39:11","guid":{"rendered":"https:\/\/www.autonvaraosahaku.fi\/?product=tedgum-ted39615-muut-luokat"},"modified":"2021-02-21T14:39:12","modified_gmt":"2021-02-21T14:39:12","slug":"tedgum-ted39615-muut-luokat","status":"publish","type":"product","link":"https:\/\/www.autonvaraosahaku.fi\/?product=tedgum-ted39615-muut-luokat","title":{"rendered":"TEDGUM TED39615 Muut luokat"},"content":{"rendered":"<p>Asennuspuoli: etuakseli molemminpuoleinen, Alla, Edess\u00e4, Takana; Tarvittava kappalem\u00e4\u00e4r\u00e4: 4; TOYOTA: LAND CRUISER 90 _J9_,4 RUNNER KZN18_, VZN18_, RZN18_; 4840935050<\/p>\n","protected":false},"excerpt":{"rendered":"<p>TEDGUM Puristusruuvi, Pallonivel TED39615  TOYOTA,LAND CRUISER 90 _J9_,4 RUNNER KZN18_, VZN18_, RZN18_<\/p>\n","protected":false},"featured_media":0,"template":"","meta":{"site-sidebar-layout":"default","site-content-layout":"default","ast-global-header-display":"","ast-main-header-display":"","ast-hfb-above-header-display":"","ast-hfb-below-header-display":"","ast-hfb-mobile-header-display":"","site-post-title":"","ast-breadcrumbs-content":"","ast-featured-img":"","footer-sml-layout":"","theme-transparent-header-meta":"","adv-header-id-meta":"","stick-header-meta":"","header-above-stick-meta":"","header-main-stick-meta":"","header-below-stick-meta":""},"pwb-brand":[155],"product_cat":[37],"product_tag":[],"class_list":{"0":"post-20112","1":"product","2":"type-product","3":"status-publish","5":"pwb-brand-tedgum","6":"product_cat-muut-luokat","7":"desktop-align-left","8":"tablet-align-left","9":"mobile-align-left","11":"first","12":"instock","13":"product-type-external"},"brands":[{"id":155,"name":"TEDGUM","slug":"tedgum"}],"_links":{"self":[{"href":"https:\/\/www.autonvaraosahaku.fi\/index.php?rest_route=\/wp\/v2\/product\/20112","targetHints":{"allow":["GET"]}}],"collection":[{"href":"https:\/\/www.autonvaraosahaku.fi\/index.php?rest_route=\/wp\/v2\/product"}],"about":[{"href":"https:\/\/www.autonvaraosahaku.fi\/index.php?rest_route=\/wp\/v2\/types\/product"}],"wp:attachment":[{"href":"https:\/\/www.autonvaraosahaku.fi\/index.php?rest_route=%2Fwp%2Fv2%2Fmedia&parent=20112"}],"wp:term":[{"taxonomy":"pwb-brand","embeddable":true,"href":"https:\/\/www.autonvaraosahaku.fi\/index.php?rest_route=%2Fwp%2Fv2%2Fpwb-brand&post=20112"},{"taxonomy":"product_cat","embeddable":true,"href":"https:\/\/www.autonvaraosahaku.fi\/index.php?rest_route=%2Fwp%2Fv2%2Fproduct_cat&post=20112"},{"taxonomy":"product_tag","embeddable":true,"href":"https:\/\/www.autonvaraosahaku.fi\/index.php?rest_route=%2Fwp%2Fv2%2Fproduct_tag&post=20112"}],"curies":[{"name":"wp","href":"https:\/\/api.w.org\/{rel}","templated":true}]}}