{"id":20125,"date":"2021-02-21T14:39:15","date_gmt":"2021-02-21T14:39:15","guid":{"rendered":"https:\/\/www.autonvaraosahaku.fi\/?product=ridex-13d0090-vetoakseli"},"modified":"2021-02-21T14:39:16","modified_gmt":"2021-02-21T14:39:16","slug":"ridex-13d0090-vetoakseli","status":"publish","type":"product","link":"https:\/\/www.autonvaraosahaku.fi\/?product=ridex-13d0090-vetoakseli","title":{"rendered":"RIDEX 13D0090 Vetoakseli"},"content":{"rendered":"<p>Asennuspuoli: Taka-akseli, oikea; Ulkohammastus, py\u00f6r\u00e4npuoli: 27; Pituus (mm): 660; Tiivisteen l\u00e4pimitta [mm]: 69; Hammasluku, ABS-keh\u00e4: 48; Varusteet: f\u00fcr Fahrzeuge ohne Aktivlenkung; BMW: 3 Touring E91,3 E90,1 E87,1 E81,3 Coupe E92,1 Cabriolet E88,1 Coupe E82; 33217533446, 33217547072, 33217547074, 33217547076<\/p>\n","protected":false},"excerpt":{"rendered":"<p>RIDEX Vetoakseli 13D0090  BMW,3 Touring E91,3 E90,1 E87,1 E81,3 Coupe E92,1 Cabriolet E88,1 Coupe E82<\/p>\n","protected":false},"featured_media":0,"template":"","meta":{"site-sidebar-layout":"default","site-content-layout":"default","ast-global-header-display":"","ast-main-header-display":"","ast-hfb-above-header-display":"","ast-hfb-below-header-display":"","ast-hfb-mobile-header-display":"","site-post-title":"","ast-breadcrumbs-content":"","ast-featured-img":"","footer-sml-layout":"","theme-transparent-header-meta":"","adv-header-id-meta":"","stick-header-meta":"","header-above-stick-meta":"","header-main-stick-meta":"","header-below-stick-meta":""},"pwb-brand":[157],"product_cat":[215],"product_tag":[],"class_list":{"0":"post-20125","1":"product","2":"type-product","3":"status-publish","5":"pwb-brand-ridex","6":"product_cat-vetoakseli","7":"desktop-align-left","8":"tablet-align-left","9":"mobile-align-left","11":"first","12":"instock","13":"product-type-external"},"brands":[{"id":157,"name":"RIDEX","slug":"ridex"}],"_links":{"self":[{"href":"https:\/\/www.autonvaraosahaku.fi\/index.php?rest_route=\/wp\/v2\/product\/20125","targetHints":{"allow":["GET"]}}],"collection":[{"href":"https:\/\/www.autonvaraosahaku.fi\/index.php?rest_route=\/wp\/v2\/product"}],"about":[{"href":"https:\/\/www.autonvaraosahaku.fi\/index.php?rest_route=\/wp\/v2\/types\/product"}],"wp:attachment":[{"href":"https:\/\/www.autonvaraosahaku.fi\/index.php?rest_route=%2Fwp%2Fv2%2Fmedia&parent=20125"}],"wp:term":[{"taxonomy":"pwb-brand","embeddable":true,"href":"https:\/\/www.autonvaraosahaku.fi\/index.php?rest_route=%2Fwp%2Fv2%2Fpwb-brand&post=20125"},{"taxonomy":"product_cat","embeddable":true,"href":"https:\/\/www.autonvaraosahaku.fi\/index.php?rest_route=%2Fwp%2Fv2%2Fproduct_cat&post=20125"},{"taxonomy":"product_tag","embeddable":true,"href":"https:\/\/www.autonvaraosahaku.fi\/index.php?rest_route=%2Fwp%2Fv2%2Fproduct_tag&post=20125"}],"curies":[{"name":"wp","href":"https:\/\/api.w.org\/{rel}","templated":true}]}}