{"id":20129,"date":"2021-02-21T14:39:15","date_gmt":"2021-02-21T14:39:15","guid":{"rendered":"https:\/\/www.autonvaraosahaku.fi\/?product=eibach-s90-4-20-001-b-muut-luokat"},"modified":"2021-02-21T14:39:16","modified_gmt":"2021-02-21T14:39:16","slug":"eibach-s90-4-20-001-b-muut-luokat","status":"publish","type":"product","link":"https:\/\/www.autonvaraosahaku.fi\/?product=eibach-s90-4-20-001-b-muut-luokat","title":{"rendered":"EIBACH S90-4-20-001-B Muut luokat"},"content":{"rendered":"<p>Paksuus [mm]: 20; Raidev\u00e4lin suurennus per akseli: 40; keskitt\u00e4misl\u00e4pimitta [mm]: 67; Kierremitta: M12x1,5; Reik\u00e4ympyr\u00e4-\u00d8 [mm]: 114,3; Reikien m\u00e4\u00e4r\u00e4: 5; Pinta: eloksoitu; V\u00e4ri: Musta; Huomioi asennusohje: ; Tuotelinja: Pro-Spacer; Tuning: 1; Huomioi huolto-ohjeet: ; FORD: MAVERICK; PEUGEOT: 4008; HYUNDAI: ix35 LM, EL, ELH,TUCSON JM,SANTA F\u00c9 I SM,COUPE GK,SONATA V NF,GRANDEUR TG,TUCSON; MAZDA: 5 CR19,3 BK,6 Station Wagon GY,6 Hatchback GG,6 GG,3 BL,TRIBUTE EP,3 BM,MX-5 III NC,RX 8 SE17,3 Stufenheck BK,3 Stufenheck BL,3 Stufenheck BM; KIA: SPORTAGE SL,SPORTAGE JE_, KM_,VENGA YN,SOUL AM,SPORTAGE QL,SOUL II PS,STINGER CK; MITSUBISHI: ASX GA_W_,OUTLANDER I CU_W,PAJERO PININ H6_W, H7_W,ASX Van GA_W_,ECLIPSE CROSS GK_; Raidev\u00e4lilevennys<\/p>\n","protected":false},"excerpt":{"rendered":"<p>EIBACH Levikepalat S90-4-20-001-B Raidev\u00e4lilevennys FORD,PEUGEOT,HYUNDAI,MAVERICK,4008,ix35 LM, EL, ELH,TUCSON JM,SANTA F\u00c9 I SM,COUPE GK,SONATA V NF<\/p>\n","protected":false},"featured_media":0,"template":"","meta":{"site-sidebar-layout":"default","site-content-layout":"default","ast-global-header-display":"","ast-main-header-display":"","ast-hfb-above-header-display":"","ast-hfb-below-header-display":"","ast-hfb-mobile-header-display":"","site-post-title":"","ast-breadcrumbs-content":"","ast-featured-img":"","footer-sml-layout":"","theme-transparent-header-meta":"","adv-header-id-meta":"","stick-header-meta":"","header-above-stick-meta":"","header-main-stick-meta":"","header-below-stick-meta":""},"pwb-brand":[328],"product_cat":[37],"product_tag":[],"class_list":{"0":"post-20129","1":"product","2":"type-product","3":"status-publish","5":"pwb-brand-eibach","6":"product_cat-muut-luokat","7":"desktop-align-left","8":"tablet-align-left","9":"mobile-align-left","11":"first","12":"instock","13":"product-type-external"},"brands":[{"id":328,"name":"EIBACH","slug":"eibach"}],"_links":{"self":[{"href":"https:\/\/www.autonvaraosahaku.fi\/index.php?rest_route=\/wp\/v2\/product\/20129","targetHints":{"allow":["GET"]}}],"collection":[{"href":"https:\/\/www.autonvaraosahaku.fi\/index.php?rest_route=\/wp\/v2\/product"}],"about":[{"href":"https:\/\/www.autonvaraosahaku.fi\/index.php?rest_route=\/wp\/v2\/types\/product"}],"wp:attachment":[{"href":"https:\/\/www.autonvaraosahaku.fi\/index.php?rest_route=%2Fwp%2Fv2%2Fmedia&parent=20129"}],"wp:term":[{"taxonomy":"pwb-brand","embeddable":true,"href":"https:\/\/www.autonvaraosahaku.fi\/index.php?rest_route=%2Fwp%2Fv2%2Fpwb-brand&post=20129"},{"taxonomy":"product_cat","embeddable":true,"href":"https:\/\/www.autonvaraosahaku.fi\/index.php?rest_route=%2Fwp%2Fv2%2Fproduct_cat&post=20129"},{"taxonomy":"product_tag","embeddable":true,"href":"https:\/\/www.autonvaraosahaku.fi\/index.php?rest_route=%2Fwp%2Fv2%2Fproduct_tag&post=20129"}],"curies":[{"name":"wp","href":"https:\/\/api.w.org\/{rel}","templated":true}]}}