{"id":20135,"date":"2021-02-21T14:39:15","date_gmt":"2021-02-21T14:39:15","guid":{"rendered":"https:\/\/www.autonvaraosahaku.fi\/?product=hella-6pa-009-166-781-lambda-anturi"},"modified":"2021-02-21T14:39:17","modified_gmt":"2021-02-21T14:39:17","slug":"hella-6pa-009-166-781-lambda-anturi","status":"publish","type":"product","link":"https:\/\/www.autonvaraosahaku.fi\/?product=hella-6pa-009-166-781-lambda-anturi","title":{"rendered":"HELLA 6PA 009 166-781 Lambda anturi"},"content":{"rendered":"<p>Lambdatunnistin: Laajakaista-lambdasondi; Napojen m\u00e4\u00e4r\u00e4: 6; Kaapelinmitta (mm): 1200; Asennuspuoli: vorne; VW: GOLF IV 1J1,GOLF VI 5K1,PASSAT Variant 3B6,TRANSPORTER V Bus 7HB, 7HJ, 7EB, 7EJ, 7EF,TOUAREG 7LA, 7L6, 7L7,MULTIVAN V 7HM, 7HN, 7HF, 7EF, 7EM, 7EN,TRANSPORTER V Kasten 7HA, 7HH, 7EA, 7EH,NEW BEETLE 9C1, 1C1,PASSAT 3B3,PHAETON 3D_,TOUAREG 7P5,NEW BEETLE Cabriolet 1Y7,AMAROK 2H_, S1B,BEETLE 5C1,TRANSPORTER V Pritsche\/Fahrgestell 7JD, 7JE, 7JL, 7JY, 7JZ,,BEETLE Cabriolet 5C7,MULTIVAN VI SGF, SGM, SGN,TRANSPORTER VI Bus SGB, SGG, SGJ,TRANSPORTER VI Kasten SGA, SGH,AMAROK Pritsche\/Fahrgestell S1B,TRANSPORTER VI Pritsche\/Fahrgestell SFD, SFE, SFL, SFZ; AUDI: A4 Avant 8ED, B7,A4 Cabriolet 8H7, B6, 8HE, B7,A4 8EC, B7,Q7 4L,A8 4E_; SKODA: SUPERB 3U4; PORSCHE: CAYENNE; 03G906262, 03G906262G, 03L906262C, 03L906262G, 03L906262L, 03L906262M, 03L906262N, 03L906262T, 057906262, 057906262A, 057906262C, 057906262E, 057906262G, 057906262H, 059906262E, 06A906262BK, 070906262, 077906262D, 077906262E, 077906262F, 077906262G, 07Z906262D, 07Z906262E, 07Z906262F, 07Z906262G, 1K0998262AE, 4L0906262A, 4L0906262C, 4L0906262E, 4L0998262E, 057906262G, 057906262H, 95860612810, 95860612910, 03G906262, 03G906262G, 03L906262C, 03L906262G, 03L906262L, 03L906262M, 03L906262N, 03L906262T, 057906262, 057906262A, 057906262C, 057906262E, 057906262G, 057906262H, 059906262E, 06A906262BK, 070906262, 077906262D, 077906262E, 077906262F, 077906262G, 07Z906262D, 07Z906262E, 07Z906262F, 07Z906262G, 1K0998262AE, 4L0906262A, 4L0906262C, 4L0906262E, 4L0998262E, 57906262, 70906262, 03G906262, 03G906262G, 03L906262C, 03L906262G, 03L906262L, 03L906262M, 03L906262N, 03L906262T, 057906262, 057906262A, 057906262C, 057906262E, 057906262G, 057906262H, 059906262E, 06A906262BK, 070906262, 07790626&#8230;; Lambdatunnistin,Happianturi<\/p>\n","protected":false},"excerpt":{"rendered":"<p>HELLA Lambda Anturi 6PA 009 166-781 Lambdatunnistin,Happianturi VW,AUDI,SKODA,GOLF IV 1J1,GOLF VI 5K1,PASSAT Variant 3B6<\/p>\n","protected":false},"featured_media":0,"template":"","meta":{"site-sidebar-layout":"default","site-content-layout":"default","ast-global-header-display":"","ast-main-header-display":"","ast-hfb-above-header-display":"","ast-hfb-below-header-display":"","ast-hfb-mobile-header-display":"","site-post-title":"","ast-breadcrumbs-content":"","ast-featured-img":"","footer-sml-layout":"","theme-transparent-header-meta":"","adv-header-id-meta":"","stick-header-meta":"","header-above-stick-meta":"","header-main-stick-meta":"","header-below-stick-meta":""},"pwb-brand":[24],"product_cat":[264],"product_tag":[],"class_list":{"0":"post-20135","1":"product","2":"type-product","3":"status-publish","5":"pwb-brand-hella","6":"product_cat-lambda-anturi","7":"desktop-align-left","8":"tablet-align-left","9":"mobile-align-left","11":"first","12":"instock","13":"product-type-external"},"brands":[{"id":24,"name":"HELLA","slug":"hella"}],"_links":{"self":[{"href":"https:\/\/www.autonvaraosahaku.fi\/index.php?rest_route=\/wp\/v2\/product\/20135","targetHints":{"allow":["GET"]}}],"collection":[{"href":"https:\/\/www.autonvaraosahaku.fi\/index.php?rest_route=\/wp\/v2\/product"}],"about":[{"href":"https:\/\/www.autonvaraosahaku.fi\/index.php?rest_route=\/wp\/v2\/types\/product"}],"wp:attachment":[{"href":"https:\/\/www.autonvaraosahaku.fi\/index.php?rest_route=%2Fwp%2Fv2%2Fmedia&parent=20135"}],"wp:term":[{"taxonomy":"pwb-brand","embeddable":true,"href":"https:\/\/www.autonvaraosahaku.fi\/index.php?rest_route=%2Fwp%2Fv2%2Fpwb-brand&post=20135"},{"taxonomy":"product_cat","embeddable":true,"href":"https:\/\/www.autonvaraosahaku.fi\/index.php?rest_route=%2Fwp%2Fv2%2Fproduct_cat&post=20135"},{"taxonomy":"product_tag","embeddable":true,"href":"https:\/\/www.autonvaraosahaku.fi\/index.php?rest_route=%2Fwp%2Fv2%2Fproduct_tag&post=20135"}],"curies":[{"name":"wp","href":"https:\/\/api.w.org\/{rel}","templated":true}]}}