{"id":20156,"date":"2021-02-21T14:39:19","date_gmt":"2021-02-21T14:39:19","guid":{"rendered":"https:\/\/www.autonvaraosahaku.fi\/?product=meyle-614-322-0016-oljynsuodatin"},"modified":"2021-02-21T14:39:21","modified_gmt":"2021-02-21T14:39:21","slug":"meyle-614-322-0016-oljynsuodatin","status":"publish","type":"product","link":"https:\/\/www.autonvaraosahaku.fi\/?product=meyle-614-322-0016-oljynsuodatin","title":{"rendered":"MEYLE 614 322 0016 \u00d6ljynsuodatin"},"content":{"rendered":"<p>L\u00e4pimitta [mm]: 66; Lis\u00e4tarvike\/lis\u00e4tieto: Tiivisteill\u00e4; Suodatintyyppi: Suodatinpanos; Korkeus (mm): 105; Sis\u00e4l\u00e4pimitta [mm]: 41; lis\u00e4tieto: ORIGINAL Quality; Valmistusvuosi alkaen: 07\/2010; SUZUKI: SWIFT IV FZ, NZ,SX4 EY, GY; CHEVROLET: AVEO Schr\u00e4gheck T300,AVEO Stufenheck T300; LANCIA: DELTA III 844,MUSA 350,YPSILON 312, 846; OPEL: CORSA D,ASTRA J Sports Tourer,ASTRA J,MERIVA B,ASTRA J Stufenheck,CORSA D Van,COMBO Kasten\/Kombi X12,COMBO Tour X12; SAAB: 9-3 YS3F,9-3 Kombi YS3F,9-3 Cabriolet YS3F,9-3X; FORD: KA RU8; ALFA ROMEO: 159 Sportwagon 939,GIULIETTA 940,MITO 955,159 939,BRERA,SPIDER 939; FIAT: GRANDE PUNTO 199,PANDA 169,500 312,BRAVO II 198,PUNTO EVO 199,500 C 312,CROMA 194,DOBLO Kasten\/Kombi 263,PUNTO 199,IDEA,PANDA 312,SEDICI,QUBO 225,500L,DOBLO Gro\u00dfraumlimousine 152, 263,FIORINO Kasten\/Kombi 225,LINEA 323,DOBLO Pritsche\/Fahrgestell 263,STRADA Pick-up 578_,TIPO Schr\u00e4gheck 356_,PANDA VAN 312,TIPO Kombi 356_,TIPO Stufenheck 356_; CITRO\u00cbN: NEMO Kasten AA_,NEMO Kombi; PEUGEOT: BIPPER AA_,BIPPER Tepee; 71751128, 860134, 1109CJ, 55206816, 55207208, 71751114, 71751127, 71751128, 71770689, 1724214, 71751128, 0650231, 0860134, 650231, 860134, 1109CJ, 860134, 1651068L10, 1651068L10000, 1651079J60, 1651079J60000, 860134<\/p>\n","protected":false},"excerpt":{"rendered":"<p>MEYLE \u00d6ljynsuodatin 614 322 0016  SUZUKI,CHEVROLET,LANCIA,SWIFT IV FZ, NZ,SX4 EY, GY,AVEO Schr\u00e4gheck T300,AVEO Stufenheck T300,DELTA III 844,MUSA 350<\/p>\n","protected":false},"featured_media":0,"template":"","meta":{"site-sidebar-layout":"default","site-content-layout":"default","ast-global-header-display":"","ast-main-header-display":"","ast-hfb-above-header-display":"","ast-hfb-below-header-display":"","ast-hfb-mobile-header-display":"","site-post-title":"","ast-breadcrumbs-content":"","ast-featured-img":"","footer-sml-layout":"","theme-transparent-header-meta":"","adv-header-id-meta":"","stick-header-meta":"","header-above-stick-meta":"","header-main-stick-meta":"","header-below-stick-meta":""},"pwb-brand":[84],"product_cat":[30],"product_tag":[],"class_list":{"0":"post-20156","1":"product","2":"type-product","3":"status-publish","5":"pwb-brand-meyle","6":"product_cat-oljynsuodatin","7":"desktop-align-left","8":"tablet-align-left","9":"mobile-align-left","11":"first","12":"instock","13":"product-type-external"},"brands":[{"id":84,"name":"MEYLE","slug":"meyle"}],"_links":{"self":[{"href":"https:\/\/www.autonvaraosahaku.fi\/index.php?rest_route=\/wp\/v2\/product\/20156","targetHints":{"allow":["GET"]}}],"collection":[{"href":"https:\/\/www.autonvaraosahaku.fi\/index.php?rest_route=\/wp\/v2\/product"}],"about":[{"href":"https:\/\/www.autonvaraosahaku.fi\/index.php?rest_route=\/wp\/v2\/types\/product"}],"wp:attachment":[{"href":"https:\/\/www.autonvaraosahaku.fi\/index.php?rest_route=%2Fwp%2Fv2%2Fmedia&parent=20156"}],"wp:term":[{"taxonomy":"pwb-brand","embeddable":true,"href":"https:\/\/www.autonvaraosahaku.fi\/index.php?rest_route=%2Fwp%2Fv2%2Fpwb-brand&post=20156"},{"taxonomy":"product_cat","embeddable":true,"href":"https:\/\/www.autonvaraosahaku.fi\/index.php?rest_route=%2Fwp%2Fv2%2Fproduct_cat&post=20156"},{"taxonomy":"product_tag","embeddable":true,"href":"https:\/\/www.autonvaraosahaku.fi\/index.php?rest_route=%2Fwp%2Fv2%2Fproduct_tag&post=20156"}],"curies":[{"name":"wp","href":"https:\/\/api.w.org\/{rel}","templated":true}]}}