{"id":20171,"date":"2021-02-21T14:39:23","date_gmt":"2021-02-21T14:39:23","guid":{"rendered":"https:\/\/www.autonvaraosahaku.fi\/?product=calorstat-by-vernet-rc0184-paisuntasailion-korkki"},"modified":"2021-02-21T14:39:24","modified_gmt":"2021-02-21T14:39:24","slug":"calorstat-by-vernet-rc0184-paisuntasailion-korkki","status":"publish","type":"product","link":"https:\/\/www.autonvaraosahaku.fi\/?product=calorstat-by-vernet-rc0184-paisuntasailion-korkki","title":{"rendered":"CALORSTAT by Vernet RC0184 Paisuntas\u00e4ili\u00f6n korkki"},"content":{"rendered":"<p>Alustanumeroon: B1999999; MAZDA: 5 CR19,6 Station Wagon GY,6 Kombi GH,6 Hatchback GG,6 GG,5 CW,6 Schr\u00e4gheck GH,6 GH; NISSAN: X-TRAIL T30,JUKE F15,X-TRAIL T31,NV200 EVALIA,350 Z Z33,MURANO Z50,NOTE E12,PATROL GR II Wagon Y61,TIIDA Schr\u00e4gheck,NV200 Kasten,ALMERA I Hatchback N15,MURANO Z51,PICK UP D22,NAVARA D22,PATHFINDER R50,ALMERA Mk II N16,ALMERA I N15,100 NX B13,200 SX S14,350 Z Roadster Z33,MAXIMA QX A33,LEAF,MAXIMA QX A32,CUBE Z12,TIIDA Stufenheck SC11X,SUNNY III N14,PULSAR V Schr\u00e4gheck N14,SUNNY III Liftback N14,PRIMERA Traveller W10,SUNNY III Traveller Y10,ALMERA Classic B10,X-TRAIL T32,PULSAR Schr\u00e4gheck C13,SUNNY Kasten Y10,TEANA II J32,PATHFINDER R52,SENTRA B17; INFINITI: FX,M35; RENAULT: KOLEOS HY_; 2171279900, L32715355, LFB715355, LFB715355A, 217123NA0A, 2171250M01, 2171279900, 2171295F0A, 21712ZN50A, 2245251000; Korkki, Paisuntas\u00e4ili\u00f6<\/p>\n","protected":false},"excerpt":{"rendered":"<p>CALORSTAT by Vernet Paisuntas\u00e4ili\u00f6n Korkki RC0184 Korkki, Paisuntas\u00e4ili\u00f6 MAZDA,NISSAN,INFINITI,5 CR19,6 Station Wagon GY,6 Kombi GH,6 Hatchback GG<\/p>\n","protected":false},"featured_media":0,"template":"","meta":{"site-sidebar-layout":"default","site-content-layout":"default","ast-global-header-display":"","ast-main-header-display":"","ast-hfb-above-header-display":"","ast-hfb-below-header-display":"","ast-hfb-mobile-header-display":"","site-post-title":"","ast-breadcrumbs-content":"","ast-featured-img":"","footer-sml-layout":"","theme-transparent-header-meta":"","adv-header-id-meta":"","stick-header-meta":"","header-above-stick-meta":"","header-main-stick-meta":"","header-below-stick-meta":""},"pwb-brand":[343],"product_cat":[99],"product_tag":[],"class_list":{"0":"post-20171","1":"product","2":"type-product","3":"status-publish","5":"pwb-brand-calorstat-by-vernet","6":"product_cat-paisuntasailion-korkki","7":"desktop-align-left","8":"tablet-align-left","9":"mobile-align-left","11":"first","12":"instock","13":"product-type-external"},"brands":[{"id":343,"name":"CALORSTAT by Vernet","slug":"calorstat-by-vernet"}],"_links":{"self":[{"href":"https:\/\/www.autonvaraosahaku.fi\/index.php?rest_route=\/wp\/v2\/product\/20171","targetHints":{"allow":["GET"]}}],"collection":[{"href":"https:\/\/www.autonvaraosahaku.fi\/index.php?rest_route=\/wp\/v2\/product"}],"about":[{"href":"https:\/\/www.autonvaraosahaku.fi\/index.php?rest_route=\/wp\/v2\/types\/product"}],"wp:attachment":[{"href":"https:\/\/www.autonvaraosahaku.fi\/index.php?rest_route=%2Fwp%2Fv2%2Fmedia&parent=20171"}],"wp:term":[{"taxonomy":"pwb-brand","embeddable":true,"href":"https:\/\/www.autonvaraosahaku.fi\/index.php?rest_route=%2Fwp%2Fv2%2Fpwb-brand&post=20171"},{"taxonomy":"product_cat","embeddable":true,"href":"https:\/\/www.autonvaraosahaku.fi\/index.php?rest_route=%2Fwp%2Fv2%2Fproduct_cat&post=20171"},{"taxonomy":"product_tag","embeddable":true,"href":"https:\/\/www.autonvaraosahaku.fi\/index.php?rest_route=%2Fwp%2Fv2%2Fproduct_tag&post=20171"}],"curies":[{"name":"wp","href":"https:\/\/api.w.org\/{rel}","templated":true}]}}