{"id":20198,"date":"2021-02-21T14:39:27","date_gmt":"2021-02-21T14:39:27","guid":{"rendered":"https:\/\/www.autonvaraosahaku.fi\/?product=elring-470-132-imusarjan-tiivisteet"},"modified":"2021-02-21T14:39:29","modified_gmt":"2021-02-21T14:39:29","slug":"elring-470-132-imusarjan-tiivisteet","status":"publish","type":"product","link":"https:\/\/www.autonvaraosahaku.fi\/?product=elring-470-132-imusarjan-tiivisteet","title":{"rendered":"ELRING 470.132 Imusarjan tiivisteet"},"content":{"rendered":"<p>Asennuspuoli: L\u00e4pp\u00e4kotelo; Kiinnitysreikien lukum\u00e4\u00e4r\u00e4: 4; TECDOC-moottorinumero: 13688; CHEVROLET: CHEVY,CHEVY Kombi,CHEVY Stufenheck; OPEL: CORSA C F08, F68,ZAFIRA B A05,ASTRA H Caravan L35,MERIVA,ZAFIRA A F75_,ASTRA G CC F48_, F08_,ASTRA H L48,ASTRA G Caravan F35_,VECTRA C Caravan,ASTRA H GTC L08,VECTRA C,VECTRA B 36_,VECTRA C GTS,VECTRA B Caravan 31_,ASTRA H TwinTop L67,ASTRA G Cabriolet F67,ASTRA G Coupe F07_,COMBO Kasten\/Kombi,ASTRA G Stufenheck F69_,ZAFIRA B Van,VECTRA B CC 38_,COMBO Tour,CORSA CLASSIC Stufenheck,ASTRA H Stufenheck L69,ASTRA H Kasten L70,CORSA C Utility Pick-up,ASTRA G Kasten F70,CORSA B Utility Pick-up,ASTRA G CLASSIC Caravan F35,ASTRA G CLASSIC T98,ASTRA G CLASSIC Stufenheck T98; VAUXHALL: ZAFIRA Mk II B M75,ASTRA Mk V H CC,ZAFIRA Mk I A F75,CORSA Mk II C W5L, F08,ASTRA Mk V H Estate,VECTRA Mk II C Estate,ASTRA Mk V H Convertible,ASTRA Mk IV G CC,MERIVA Mk I A,ASTRA Mk IV G Sedan,VECTRA B CC,VECTRA B,ASTRAVAN Mk V H,ASTRAVAN Mk IV G,ASTRA Mk IV G Coupe F67,COMBO TOUR Mk II C F25,ASTRA Mk IV G Convertible,COMBO Mk II C Kasten\/Kombi F25,ASTRA Mk IV G Estate; 828400, 90572766<\/p>\n","protected":false},"excerpt":{"rendered":"<p>ELRING Tiiviste, Imusarjan Kotelo 470.132  CHEVROLET,OPEL,VAUXHALL,CHEVY,CHEVY Kombi,CHEVY Stufenheck,CORSA C F08, F68,ZAFIRA B A05<\/p>\n","protected":false},"featured_media":0,"template":"","meta":{"site-sidebar-layout":"default","site-content-layout":"default","ast-global-header-display":"","ast-main-header-display":"","ast-hfb-above-header-display":"","ast-hfb-below-header-display":"","ast-hfb-mobile-header-display":"","site-post-title":"","ast-breadcrumbs-content":"","ast-featured-img":"","footer-sml-layout":"","theme-transparent-header-meta":"","adv-header-id-meta":"","stick-header-meta":"","header-above-stick-meta":"","header-main-stick-meta":"","header-below-stick-meta":""},"pwb-brand":[26],"product_cat":[43],"product_tag":[],"class_list":{"0":"post-20198","1":"product","2":"type-product","3":"status-publish","5":"pwb-brand-elring","6":"product_cat-imusarjan-tiivisteet","7":"desktop-align-left","8":"tablet-align-left","9":"mobile-align-left","11":"first","12":"instock","13":"product-type-external"},"brands":[{"id":26,"name":"ELRING","slug":"elring"}],"_links":{"self":[{"href":"https:\/\/www.autonvaraosahaku.fi\/index.php?rest_route=\/wp\/v2\/product\/20198","targetHints":{"allow":["GET"]}}],"collection":[{"href":"https:\/\/www.autonvaraosahaku.fi\/index.php?rest_route=\/wp\/v2\/product"}],"about":[{"href":"https:\/\/www.autonvaraosahaku.fi\/index.php?rest_route=\/wp\/v2\/types\/product"}],"wp:attachment":[{"href":"https:\/\/www.autonvaraosahaku.fi\/index.php?rest_route=%2Fwp%2Fv2%2Fmedia&parent=20198"}],"wp:term":[{"taxonomy":"pwb-brand","embeddable":true,"href":"https:\/\/www.autonvaraosahaku.fi\/index.php?rest_route=%2Fwp%2Fv2%2Fpwb-brand&post=20198"},{"taxonomy":"product_cat","embeddable":true,"href":"https:\/\/www.autonvaraosahaku.fi\/index.php?rest_route=%2Fwp%2Fv2%2Fproduct_cat&post=20198"},{"taxonomy":"product_tag","embeddable":true,"href":"https:\/\/www.autonvaraosahaku.fi\/index.php?rest_route=%2Fwp%2Fv2%2Fproduct_tag&post=20198"}],"curies":[{"name":"wp","href":"https:\/\/api.w.org\/{rel}","templated":true}]}}