{"id":20209,"date":"2021-02-21T14:39:31","date_gmt":"2021-02-21T14:39:31","guid":{"rendered":"https:\/\/www.autonvaraosahaku.fi\/?product=nrf-342027-lammityslaitteen-puhaltimen-vastus"},"modified":"2021-02-21T14:39:32","modified_gmt":"2021-02-21T14:39:32","slug":"nrf-342027-lammityslaitteen-puhaltimen-vastus","status":"publish","type":"product","link":"https:\/\/www.autonvaraosahaku.fi\/?product=nrf-342027-lammityslaitteen-puhaltimen-vastus","title":{"rendered":"NRF 342027 L\u00e4mmityslaitteen puhaltimen vastus"},"content":{"rendered":"<p>Napojen m\u00e4\u00e4r\u00e4: 4; J\u00e4nnite (V): 12; NISSAN: PRIMERA P11,PRIMERA Hatchback P11,ALMERA I Hatchback N15,ALMERA I N15; 271501N760; Vastus, Sis\u00e4ilmantuuletin<\/p>\n","protected":false},"excerpt":{"rendered":"<p>NRF L\u00e4mmityslaitteen Puhaltimen Vastus 342027 Vastus, Sis\u00e4ilmantuuletin NISSAN,PRIMERA P11,PRIMERA Hatchback P11,ALMERA I Hatchback N15,ALMERA I N15<\/p>\n","protected":false},"featured_media":0,"template":"","meta":{"site-sidebar-layout":"default","site-content-layout":"default","ast-global-header-display":"","ast-main-header-display":"","ast-hfb-above-header-display":"","ast-hfb-below-header-display":"","ast-hfb-mobile-header-display":"","site-post-title":"","ast-breadcrumbs-content":"","ast-featured-img":"","footer-sml-layout":"","theme-transparent-header-meta":"","adv-header-id-meta":"","stick-header-meta":"","header-above-stick-meta":"","header-main-stick-meta":"","header-below-stick-meta":""},"pwb-brand":[85],"product_cat":[134],"product_tag":[],"class_list":{"0":"post-20209","1":"product","2":"type-product","3":"status-publish","5":"pwb-brand-nrf","6":"product_cat-lammityslaitteen-puhaltimen-vastus","7":"desktop-align-left","8":"tablet-align-left","9":"mobile-align-left","11":"first","12":"instock","13":"product-type-external"},"brands":[{"id":85,"name":"NRF","slug":"nrf"}],"_links":{"self":[{"href":"https:\/\/www.autonvaraosahaku.fi\/index.php?rest_route=\/wp\/v2\/product\/20209","targetHints":{"allow":["GET"]}}],"collection":[{"href":"https:\/\/www.autonvaraosahaku.fi\/index.php?rest_route=\/wp\/v2\/product"}],"about":[{"href":"https:\/\/www.autonvaraosahaku.fi\/index.php?rest_route=\/wp\/v2\/types\/product"}],"wp:attachment":[{"href":"https:\/\/www.autonvaraosahaku.fi\/index.php?rest_route=%2Fwp%2Fv2%2Fmedia&parent=20209"}],"wp:term":[{"taxonomy":"pwb-brand","embeddable":true,"href":"https:\/\/www.autonvaraosahaku.fi\/index.php?rest_route=%2Fwp%2Fv2%2Fpwb-brand&post=20209"},{"taxonomy":"product_cat","embeddable":true,"href":"https:\/\/www.autonvaraosahaku.fi\/index.php?rest_route=%2Fwp%2Fv2%2Fproduct_cat&post=20209"},{"taxonomy":"product_tag","embeddable":true,"href":"https:\/\/www.autonvaraosahaku.fi\/index.php?rest_route=%2Fwp%2Fv2%2Fproduct_tag&post=20209"}],"curies":[{"name":"wp","href":"https:\/\/api.w.org\/{rel}","templated":true}]}}