{"id":20219,"date":"2021-02-21T14:39:35","date_gmt":"2021-02-21T14:39:35","guid":{"rendered":"https:\/\/www.autonvaraosahaku.fi\/?product=meyle-314-152-3103-hd-kardaanin-kuminivel"},"modified":"2021-02-21T14:39:35","modified_gmt":"2021-02-21T14:39:35","slug":"meyle-314-152-3103-hd-kardaanin-kuminivel","status":"publish","type":"product","link":"https:\/\/www.autonvaraosahaku.fi\/?product=meyle-314-152-3103-hd-kardaanin-kuminivel","title":{"rendered":"MEYLE 314 152 3103\/HD Kardaanin kuminivel"},"content":{"rendered":"<p>L\u00e4pimitta [mm]: 110; Lis\u00e4tarvike\/lis\u00e4tieto: Ilman asennusmateriaalia; Nivelmalli: Kumi-\/Hardynivel; Reikien m\u00e4\u00e4r\u00e4: 6; Reik\u00e4ympyr\u00e4-\u00d8 [mm]: 78; M\u00e4\u00e4r\u00e4yksikk\u00f6: Kappale; Vahvistettu malli: ; Asennuspuoli: vorne; BMW: 3 E46,3 Touring E91,3 E90,5 E60,1 E87,5 Touring E61,3 Touring E46,3 Compact E46,3 Coupe E46,X1 E84,1 E81,3 Compact E36,3 E36,X5 E70,X5 E53,3 E30,3 Coupe E92,3 Cabriolet E46,3 Coupe E36,Z3 E36,Z4 E85,5 E34,3 Cabriolet E93,3 Cabriolet E30,3 Cabriolet E36,3 Touring E36,1 Cabriolet E88,1 Coupe E82,X6 E71, E72,5 Touring E34,5 E28,3 E21,3 Touring E30,5 E12,Z1; OPEL: OMEGA A 16_, 17_, 19_,OMEGA B Caravan 21_, 22_, 23_,OMEGA B 25_, 26_, 27_,OMEGA A Caravan 66_, 67_; VAUXHALL: OMEGA B,OMEGA B Estate,CARLTON Mk III; 26111204294, 26111207785, 26111225624, 26117503159, 0458364, 458364, 90222781; R\u00e4ttinivel,Nivel, Pitkitt\u00e4isakseli<\/p>\n","protected":false},"excerpt":{"rendered":"<p>MEYLE Kardaanin Kuminivel MEYLE-HD: Better than OE. 314 152 3103\/HD R\u00e4ttinivel,Nivel, Pitkitt\u00e4isakseli BMW,OPEL,VAUXHALL,3 E46,3 Touring E91,3 E90<\/p>\n","protected":false},"featured_media":0,"template":"","meta":{"site-sidebar-layout":"default","site-content-layout":"default","ast-global-header-display":"","ast-main-header-display":"","ast-hfb-above-header-display":"","ast-hfb-below-header-display":"","ast-hfb-mobile-header-display":"","site-post-title":"","ast-breadcrumbs-content":"","ast-featured-img":"","footer-sml-layout":"","theme-transparent-header-meta":"","adv-header-id-meta":"","stick-header-meta":"","header-above-stick-meta":"","header-main-stick-meta":"","header-below-stick-meta":""},"pwb-brand":[84],"product_cat":[56],"product_tag":[],"class_list":{"0":"post-20219","1":"product","2":"type-product","3":"status-publish","5":"pwb-brand-meyle","6":"product_cat-kardaanin-kuminivel","7":"desktop-align-left","8":"tablet-align-left","9":"mobile-align-left","11":"first","12":"instock","13":"product-type-external"},"brands":[{"id":84,"name":"MEYLE","slug":"meyle"}],"_links":{"self":[{"href":"https:\/\/www.autonvaraosahaku.fi\/index.php?rest_route=\/wp\/v2\/product\/20219","targetHints":{"allow":["GET"]}}],"collection":[{"href":"https:\/\/www.autonvaraosahaku.fi\/index.php?rest_route=\/wp\/v2\/product"}],"about":[{"href":"https:\/\/www.autonvaraosahaku.fi\/index.php?rest_route=\/wp\/v2\/types\/product"}],"wp:attachment":[{"href":"https:\/\/www.autonvaraosahaku.fi\/index.php?rest_route=%2Fwp%2Fv2%2Fmedia&parent=20219"}],"wp:term":[{"taxonomy":"pwb-brand","embeddable":true,"href":"https:\/\/www.autonvaraosahaku.fi\/index.php?rest_route=%2Fwp%2Fv2%2Fpwb-brand&post=20219"},{"taxonomy":"product_cat","embeddable":true,"href":"https:\/\/www.autonvaraosahaku.fi\/index.php?rest_route=%2Fwp%2Fv2%2Fproduct_cat&post=20219"},{"taxonomy":"product_tag","embeddable":true,"href":"https:\/\/www.autonvaraosahaku.fi\/index.php?rest_route=%2Fwp%2Fv2%2Fproduct_tag&post=20219"}],"curies":[{"name":"wp","href":"https:\/\/api.w.org\/{rel}","templated":true}]}}