{"id":20257,"date":"2021-02-21T14:39:39","date_gmt":"2021-02-21T14:39:39","guid":{"rendered":"https:\/\/www.autonvaraosahaku.fi\/?product=elring-906-050-tiivisteet"},"modified":"2021-02-21T14:39:41","modified_gmt":"2021-02-21T14:39:41","slug":"elring-906-050-tiivisteet","status":"publish","type":"product","link":"https:\/\/www.autonvaraosahaku.fi\/?product=elring-906-050-tiivisteet","title":{"rendered":"ELRING 906.050 Tiivisteet"},"content":{"rendered":"<p>Sis\u00e4l\u00e4pimitta [mm]: 45; Ulkol\u00e4pimitta [mm]: 102,3; Ulkol\u00e4pimitta 1 [mm]: 126; Korkeus (mm): 11,5; Korkeus 2 (mm): 18,3; Akselitiivisteen malli: A\/BS; Rihlamalli: Vaihdettava kierre; Materiaali: ACM (polyakryyli-kautsu); Suojavaippa: Suojakumilla; Tarvittava kappalem\u00e4\u00e4r\u00e4: 2; MERCEDES-BENZ: C-CLASS W203,E-CLASS W211,C-CLASS T-Model S203,E-CLASS T-Model S211,E-CLASS W210,C-CLASS Coupe CL203,E-CLASS Kombi S210,VITO Bus W639,CLK C208,CLK C209,S-CLASS W220,VITO \/ MIXTO Kasten W639,SL R230,CLK Cabriolet A208,CLK Cabriolet A209,S-CLASS Coupe C215,SLR R199; SEAT: CORDOBA 6K1, 6K2; 0259972747, A0259972747<\/p>\n","protected":false},"excerpt":{"rendered":"<p>ELRING Akselitiiviste, Tasauspy\u00f6r\u00e4st\u00f6 906.050  MERCEDES-BENZ,SEAT,C-CLASS W203,E-CLASS W211,C-CLASS T-Model S203,E-CLASS T-Model S211,E-CLASS W210<\/p>\n","protected":false},"featured_media":0,"template":"","meta":{"site-sidebar-layout":"default","site-content-layout":"default","ast-global-header-display":"","ast-main-header-display":"","ast-hfb-above-header-display":"","ast-hfb-below-header-display":"","ast-hfb-mobile-header-display":"","site-post-title":"","ast-breadcrumbs-content":"","ast-featured-img":"","footer-sml-layout":"","theme-transparent-header-meta":"","adv-header-id-meta":"","stick-header-meta":"","header-above-stick-meta":"","header-main-stick-meta":"","header-below-stick-meta":""},"pwb-brand":[26],"product_cat":[27],"product_tag":[],"class_list":{"0":"post-20257","1":"product","2":"type-product","3":"status-publish","5":"pwb-brand-elring","6":"product_cat-tiivisteet","7":"desktop-align-left","8":"tablet-align-left","9":"mobile-align-left","11":"first","12":"instock","13":"product-type-external"},"brands":[{"id":26,"name":"ELRING","slug":"elring"}],"_links":{"self":[{"href":"https:\/\/www.autonvaraosahaku.fi\/index.php?rest_route=\/wp\/v2\/product\/20257","targetHints":{"allow":["GET"]}}],"collection":[{"href":"https:\/\/www.autonvaraosahaku.fi\/index.php?rest_route=\/wp\/v2\/product"}],"about":[{"href":"https:\/\/www.autonvaraosahaku.fi\/index.php?rest_route=\/wp\/v2\/types\/product"}],"wp:attachment":[{"href":"https:\/\/www.autonvaraosahaku.fi\/index.php?rest_route=%2Fwp%2Fv2%2Fmedia&parent=20257"}],"wp:term":[{"taxonomy":"pwb-brand","embeddable":true,"href":"https:\/\/www.autonvaraosahaku.fi\/index.php?rest_route=%2Fwp%2Fv2%2Fpwb-brand&post=20257"},{"taxonomy":"product_cat","embeddable":true,"href":"https:\/\/www.autonvaraosahaku.fi\/index.php?rest_route=%2Fwp%2Fv2%2Fproduct_cat&post=20257"},{"taxonomy":"product_tag","embeddable":true,"href":"https:\/\/www.autonvaraosahaku.fi\/index.php?rest_route=%2Fwp%2Fv2%2Fproduct_tag&post=20257"}],"curies":[{"name":"wp","href":"https:\/\/api.w.org\/{rel}","templated":true}]}}