{"id":20264,"date":"2021-02-21T14:39:43","date_gmt":"2021-02-21T14:39:43","guid":{"rendered":"https:\/\/www.autonvaraosahaku.fi\/?product=maxgear-72-1070-kallistuksenvakaajan-puslat"},"modified":"2021-02-21T14:39:44","modified_gmt":"2021-02-21T14:39:44","slug":"maxgear-72-1070-kallistuksenvakaajan-puslat","status":"publish","type":"product","link":"https:\/\/www.autonvaraosahaku.fi\/?product=maxgear-72-1070-kallistuksenvakaajan-puslat","title":{"rendered":"MAXGEAR 72-1070 Kallistuksenvakaajan puslat"},"content":{"rendered":"<p>Sis\u00e4l\u00e4pimitta [mm]: 17; Materiaali: Kumi-metalli; Asennuspuoli: etuakseli molemminpuoleinen; Tarvittava kappalem\u00e4\u00e4r\u00e4: 2; Paino [kg]: 0,040; Kallistuksenvakaajan l\u00e4pimitta [mm]: 18; VW: SHARAN 7M8, 7M9, 7M6; SEAT: ALHAMBRA 7V8, 7V9; FORD: GALAXY WGR; 7M0411031, 7200957, 95VW5484AB, 7M0411031, 7M0411031, 7M0411031; Kallistuksenvakaajan Kumit,Vakaajan Hela<\/p>\n","protected":false},"excerpt":{"rendered":"<p>MAXGEAR Kallistuksenvakaajan Puslat 72-1070 Kallistuksenvakaajan Kumit,Vakaajan Hela VW,SEAT,FORD,SHARAN 7M8, 7M9, 7M6,ALHAMBRA 7V8, 7V9,GALAXY WGR<\/p>\n","protected":false},"featured_media":0,"template":"","meta":{"site-sidebar-layout":"default","site-content-layout":"default","ast-global-header-display":"","ast-main-header-display":"","ast-hfb-above-header-display":"","ast-hfb-below-header-display":"","ast-hfb-mobile-header-display":"","site-post-title":"","ast-breadcrumbs-content":"","ast-featured-img":"","footer-sml-layout":"","theme-transparent-header-meta":"","adv-header-id-meta":"","stick-header-meta":"","header-above-stick-meta":"","header-main-stick-meta":"","header-below-stick-meta":""},"pwb-brand":[48],"product_cat":[82],"product_tag":[],"class_list":{"0":"post-20264","1":"product","2":"type-product","3":"status-publish","5":"pwb-brand-maxgear","6":"product_cat-kallistuksenvakaajan-puslat","7":"desktop-align-left","8":"tablet-align-left","9":"mobile-align-left","11":"first","12":"instock","13":"product-type-external"},"brands":[{"id":48,"name":"MAXGEAR","slug":"maxgear"}],"_links":{"self":[{"href":"https:\/\/www.autonvaraosahaku.fi\/index.php?rest_route=\/wp\/v2\/product\/20264","targetHints":{"allow":["GET"]}}],"collection":[{"href":"https:\/\/www.autonvaraosahaku.fi\/index.php?rest_route=\/wp\/v2\/product"}],"about":[{"href":"https:\/\/www.autonvaraosahaku.fi\/index.php?rest_route=\/wp\/v2\/types\/product"}],"wp:attachment":[{"href":"https:\/\/www.autonvaraosahaku.fi\/index.php?rest_route=%2Fwp%2Fv2%2Fmedia&parent=20264"}],"wp:term":[{"taxonomy":"pwb-brand","embeddable":true,"href":"https:\/\/www.autonvaraosahaku.fi\/index.php?rest_route=%2Fwp%2Fv2%2Fpwb-brand&post=20264"},{"taxonomy":"product_cat","embeddable":true,"href":"https:\/\/www.autonvaraosahaku.fi\/index.php?rest_route=%2Fwp%2Fv2%2Fproduct_cat&post=20264"},{"taxonomy":"product_tag","embeddable":true,"href":"https:\/\/www.autonvaraosahaku.fi\/index.php?rest_route=%2Fwp%2Fv2%2Fproduct_tag&post=20264"}],"curies":[{"name":"wp","href":"https:\/\/api.w.org\/{rel}","templated":true}]}}