{"id":20268,"date":"2021-02-21T14:39:43","date_gmt":"2021-02-21T14:39:43","guid":{"rendered":"https:\/\/www.autonvaraosahaku.fi\/?product=meyle-714-135-0002-muut-luokat"},"modified":"2021-02-21T14:39:44","modified_gmt":"2021-02-21T14:39:44","slug":"meyle-714-135-0002-muut-luokat","status":"publish","type":"product","link":"https:\/\/www.autonvaraosahaku.fi\/?product=meyle-714-135-0002-muut-luokat","title":{"rendered":"MEYLE 714 135 0002 Muut luokat"},"content":{"rendered":"<p>Vaihteistomalli: DCT450, DCT470, MPS6 POWERSHIFT, SPS6 POWERSHIFT; Vaihteistomalli: Kaksoiskytkinvaihteisto 6-vaiht.; Valmistaja rajaus: GETRAG; M\u00e4\u00e4r\u00e4yksikk\u00f6: Sarja; lis\u00e4tieto: ORIGINAL Quality; Asennuspuoli: au\u00dfen getriebeseitig; VOLVO: V50 MW,XC60,V70 III BW,C30,V60,S40 II MS,C70 II Cabriolet,V40 Schr\u00e4gheck,S80 II AS,S60 II; FORD: FOCUS II Kombi DA_,MONDEO IV Turnier BA7,FOCUS II DA_,S-MAX WA6,FOCUS III Turnier,GALAXY WA6,KUGA I,C-MAX DM2,FOCUS III,C-MAX II,MONDEO IV BA7,KUGA II DM2,GRAND C-MAX,FOCUS II Stufenheck DA_,FOCUS II Cabriolet,FOCUS III Stufenheck,MONDEO IV Stufenheck BA7,GRAND C-MAX Van; MITSUBISHI: OUTLANDER XL II CW_W,LANCER SPORTBACK CX_A,LANCER Stufenheck CY\/Z_A; 1589089, 1848704, 7M5R6C631AD, 7M5R7G186AB, 7M5R7G186AC, AM7M5R7H103AA, 2513A040, 31256837, 31367964<\/p>\n","protected":false},"excerpt":{"rendered":"<p>MEYLE Tarvikesarja, \u00d6ljynvaihto-Automaattivaihteisto 714 135 0002  VOLVO,FORD,MITSUBISHI,V50 MW,XC60,V70 III BW,C30,V60,S40 II MS,C70 II Cabriolet<\/p>\n","protected":false},"featured_media":0,"template":"","meta":{"site-sidebar-layout":"default","site-content-layout":"default","ast-global-header-display":"","ast-main-header-display":"","ast-hfb-above-header-display":"","ast-hfb-below-header-display":"","ast-hfb-mobile-header-display":"","site-post-title":"","ast-breadcrumbs-content":"","ast-featured-img":"","footer-sml-layout":"","theme-transparent-header-meta":"","adv-header-id-meta":"","stick-header-meta":"","header-above-stick-meta":"","header-main-stick-meta":"","header-below-stick-meta":""},"pwb-brand":[84],"product_cat":[37],"product_tag":[],"class_list":{"0":"post-20268","1":"product","2":"type-product","3":"status-publish","5":"pwb-brand-meyle","6":"product_cat-muut-luokat","7":"desktop-align-left","8":"tablet-align-left","9":"mobile-align-left","11":"first","12":"instock","13":"product-type-external"},"brands":[{"id":84,"name":"MEYLE","slug":"meyle"}],"_links":{"self":[{"href":"https:\/\/www.autonvaraosahaku.fi\/index.php?rest_route=\/wp\/v2\/product\/20268","targetHints":{"allow":["GET"]}}],"collection":[{"href":"https:\/\/www.autonvaraosahaku.fi\/index.php?rest_route=\/wp\/v2\/product"}],"about":[{"href":"https:\/\/www.autonvaraosahaku.fi\/index.php?rest_route=\/wp\/v2\/types\/product"}],"wp:attachment":[{"href":"https:\/\/www.autonvaraosahaku.fi\/index.php?rest_route=%2Fwp%2Fv2%2Fmedia&parent=20268"}],"wp:term":[{"taxonomy":"pwb-brand","embeddable":true,"href":"https:\/\/www.autonvaraosahaku.fi\/index.php?rest_route=%2Fwp%2Fv2%2Fpwb-brand&post=20268"},{"taxonomy":"product_cat","embeddable":true,"href":"https:\/\/www.autonvaraosahaku.fi\/index.php?rest_route=%2Fwp%2Fv2%2Fproduct_cat&post=20268"},{"taxonomy":"product_tag","embeddable":true,"href":"https:\/\/www.autonvaraosahaku.fi\/index.php?rest_route=%2Fwp%2Fv2%2Fproduct_tag&post=20268"}],"curies":[{"name":"wp","href":"https:\/\/api.w.org\/{rel}","templated":true}]}}