{"id":20277,"date":"2021-02-21T14:39:43","date_gmt":"2021-02-21T14:39:43","guid":{"rendered":"https:\/\/www.autonvaraosahaku.fi\/?product=master-sport-6875-set-ms-pyoranlaakerit"},"modified":"2021-02-21T14:39:45","modified_gmt":"2021-02-21T14:39:45","slug":"master-sport-6875-set-ms-pyoranlaakerit","status":"publish","type":"product","link":"https:\/\/www.autonvaraosahaku.fi\/?product=master-sport-6875-set-ms-pyoranlaakerit","title":{"rendered":"MASTER-SPORT 6875-SET-MS Py\u00f6r\u00e4nlaakerit"},"content":{"rendered":"<p>Vanne, aukkoja: 5; Laippa \u00d8(mm): 138,9; Nettopaino [kg]: 3,41; Bruttopaino [kg]: 3,61; Asennuspuoli: Vorderachse; TOYOTA: AURIS NRE15_, ZZE15_, ADE15_, ZRE15_, NDE15_,RAV 4 III ACA3_, ACE_, ALA3_, GSA3_, ZSA3_,AVENSIS Station Wagon ZRT27, ADT27,VERSO _AUR2_, _ZGR2_,AURIS NZE18_, ZRE18_,AURIS TOURING SPORTS ADE18_, ZWE18_, ZRE18_,AVENSIS Stufenheck ZRT27, ADT27,RAV 4 IV ZSA4_, ALA4_,COROLLA Stufenheck E15_; 4355002020, 4355002040, 4355002080, 4355042020; Py\u00f6r\u00e4nlaakerisarja<\/p>\n","protected":false},"excerpt":{"rendered":"<p>MASTER-SPORT Py\u00f6r\u00e4nlaakerit 6875-SET-MS Py\u00f6r\u00e4nlaakerisarja TOYOTA,AURIS NRE15_, ZZE15_, ADE15_, ZRE15_, NDE15_<\/p>\n","protected":false},"featured_media":0,"template":"","meta":{"site-sidebar-layout":"default","site-content-layout":"default","ast-global-header-display":"","ast-main-header-display":"","ast-hfb-above-header-display":"","ast-hfb-below-header-display":"","ast-hfb-mobile-header-display":"","site-post-title":"","ast-breadcrumbs-content":"","ast-featured-img":"","footer-sml-layout":"","theme-transparent-header-meta":"","adv-header-id-meta":"","stick-header-meta":"","header-above-stick-meta":"","header-main-stick-meta":"","header-below-stick-meta":""},"pwb-brand":[61],"product_cat":[83],"product_tag":[],"class_list":{"0":"post-20277","1":"product","2":"type-product","3":"status-publish","5":"pwb-brand-master-sport","6":"product_cat-pyoranlaakerit","7":"desktop-align-left","8":"tablet-align-left","9":"mobile-align-left","11":"first","12":"instock","13":"product-type-external"},"brands":[{"id":61,"name":"MASTER-SPORT","slug":"master-sport"}],"_links":{"self":[{"href":"https:\/\/www.autonvaraosahaku.fi\/index.php?rest_route=\/wp\/v2\/product\/20277","targetHints":{"allow":["GET"]}}],"collection":[{"href":"https:\/\/www.autonvaraosahaku.fi\/index.php?rest_route=\/wp\/v2\/product"}],"about":[{"href":"https:\/\/www.autonvaraosahaku.fi\/index.php?rest_route=\/wp\/v2\/types\/product"}],"wp:attachment":[{"href":"https:\/\/www.autonvaraosahaku.fi\/index.php?rest_route=%2Fwp%2Fv2%2Fmedia&parent=20277"}],"wp:term":[{"taxonomy":"pwb-brand","embeddable":true,"href":"https:\/\/www.autonvaraosahaku.fi\/index.php?rest_route=%2Fwp%2Fv2%2Fpwb-brand&post=20277"},{"taxonomy":"product_cat","embeddable":true,"href":"https:\/\/www.autonvaraosahaku.fi\/index.php?rest_route=%2Fwp%2Fv2%2Fproduct_cat&post=20277"},{"taxonomy":"product_tag","embeddable":true,"href":"https:\/\/www.autonvaraosahaku.fi\/index.php?rest_route=%2Fwp%2Fv2%2Fproduct_tag&post=20277"}],"curies":[{"name":"wp","href":"https:\/\/api.w.org\/{rel}","templated":true}]}}