{"id":20294,"date":"2021-02-21T14:39:47","date_gmt":"2021-02-21T14:39:47","guid":{"rendered":"https:\/\/www.autonvaraosahaku.fi\/?product=ridex-51t0216-raidetangon-sisapaa"},"modified":"2021-02-21T14:39:49","modified_gmt":"2021-02-21T14:39:49","slug":"ridex-51t0216-raidetangon-sisapaa","status":"publish","type":"product","link":"https:\/\/www.autonvaraosahaku.fi\/?product=ridex-51t0216-raidetangon-sisapaa","title":{"rendered":"RIDEX 51T0216 Raidetangon sis\u00e4p\u00e4\u00e4"},"content":{"rendered":"<p>Asennuspuoli: etuakseli molemminpuoleinen; Kokonaispituus (mm): 330,0; Ulkokierre [mm]: M14x1,5; Tarvittava kappalem\u00e4\u00e4r\u00e4: 2,0; VW: POLO 6R, 6C,POLO Stufenheck; AUDI: A2 8Z0,A1 8X1, 8XF,A1 Sportback 8XA, 8XK; SKODA: RAPID Spaceback NH1,RAPID NH3; SEAT: IBIZA V 6J5, 6P5,IBIZA V ST 6J8, 6P8,IBIZA V SPORTCOUPE 6J1, 6P1,TOLEDO IV KG3; 6R0423803C, 6R0423803D, 6R0423803DSK, 6R0423804B, 6R0423804C, 6R0423804DSK, 8Z0423803F, 8Z0423804F, 8Z0423810C, 8Z0423810F, 6R0423803, 6R0423803C, 6R0423803D, 6R0423804C, 6R0423803, 6R0423803, 6R0423803C, 6R0423803CSK, 6R0423803D, 6R0423803DSK, 6R0423804B, 6R0423804C, 6R0423804CSK, 6R0423804D, 6R0423804DSK, 6R0423810C, 6R0423810D; Raidetangon P\u00e4\u00e4 Sisempi,Raidetangon P\u00e4\u00e4, Suora<\/p>\n","protected":false},"excerpt":{"rendered":"<p>RIDEX Raidetangon Sis\u00e4p\u00e4\u00e4 51T0216 Raidetangon P\u00e4\u00e4 Sisempi,Raidetangon P\u00e4\u00e4, Suora VW,AUDI,SKODA,POLO 6R, 6C,POLO Stufenheck,A2 8Z0,A1 8X1, 8XF<\/p>\n","protected":false},"featured_media":0,"template":"","meta":{"site-sidebar-layout":"default","site-content-layout":"default","ast-global-header-display":"","ast-main-header-display":"","ast-hfb-above-header-display":"","ast-hfb-below-header-display":"","ast-hfb-mobile-header-display":"","site-post-title":"","ast-breadcrumbs-content":"","ast-featured-img":"","footer-sml-layout":"","theme-transparent-header-meta":"","adv-header-id-meta":"","stick-header-meta":"","header-above-stick-meta":"","header-main-stick-meta":"","header-below-stick-meta":""},"pwb-brand":[157],"product_cat":[208],"product_tag":[],"class_list":{"0":"post-20294","1":"product","2":"type-product","3":"status-publish","5":"pwb-brand-ridex","6":"product_cat-raidetangon-sisapaa","7":"desktop-align-left","8":"tablet-align-left","9":"mobile-align-left","11":"first","12":"instock","13":"product-type-external"},"brands":[{"id":157,"name":"RIDEX","slug":"ridex"}],"_links":{"self":[{"href":"https:\/\/www.autonvaraosahaku.fi\/index.php?rest_route=\/wp\/v2\/product\/20294","targetHints":{"allow":["GET"]}}],"collection":[{"href":"https:\/\/www.autonvaraosahaku.fi\/index.php?rest_route=\/wp\/v2\/product"}],"about":[{"href":"https:\/\/www.autonvaraosahaku.fi\/index.php?rest_route=\/wp\/v2\/types\/product"}],"wp:attachment":[{"href":"https:\/\/www.autonvaraosahaku.fi\/index.php?rest_route=%2Fwp%2Fv2%2Fmedia&parent=20294"}],"wp:term":[{"taxonomy":"pwb-brand","embeddable":true,"href":"https:\/\/www.autonvaraosahaku.fi\/index.php?rest_route=%2Fwp%2Fv2%2Fpwb-brand&post=20294"},{"taxonomy":"product_cat","embeddable":true,"href":"https:\/\/www.autonvaraosahaku.fi\/index.php?rest_route=%2Fwp%2Fv2%2Fproduct_cat&post=20294"},{"taxonomy":"product_tag","embeddable":true,"href":"https:\/\/www.autonvaraosahaku.fi\/index.php?rest_route=%2Fwp%2Fv2%2Fproduct_tag&post=20294"}],"curies":[{"name":"wp","href":"https:\/\/api.w.org\/{rel}","templated":true}]}}