{"id":20300,"date":"2021-02-21T14:39:51","date_gmt":"2021-02-21T14:39:51","guid":{"rendered":"https:\/\/www.autonvaraosahaku.fi\/?product=triscan-8500-105012-alatukivarsi"},"modified":"2021-02-21T14:39:51","modified_gmt":"2021-02-21T14:39:51","slug":"triscan-8500-105012-alatukivarsi","status":"publish","type":"product","link":"https:\/\/www.autonvaraosahaku.fi\/?product=triscan-8500-105012-alatukivarsi","title":{"rendered":"TRISCAN 8500 105012 Alatukivarsi"},"content":{"rendered":"<p>Ohjausmalli: Viistotukivarsi; Korvaava tuote\/korvaava tiedote 2: Kumilaakerilla; Tarvittava kappalem\u00e4\u00e4r\u00e4: 1; Rakennemalli: Wagon R; OPEL: AGILA A H00; SUZUKI: WAGON R+ MM,IGNIS II,ALTO HA24,WAGON R+ EM,WAGON R; SUBARU: JUSTY III G3X; DAEWOO: MATIZ KLYA; VAUXHALL: AGILA Mk I A; 4620050A01, 96318362, 4706814, 9212686, 9213817, 4620084G00000, 4620283E00, 4620283E00000, 4620283E01, 4620283E01000, 4620283E20, 4620283E20000, 4620284E00, 4620284E10, 4620284E10000, 4620284G00, 4620286G00, 4620286G00000; Tukivarsi,Tukivarsi, Py\u00f6r\u00e4ntuenta<\/p>\n","protected":false},"excerpt":{"rendered":"<p>TRISCAN Alatukivarsi 8500 105012 Tukivarsi,Tukivarsi, Py\u00f6r\u00e4ntuenta OPEL,SUZUKI,SUBARU,AGILA A H00,WAGON R+ MM,IGNIS II,ALTO HA24,WAGON R+ EM,WAGON R<\/p>\n","protected":false},"featured_media":0,"template":"","meta":{"site-sidebar-layout":"default","site-content-layout":"default","ast-global-header-display":"","ast-main-header-display":"","ast-hfb-above-header-display":"","ast-hfb-below-header-display":"","ast-hfb-mobile-header-display":"","site-post-title":"","ast-breadcrumbs-content":"","ast-featured-img":"","footer-sml-layout":"","theme-transparent-header-meta":"","adv-header-id-meta":"","stick-header-meta":"","header-above-stick-meta":"","header-main-stick-meta":"","header-below-stick-meta":""},"pwb-brand":[337],"product_cat":[62],"product_tag":[],"class_list":{"0":"post-20300","1":"product","2":"type-product","3":"status-publish","5":"pwb-brand-triscan","6":"product_cat-alatukivarsi","7":"desktop-align-left","8":"tablet-align-left","9":"mobile-align-left","11":"first","12":"instock","13":"product-type-external"},"brands":[{"id":337,"name":"TRISCAN","slug":"triscan"}],"_links":{"self":[{"href":"https:\/\/www.autonvaraosahaku.fi\/index.php?rest_route=\/wp\/v2\/product\/20300","targetHints":{"allow":["GET"]}}],"collection":[{"href":"https:\/\/www.autonvaraosahaku.fi\/index.php?rest_route=\/wp\/v2\/product"}],"about":[{"href":"https:\/\/www.autonvaraosahaku.fi\/index.php?rest_route=\/wp\/v2\/types\/product"}],"wp:attachment":[{"href":"https:\/\/www.autonvaraosahaku.fi\/index.php?rest_route=%2Fwp%2Fv2%2Fmedia&parent=20300"}],"wp:term":[{"taxonomy":"pwb-brand","embeddable":true,"href":"https:\/\/www.autonvaraosahaku.fi\/index.php?rest_route=%2Fwp%2Fv2%2Fpwb-brand&post=20300"},{"taxonomy":"product_cat","embeddable":true,"href":"https:\/\/www.autonvaraosahaku.fi\/index.php?rest_route=%2Fwp%2Fv2%2Fproduct_cat&post=20300"},{"taxonomy":"product_tag","embeddable":true,"href":"https:\/\/www.autonvaraosahaku.fi\/index.php?rest_route=%2Fwp%2Fv2%2Fproduct_tag&post=20300"}],"curies":[{"name":"wp","href":"https:\/\/api.w.org\/{rel}","templated":true}]}}